{"id":13,"date":"2023-09-17T14:11:52","date_gmt":"2023-09-17T12:11:52","guid":{"rendered":"http:\/\/localhost\/safer\/my-account\/"},"modified":"2023-09-17T14:11:52","modified_gmt":"2023-09-17T12:11:52","slug":"my-account","status":"publish","type":"page","link":"https:\/\/www.safer-security.net\/?page_id=13","title":{"rendered":"My account"},"content":{"rendered":"<div class=\"woocommerce\">\n\n<div class=\"woocommerce-notices-wrapper\"><\/div>\n<div class=\"col2-set\" id=\"customer_login\">\n\t<div class=\"row\">\n\t<div class=\"col-lg-6 col-md-6 col-sm-12 col-xs-12\">\n\n\n\t\t<h2>Login<\/h2>\n\n\t\t<form method=\"post\" class=\"woocommerce-form woocommerce-form-login login\">\n\n\t\t\t\n\t\t\t<p class=\"form-row form-row-wide\">\n\t\t\t\t<label for=\"username\">Username ou adresse email &nbsp;<span class=\"required\">*<\/span><\/label>\n\t\t\t\t<input type=\"text\" class=\"input-text\" name=\"username\" id=\"username\" value=\"\" \/>\n\t\t\t<\/p>\n\t\t\t<p class=\"form-row form-row-wide\">\n\t\t\t\t<label for=\"password\">Password &nbsp;<span class=\"required\">*<\/span><\/label>\n\t\t\t\t<input class=\"input-text\" type=\"password\" name=\"password\" id=\"password\" value=\"\" \/>\n\t\t\t<\/p>\n\n\t\t\t\t\t\t<p class=\"form-row\">\n\t\t\t\t<label for=\"rememberme\" class=\"inline\">\n\t\t\t\t\t<input name=\"rememberme\" type=\"checkbox\" id=\"rememberme\" value=\"forever\" \/> Remember me\t\t\t\t<\/label>\n\t\t\t<\/p>\n\t\t\t<p class=\"form-row\">\n\t\t\t\t<input type=\"hidden\" id=\"woocommerce-login-nonce\" name=\"woocommerce-login-nonce\" value=\"8d21589d17\" \/><input type=\"hidden\" name=\"_wp_http_referer\" value=\"\/index.php?rest_route=%2Fwp%2Fv2%2Fpages%2F13\" \/>\t\t\t\t<input type=\"submit\" class=\"button\" name=\"login\" value=\"Login\" \/> \n\t\t\t<\/p>\n\t\t\t<p class=\"lost_password\">\n\t\t\t\t<a href=\"https:\/\/www.safer-security.net\/?page_id=13&#038;lost-password\">Lost your password?<\/a>\n\t\t\t<\/p>\n\n\t\t\t\n\t\t<\/form>\n\n\n\t<\/div>\n\n\t<div class=\"col-lg-6 col-md-6 col-sm-12 col-xs-12\">\n\n\t\t<h2>Register<\/h2>\n\n\t\t<form method=\"post\" class=\"woocommerce-form woocommerce-form-register register\">\n\n\t\t\t\n\t\t\t\n\t\t\t<p class=\"form-row form-row-wide\">\n\t\t\t\t<label for=\"reg_email\">Email address &nbsp;<span class=\"required\">*<\/span><\/label>\n\t\t\t\t<input type=\"email\" class=\"input-text\" name=\"email\" id=\"reg_email\" value=\"\" \/>\n\t\t\t<\/p>\n\n\t\t\t\t\t\t\n\t\t\t<wc-order-attribution-inputs><\/wc-order-attribution-inputs><div class=\"woocommerce-privacy-policy-text\"><p>Vos donn\u00e9es personnelles seront utilis\u00e9es pour am\u00e9liorer votre exp\u00e9rience sur ce site Web, pour g\u00e9rer l'acc\u00e8s \u00e0 votre compte et \u00e0 d'autres fins d\u00e9crites dans notre <a href=\"https:\/\/www.safer-security.net\/?page_id=3\" class=\"woocommerce-privacy-policy-link\" target=\"_blank\">privacy policy<\/a>.<\/p>\n<\/div>\t\t\t\n\t\t\t<p class=\"form-row\">\n\t\t\t\t<input type=\"hidden\" id=\"woocommerce-register-nonce\" name=\"woocommerce-register-nonce\" value=\"b81da42926\" \/><input type=\"hidden\" name=\"_wp_http_referer\" value=\"\/index.php?rest_route=%2Fwp%2Fv2%2Fpages%2F13\" \/>\t\t\t\t<button type=\"submit\" class=\"woocommerce-Button button\" name=\"register\" value=\"Register\">Register<\/button>\n\t\t\t<\/p>\n\n\t\t\t\n\t\t<\/form>\n\t<\/div>\n\t<\/div>\n<\/div>\n\n<\/div>","protected":false},"excerpt":{"rendered":"","protected":false},"author":1,"featured_media":0,"parent":0,"menu_order":0,"comment_status":"closed","ping_status":"closed","template":"","meta":{"footnotes":""},"class_list":["post-13","page","type-page","status-publish","hentry"],"rttpg_featured_image_url":null,"rttpg_author":{"display_name":"Safer","author_link":"https:\/\/www.safer-security.net\/?author=1"},"rttpg_comment":0,"rttpg_category":null,"rttpg_excerpt":null,"_links":{"self":[{"href":"https:\/\/www.safer-security.net\/index.php?rest_route=\/wp\/v2\/pages\/13","targetHints":{"allow":["GET"]}}],"collection":[{"href":"https:\/\/www.safer-security.net\/index.php?rest_route=\/wp\/v2\/pages"}],"about":[{"href":"https:\/\/www.safer-security.net\/index.php?rest_route=\/wp\/v2\/types\/page"}],"author":[{"embeddable":true,"href":"https:\/\/www.safer-security.net\/index.php?rest_route=\/wp\/v2\/users\/1"}],"replies":[{"embeddable":true,"href":"https:\/\/www.safer-security.net\/index.php?rest_route=%2Fwp%2Fv2%2Fcomments&post=13"}],"version-history":[{"count":0,"href":"https:\/\/www.safer-security.net\/index.php?rest_route=\/wp\/v2\/pages\/13\/revisions"}],"wp:attachment":[{"href":"https:\/\/www.safer-security.net\/index.php?rest_route=%2Fwp%2Fv2%2Fmedia&parent=13"}],"curies":[{"name":"wp","href":"https:\/\/api.w.org\/{rel}","templated":true}]}}