{"id":13467,"date":"2023-09-20T00:50:21","date_gmt":"2023-09-19T22:50:21","guid":{"rendered":"http:\/\/localhost\/safer\/?post_type=product&#038;p=13467"},"modified":"2025-09-10T12:49:55","modified_gmt":"2025-09-10T10:49:55","slug":"alarme-maison-sans-fil-starterkit-ajax","status":"publish","type":"product","link":"https:\/\/www.safer-security.net\/?product=alarme-maison-sans-fil-starterkit-ajax","title":{"rendered":"AJAX | KIT ALARME ANTI-INTRUSION PROFESSIONNELLE DEGR\u00c9"},"content":{"rendered":"<p>(\u00a0<a href=\"https:\/\/ajax.systems\/fr\/\">AJAX HUB<\/a>, CONTACT,D\u00c9TECTEUR IR , T\u00c9L\u00c9COMMANDE , Sir\u00e8ne externe)<\/p>\n<p>KIT Alarme Sans Fil Ajax COMPOSE DE AJAX HUB, CONTACT,D\u00c9TECTEUR IR , TELECOMMANDE et sir\u00e8ne externe<\/p>\n<p>Un champ de couverture qui d\u00e9passe 1 km<\/p>\n<p>&nbsp;<\/p>\n<h3>Le Alarme Sans Fil Ajax Contient :<\/h3>\n<p><span dir=\"ltr\">Kit<\/span><span dir=\"ltr\">\u00a0Alarme Sans Fil Ajax\u00a0\u00a0<\/span><span dir=\"ltr\">AJ-HUBKIT-W :\u00a0\u00a0<\/span><span dir=\"ltr\">Kit d&rsquo;alarme professionnelle\u00a0<\/span><span dir=\"ltr\">Degr\u00e9 recommand\u00e9 2<\/span><span dir=\"ltr\">Communication Ethernet et GPRS\u00a0<\/span><span dir=\"ltr\">Sans fil 868 MHz Jeweller\u00a0<\/span><span dir=\"ltr\">Jusqu&rsquo;\u00e0 100 entr\u00e9es sans fil\u00a0<\/span><span dir=\"ltr\">Application mobile et logiciel PC<\/span><\/p>\n<ul>\n<li><strong><span dir=\"ltr\">Sir\u00e8ne Externe\u00a0<\/span><\/strong><span dir=\"ltr\"><strong>AJ-HOMESIREN-W<\/strong>\u00a0:\u00a0<\/span><span dir=\"ltr\">Sir\u00e8ne pour int\u00e9rieure\u00a0<\/span><span dir=\"ltr\">Sans fil 868 MHz Jeweller\u00a0<\/span><span dir=\"ltr\">Certificat de grade 2<\/span><span dir=\"ltr\">Puissance sonore maximale 105 dB<\/span><span dir=\"ltr\">Voyant LED \/ Son r\u00e9glable\u00a0<\/span><span dir=\"ltr\">Alimentation 2 piles CR123A 3.0 V<\/span><\/li>\n<li><strong><span dir=\"ltr\">Contact Magn\u00e9tique\u00a0<\/span><span dir=\"ltr\">AJ-DOORPROTECT-W<\/span><\/strong><span dir=\"ltr\">\u00a0:<\/span><span dir=\"ltr\">Contact magn\u00e9tique porte\/fen\u00eatre\u00a0<\/span><span dir=\"ltr\">Sans fil 868 MHz Jeweller\u00a0<\/span><span dir=\"ltr\">Certificat de grade 2<\/span><span dir=\"ltr\">Indicateur LED et antenne interne<\/span><span dir=\"ltr\">1 entr\u00e9e c\u00e2bl\u00e9e \/ 1 Tamper\u00a0<\/span><span dir=\"ltr\">Alimentation 1 pile CR123A 3.0 V<\/span><\/li>\n<li><strong><span dir=\"ltr\">T\u00e9l\u00e9commande\u00a0<\/span><span dir=\"ltr\">AJ-SPACECONTROL-W<\/span><\/strong><span dir=\"ltr\">\u00a0:\u00a0<\/span><span dir=\"ltr\">T\u00e9l\u00e9commande\u00a0<\/span><span dir=\"ltr\">Bidirectionnel\u00a0<\/span><span dir=\"ltr\">Certificat de grade 2<\/span><span dir=\"ltr\">Sans fil 868 MHz Jeweller\u00a0<\/span><span dir=\"ltr\">Arm\u00e9, d\u00e9sarm\u00e9, arm\u00e9 partiel et panique\u00a0<\/span><span dir=\"ltr\">Alimentation 1 pile CR2032 3.0<\/span><\/li>\n<li><strong><span dir=\"ltr\">D\u00e9tecteur Infrarouge<\/span><a href=\"https:\/\/loop.tn\/detecteur-de-mouvement-sans-fils-ajax\/\"><span dir=\"ltr\">\u00a0<\/span><\/a><span dir=\"ltr\">AJ-MOTIONPROTECT-W\u00a0<\/span><\/strong><span dir=\"ltr\">\u00a0:\u00a0<\/span><span dir=\"ltr\">D\u00e9tecteur PIR\u00a0<\/span><span dir=\"ltr\">Anti-animaux\u00a0<\/span><span dir=\"ltr\">Certificat de grade 2<\/span><span dir=\"ltr\">PIR Infrarouges bidirectionnel\u00a0<\/span><span dir=\"ltr\">Sans fil 868 MHz Jeweller\u00a0<\/span><span dir=\"ltr\">Rang de d\u00e9tection 12<\/span><\/li>\n<\/ul>\n","protected":false},"excerpt":{"rendered":"<p><strong>KIT Alarme Sans Fil Ajax COMPOSE DE AJAX HUB, CONTACT,D\u00c9TECTEUR IR , T\u00c9L\u00c9COMMANDE et sir\u00e8ne externe<\/strong>\u00a0Couleurs: Blanc \/ Noir Taille: 162,7\u00d7162,7\u00d735,9 mm Poids: 330 g Puissance: 110-250 V CA Puissance du signal radio: 25 mW Plage de temp\u00e9rature de fonctionnement: de 0 \u00b0 C \u00e0 50 \u00b0 C ( 122 \u00b0 F) Connexion: GSM (850\/900\/1800\/1900 MHz), Ethernet, Wi-Fi (2,4 GHz)<\/p>\n","protected":false},"featured_media":13469,"comment_status":"open","ping_status":"closed","template":"","meta":[],"product_cat":[237,238],"product_tag":[267],"class_list":{"0":"post-13467","1":"product","2":"type-product","3":"status-publish","4":"has-post-thumbnail","6":"product_cat-alarme","7":"product_cat-securite-surveillance","8":"product_tag-kit","9":"product_brand-ajax","11":"first","12":"instock","13":"taxable","14":"shipping-taxable","15":"product-type-simple"},"_links":{"self":[{"href":"https:\/\/www.safer-security.net\/index.php?rest_route=\/wp\/v2\/product\/13467","targetHints":{"allow":["GET"]}}],"collection":[{"href":"https:\/\/www.safer-security.net\/index.php?rest_route=\/wp\/v2\/product"}],"about":[{"href":"https:\/\/www.safer-security.net\/index.php?rest_route=\/wp\/v2\/types\/product"}],"replies":[{"embeddable":true,"href":"https:\/\/www.safer-security.net\/index.php?rest_route=%2Fwp%2Fv2%2Fcomments&post=13467"}],"version-history":[{"count":2,"href":"https:\/\/www.safer-security.net\/index.php?rest_route=\/wp\/v2\/product\/13467\/revisions"}],"predecessor-version":[{"id":14395,"href":"https:\/\/www.safer-security.net\/index.php?rest_route=\/wp\/v2\/product\/13467\/revisions\/14395"}],"wp:featuredmedia":[{"embeddable":true,"href":"https:\/\/www.safer-security.net\/index.php?rest_route=\/wp\/v2\/media\/13469"}],"wp:attachment":[{"href":"https:\/\/www.safer-security.net\/index.php?rest_route=%2Fwp%2Fv2%2Fmedia&parent=13467"}],"wp:term":[{"taxonomy":"product_cat","embeddable":true,"href":"https:\/\/www.safer-security.net\/index.php?rest_route=%2Fwp%2Fv2%2Fproduct_cat&post=13467"},{"taxonomy":"product_tag","embeddable":true,"href":"https:\/\/www.safer-security.net\/index.php?rest_route=%2Fwp%2Fv2%2Fproduct_tag&post=13467"}],"curies":[{"name":"wp","href":"https:\/\/api.w.org\/{rel}","templated":true}]}}