{"id":13895,"date":"2023-10-02T15:46:29","date_gmt":"2023-10-02T13:46:29","guid":{"rendered":"http:\/\/localhost\/safer\/?post_type=product&#038;p=13895"},"modified":"2023-12-08T17:31:13","modified_gmt":"2023-12-08T16:31:13","slug":"zkteco-pointeuse-biometrique-k14","status":"publish","type":"product","link":"https:\/\/www.safer-security.net\/?product=zkteco-pointeuse-biometrique-k14","title":{"rendered":"ZKTECO | POINTEUSE BIOMETRIQUE K14"},"content":{"rendered":"","protected":false},"excerpt":{"rendered":"<ul>\n<li>\u00c9cran TFT 2,8 pouces<\/li>\n<li>Capacit\u00e9 d\u2019<strong>empreinte<\/strong>\u00a0500<\/li>\n<li>Capacit\u00e9 de la\u00a0<strong>carte ID<\/strong>\u00a0500 (standard)<\/li>\n<li>Capacit\u00e9 d\u2019\u00e9v\u00e9nement 50 000<\/li>\n<li>Communication TCP \/ IP, h\u00f4te USB<\/li>\n<li>Fonctions standard sonnette programm\u00e9e, SMS, Code de travail, Heure d\u2019\u00e9t\u00e9, Compte-rendu SSR, Recherche en libre-service, Modification automatique du statut, Entr\u00e9e d\u2019identification T9 \u00e0 9 chiffres, Carte d\u2019identit\u00e9<\/li>\n<li>Alimentation 5V DC 2A<\/li>\n<li>Temp\u00e9rature de fonctionnement 0 \u00b0 C \u00e0 45 \u00b0 C<\/li>\n<li>Humidit\u00e9 de fonctionnement 20% \u2013 80%<\/li>\n<li>Dimensions 185 x 140 x 30 mm<\/li>\n<\/ul>\n","protected":false},"featured_media":13896,"comment_status":"open","ping_status":"closed","template":"","meta":[],"product_cat":[241,238],"product_tag":[279],"class_list":{"0":"post-13895","1":"product","2":"type-product","3":"status-publish","4":"has-post-thumbnail","6":"product_cat-controle-dacces","7":"product_cat-securite-surveillance","8":"product_tag-pointeuse","9":"product_brand-zkteco","11":"first","12":"instock","13":"taxable","14":"shipping-taxable","15":"product-type-simple"},"_links":{"self":[{"href":"https:\/\/www.safer-security.net\/index.php?rest_route=\/wp\/v2\/product\/13895","targetHints":{"allow":["GET"]}}],"collection":[{"href":"https:\/\/www.safer-security.net\/index.php?rest_route=\/wp\/v2\/product"}],"about":[{"href":"https:\/\/www.safer-security.net\/index.php?rest_route=\/wp\/v2\/types\/product"}],"replies":[{"embeddable":true,"href":"https:\/\/www.safer-security.net\/index.php?rest_route=%2Fwp%2Fv2%2Fcomments&post=13895"}],"version-history":[{"count":3,"href":"https:\/\/www.safer-security.net\/index.php?rest_route=\/wp\/v2\/product\/13895\/revisions"}],"predecessor-version":[{"id":14393,"href":"https:\/\/www.safer-security.net\/index.php?rest_route=\/wp\/v2\/product\/13895\/revisions\/14393"}],"wp:featuredmedia":[{"embeddable":true,"href":"https:\/\/www.safer-security.net\/index.php?rest_route=\/wp\/v2\/media\/13896"}],"wp:attachment":[{"href":"https:\/\/www.safer-security.net\/index.php?rest_route=%2Fwp%2Fv2%2Fmedia&parent=13895"}],"wp:term":[{"taxonomy":"product_cat","embeddable":true,"href":"https:\/\/www.safer-security.net\/index.php?rest_route=%2Fwp%2Fv2%2Fproduct_cat&post=13895"},{"taxonomy":"product_tag","embeddable":true,"href":"https:\/\/www.safer-security.net\/index.php?rest_route=%2Fwp%2Fv2%2Fproduct_tag&post=13895"}],"curies":[{"name":"wp","href":"https:\/\/api.w.org\/{rel}","templated":true}]}}