{"id":13903,"date":"2023-10-02T16:01:39","date_gmt":"2023-10-02T14:01:39","guid":{"rendered":"http:\/\/localhost\/safer\/?post_type=product&#038;p=13903"},"modified":"2025-05-29T10:09:52","modified_gmt":"2025-05-29T08:09:52","slug":"zkteco-terminal-de-controle-dacces-faciale","status":"publish","type":"product","link":"https:\/\/www.safer-security.net\/?product=zkteco-terminal-de-controle-dacces-faciale","title":{"rendered":"ZKTECO | TERMINAL DE CONTROLE D&rsquo;ACCES FACIALE"},"content":{"rendered":"","protected":false},"excerpt":{"rendered":"<p>\u2714\u00a0Reconnaissance faciale avec la technologie Visible Light<br \/>\n\u2714\u00a0Algorithme anti-usurpation contre les attaques d\u2019impression (laser, couleur et noir et blanc) attaque vid\u00e9o et attaque de masque 3D<br \/>\n\u2714\u00a0Plusieurs m\u00e9thodes de v\u00e9rification: visage\/paume\/carte\/mot de passe<br \/>\n\u2714Modules de carte disponibles: carte d\u2019identification 125 kHz (EM)<br \/>\nCarte IC 13,56 MHz (MF)<br \/>\n\u2714\u00a0\u00c9clairage compl\u00e9mentaire avec luminosit\u00e9 r\u00e9glable<br \/>\n\u2714Capacit\u00e9 de 800 mod\u00e8les de visage, 800 mod\u00e8les de paume<\/p>\n","protected":false},"featured_media":13904,"comment_status":"open","ping_status":"closed","template":"","meta":[],"product_cat":[241,238],"product_tag":[280],"class_list":{"0":"post-13903","1":"product","2":"type-product","3":"status-publish","4":"has-post-thumbnail","6":"product_cat-controle-dacces","7":"product_cat-securite-surveillance","8":"product_tag-controle-dacces","9":"product_brand-zkteco","11":"first","12":"instock","13":"taxable","14":"shipping-taxable","15":"product-type-simple"},"_links":{"self":[{"href":"https:\/\/www.safer-security.net\/index.php?rest_route=\/wp\/v2\/product\/13903","targetHints":{"allow":["GET"]}}],"collection":[{"href":"https:\/\/www.safer-security.net\/index.php?rest_route=\/wp\/v2\/product"}],"about":[{"href":"https:\/\/www.safer-security.net\/index.php?rest_route=\/wp\/v2\/types\/product"}],"replies":[{"embeddable":true,"href":"https:\/\/www.safer-security.net\/index.php?rest_route=%2Fwp%2Fv2%2Fcomments&post=13903"}],"version-history":[{"count":2,"href":"https:\/\/www.safer-security.net\/index.php?rest_route=\/wp\/v2\/product\/13903\/revisions"}],"predecessor-version":[{"id":13908,"href":"https:\/\/www.safer-security.net\/index.php?rest_route=\/wp\/v2\/product\/13903\/revisions\/13908"}],"wp:featuredmedia":[{"embeddable":true,"href":"https:\/\/www.safer-security.net\/index.php?rest_route=\/wp\/v2\/media\/13904"}],"wp:attachment":[{"href":"https:\/\/www.safer-security.net\/index.php?rest_route=%2Fwp%2Fv2%2Fmedia&parent=13903"}],"wp:term":[{"taxonomy":"product_cat","embeddable":true,"href":"https:\/\/www.safer-security.net\/index.php?rest_route=%2Fwp%2Fv2%2Fproduct_cat&post=13903"},{"taxonomy":"product_tag","embeddable":true,"href":"https:\/\/www.safer-security.net\/index.php?rest_route=%2Fwp%2Fv2%2Fproduct_tag&post=13903"}],"curies":[{"name":"wp","href":"https:\/\/api.w.org\/{rel}","templated":true}]}}