{"id":13949,"date":"2023-10-02T17:03:59","date_gmt":"2023-10-02T15:03:59","guid":{"rendered":"http:\/\/localhost\/safer\/?post_type=product&#038;p=13949"},"modified":"2023-12-08T16:20:04","modified_gmt":"2023-12-08T15:20:04","slug":"ajax-telecommande-sans-fils-4-boutons-bidirectionnelle","status":"publish","type":"product","link":"https:\/\/www.safer-security.net\/?product=ajax-telecommande-sans-fils-4-boutons-bidirectionnelle","title":{"rendered":"AJAX | TELECOMMANDE SANS FILS 4 BOUTONS BIDIRECTIONNELLE"},"content":{"rendered":"<table class=\"specs\" border=\"0\" cellspacing=\"0\" cellpadding=\"0\">\n<tbody>\n<tr class=\"table-data\" align=\"left\" valign=\"middle\">\n<td width=\"30%\" height=\"22\"><strong>Marque<\/strong><\/td>\n<td width=\"70%\" height=\"22\">Ajax<\/td>\n<\/tr>\n<tr class=\"table-data\" align=\"left\" valign=\"middle\">\n<td width=\"30%\" height=\"22\"><strong>Grade de s\u00e9curit\u00e9<\/strong><\/td>\n<td width=\"70%\" height=\"22\">Degr\u00e9 2<\/td>\n<\/tr>\n<tr class=\"table-data\" align=\"left\" valign=\"middle\">\n<td width=\"30%\" height=\"22\"><strong>Fontions<\/strong><\/td>\n<td width=\"70%\" height=\"22\">Arm\u00e9, d\u00e9sarm\u00e9, arm\u00e9 partiel et panique<\/td>\n<\/tr>\n<tr class=\"table-data\" align=\"left\" valign=\"middle\">\n<td width=\"30%\" height=\"22\"><strong>Fr\u00e9quence<\/strong><\/td>\n<td width=\"70%\" height=\"22\">868 MHz Jeweller<\/td>\n<\/tr>\n<tr class=\"table-data\" align=\"left\" valign=\"middle\">\n<td width=\"30%\" height=\"22\"><strong>Distance de transmission<\/strong><\/td>\n<td width=\"70%\" height=\"22\">\u2264 1300 m en espace ouvert<\/td>\n<\/tr>\n<tr class=\"table-data\" align=\"left\" valign=\"middle\">\n<td width=\"30%\" height=\"22\"><strong>Batterie<\/strong><\/td>\n<td width=\"70%\" height=\"22\">1 pile CR2032 3.0 V (dur\u00e9e moyenne 5 ann\u00e9es)<\/td>\n<\/tr>\n<tr class=\"table-data\" align=\"left\" valign=\"middle\">\n<td width=\"30%\" height=\"22\"><strong>Mat\u00e9riel de l&rsquo;enveloppe ext\u00e9rieure<\/strong><\/td>\n<td width=\"70%\" height=\"22\">Plastique ABS<\/td>\n<\/tr>\n<tr class=\"table-data\" align=\"left\" valign=\"middle\">\n<td width=\"30%\" height=\"22\"><strong>Temp. fonctionnement<\/strong><\/td>\n<td width=\"70%\" height=\"22\">-20\u00ba C ~ 50\u00ba C<\/td>\n<\/tr>\n<tr class=\"table-data\" align=\"left\" valign=\"middle\">\n<td width=\"30%\" height=\"22\"><strong>Dimensions<\/strong><\/td>\n<td width=\"70%\" height=\"22\">65 (H) x 37 (L) x 10 (Pr) mm<\/td>\n<\/tr>\n<\/tbody>\n<\/table>\n","protected":false},"excerpt":{"rendered":"<ul class=\"article_list\">\n<li>Ajax<\/li>\n<li>T\u00e9l\u00e9commande multifonction<\/li>\n<li>Bidirectionnel<\/li>\n<li>Certificat de grade 2<\/li>\n<li>Sans fil 868 MHz Jeweller<\/li>\n<li>Antenne interne espace libre 1300 m<\/li>\n<li>Fontions: Arm\u00e9, d\u00e9sarm\u00e9, arm\u00e9 partiel et d&rsquo;urgence (SOS)<\/li>\n<li>Alimentation 1 pile CR2032 3.0 V (dur\u00e9e estim\u00e9e 3 ans)<\/li>\n<li>Couleur blanche<\/li>\n<\/ul>\n","protected":false},"featured_media":13950,"comment_status":"open","ping_status":"closed","template":"","meta":[],"product_cat":[237,238],"product_tag":[271],"class_list":{"0":"post-13949","1":"product","2":"type-product","3":"status-publish","4":"has-post-thumbnail","6":"product_cat-alarme","7":"product_cat-securite-surveillance","8":"product_tag-telecommande","9":"product_brand-ajax","11":"first","12":"instock","13":"taxable","14":"shipping-taxable","15":"product-type-simple"},"_links":{"self":[{"href":"https:\/\/www.safer-security.net\/index.php?rest_route=\/wp\/v2\/product\/13949","targetHints":{"allow":["GET"]}}],"collection":[{"href":"https:\/\/www.safer-security.net\/index.php?rest_route=\/wp\/v2\/product"}],"about":[{"href":"https:\/\/www.safer-security.net\/index.php?rest_route=\/wp\/v2\/types\/product"}],"replies":[{"embeddable":true,"href":"https:\/\/www.safer-security.net\/index.php?rest_route=%2Fwp%2Fv2%2Fcomments&post=13949"}],"version-history":[{"count":1,"href":"https:\/\/www.safer-security.net\/index.php?rest_route=\/wp\/v2\/product\/13949\/revisions"}],"predecessor-version":[{"id":13953,"href":"https:\/\/www.safer-security.net\/index.php?rest_route=\/wp\/v2\/product\/13949\/revisions\/13953"}],"wp:featuredmedia":[{"embeddable":true,"href":"https:\/\/www.safer-security.net\/index.php?rest_route=\/wp\/v2\/media\/13950"}],"wp:attachment":[{"href":"https:\/\/www.safer-security.net\/index.php?rest_route=%2Fwp%2Fv2%2Fmedia&parent=13949"}],"wp:term":[{"taxonomy":"product_cat","embeddable":true,"href":"https:\/\/www.safer-security.net\/index.php?rest_route=%2Fwp%2Fv2%2Fproduct_cat&post=13949"},{"taxonomy":"product_tag","embeddable":true,"href":"https:\/\/www.safer-security.net\/index.php?rest_route=%2Fwp%2Fv2%2Fproduct_tag&post=13949"}],"curies":[{"name":"wp","href":"https:\/\/api.w.org\/{rel}","templated":true}]}}