{"id":13954,"date":"2023-10-02T17:08:42","date_gmt":"2023-10-02T15:08:42","guid":{"rendered":"http:\/\/localhost\/safer\/?post_type=product&#038;p=13954"},"modified":"2023-12-08T16:16:40","modified_gmt":"2023-12-08T15:16:40","slug":"ajax-detecteur-de-mouvement-infrarouge-sans-fils-bidirectional-anti-animaux","status":"publish","type":"product","link":"https:\/\/www.safer-security.net\/?product=ajax-detecteur-de-mouvement-infrarouge-sans-fils-bidirectional-anti-animaux","title":{"rendered":"AJAX | DETECTEUR DE MOUVEMENT INFRAROUGE SANS FILS BIDIRECTIONAL ANTI-ANIMAUX"},"content":{"rendered":"<table class=\"specs\" border=\"0\" cellspacing=\"0\" cellpadding=\"0\">\n<tbody>\n<tr class=\"table-data\" align=\"left\" valign=\"middle\">\n<td width=\"30%\" height=\"22\"><strong>Marque<\/strong><\/td>\n<td width=\"70%\" height=\"22\">Ajax<\/td>\n<\/tr>\n<tr class=\"table-data\" align=\"left\" valign=\"middle\">\n<td width=\"30%\" height=\"22\"><strong>Technologie<\/strong><\/td>\n<td width=\"70%\" height=\"22\">PIR volum\u00e9trique<\/td>\n<\/tr>\n<tr class=\"table-data\" align=\"left\" valign=\"middle\">\n<td width=\"30%\" height=\"22\"><strong>Grade de s\u00e9curit\u00e9<\/strong><\/td>\n<td width=\"70%\" height=\"22\">Degr\u00e9 2<\/td>\n<\/tr>\n<tr class=\"table-data\" align=\"left\" valign=\"middle\">\n<td width=\"30%\" height=\"22\"><strong>Objectif PIR<\/strong><\/td>\n<td width=\"70%\" height=\"22\">24 zones et 6 plans<\/td>\n<\/tr>\n<tr class=\"table-data\" align=\"left\" valign=\"middle\">\n<td width=\"30%\" height=\"22\"><strong>Champs de d\u00e9tection<\/strong><\/td>\n<td width=\"70%\" height=\"22\">12 m \/ H: 88.5\u00ba \/ V: 80\u00ba \/ Installation 2.4 m<\/td>\n<\/tr>\n<tr class=\"table-data\" align=\"left\" valign=\"middle\">\n<td width=\"30%\" height=\"22\"><strong>Fr\u00e9quence<\/strong><\/td>\n<td width=\"70%\" height=\"22\">868 MHz Jeweller<\/td>\n<\/tr>\n<tr class=\"table-data\" align=\"left\" valign=\"middle\">\n<td width=\"30%\" height=\"22\"><strong>Distance de transmission<\/strong><\/td>\n<td width=\"70%\" height=\"22\">\u2264 1700 m en espace ouvert<\/td>\n<\/tr>\n<tr class=\"table-data\" align=\"left\" valign=\"middle\">\n<td width=\"30%\" height=\"22\"><strong>Immunit\u00e9 aux animaux<\/strong><\/td>\n<td width=\"70%\" height=\"22\">\u2264 20 kg, \u2264 50 cm<\/td>\n<\/tr>\n<tr class=\"table-data\" align=\"left\" valign=\"middle\">\n<td width=\"30%\" height=\"22\"><strong>Anti-masquage<\/strong><\/td>\n<td width=\"70%\" height=\"22\">Non disponible<\/td>\n<\/tr>\n<tr class=\"table-data\" align=\"left\" valign=\"middle\">\n<td width=\"30%\" height=\"22\"><strong>Sensibilit\u00e9<\/strong><\/td>\n<td width=\"70%\" height=\"22\">Ajustable. 3 niveaux (faible, moyen et \u00e9lev\u00e9)<\/td>\n<\/tr>\n<tr class=\"table-data\" align=\"left\" valign=\"middle\">\n<td width=\"30%\" height=\"22\"><strong>Indication LEDs<\/strong><\/td>\n<td width=\"70%\" height=\"22\">Alarme, tamper, signal<\/td>\n<\/tr>\n<tr class=\"table-data\" align=\"left\" valign=\"middle\">\n<td width=\"30%\" height=\"22\"><strong>Batterie<\/strong><\/td>\n<td width=\"70%\" height=\"22\">1 pile CR123A 3.0 V (dur\u00e9e moyenne 7 ann\u00e9es)<\/td>\n<\/tr>\n<tr class=\"table-data\" align=\"left\" valign=\"middle\">\n<td width=\"30%\" height=\"22\"><strong>Temp. fonctionnement<\/strong><\/td>\n<td width=\"70%\" height=\"22\">0\u00ba C ~ 50\u00ba C<\/td>\n<\/tr>\n<tr class=\"table-data\" align=\"left\" valign=\"middle\">\n<td width=\"30%\" height=\"22\"><strong>Mat\u00e9riel de l&rsquo;enveloppe ext\u00e9rieure<\/strong><\/td>\n<td width=\"70%\" height=\"22\">Plastique ABS<\/td>\n<\/tr>\n<tr class=\"table-data\" align=\"left\" valign=\"middle\">\n<td width=\"30%\" height=\"22\"><strong>Dimensions (sans support)<\/strong><\/td>\n<td width=\"70%\" height=\"22\">110 (H) x 65 (L) x 50 (Pr) mm<\/td>\n<\/tr>\n<\/tbody>\n<\/table>\n","protected":false},"excerpt":{"rendered":"<ul class=\"article_list\">\n<li>Ajax<\/li>\n<li>D\u00e9tecteur volum\u00e9trique PIR immunis\u00e9 contre les animaux<\/li>\n<li>Bidirectionnel<\/li>\n<li>Certificat de grade 2<\/li>\n<li>Sans fil 868 MHz Jeweller<\/li>\n<li>Antenne interne espace libre 1700 m<\/li>\n<li>Indicateur de d\u00e9tection de mouvement<\/li>\n<li>D\u00e9tection: Rang 12 m \/ H: 88.5\u00ba \/ V: 80\u00ba<\/li>\n<li>Tamper anti-ouverture<\/li>\n<li>Immunit\u00e9 aux animaux de compagnie \u2264 20 kg, \u2264 50 cm<\/li>\n<li>Alimentation 1 pile CR123A 3.0 V (dur\u00e9e estim\u00e9e 7 ans)<\/li>\n<li>Utilisation int\u00e9rieure<\/li>\n<li>Inclus support<\/li>\n<li>Couleur blanche<\/li>\n<\/ul>\n","protected":false},"featured_media":13955,"comment_status":"open","ping_status":"closed","template":"","meta":[],"product_cat":[237,238],"product_tag":[333],"class_list":{"0":"post-13954","1":"product","2":"type-product","3":"status-publish","4":"has-post-thumbnail","6":"product_cat-alarme","7":"product_cat-securite-surveillance","8":"product_tag-detecteur-alarme","9":"product_brand-ajax","11":"first","12":"instock","13":"taxable","14":"shipping-taxable","15":"product-type-simple"},"_links":{"self":[{"href":"https:\/\/www.safer-security.net\/index.php?rest_route=\/wp\/v2\/product\/13954","targetHints":{"allow":["GET"]}}],"collection":[{"href":"https:\/\/www.safer-security.net\/index.php?rest_route=\/wp\/v2\/product"}],"about":[{"href":"https:\/\/www.safer-security.net\/index.php?rest_route=\/wp\/v2\/types\/product"}],"replies":[{"embeddable":true,"href":"https:\/\/www.safer-security.net\/index.php?rest_route=%2Fwp%2Fv2%2Fcomments&post=13954"}],"version-history":[{"count":1,"href":"https:\/\/www.safer-security.net\/index.php?rest_route=\/wp\/v2\/product\/13954\/revisions"}],"predecessor-version":[{"id":13962,"href":"https:\/\/www.safer-security.net\/index.php?rest_route=\/wp\/v2\/product\/13954\/revisions\/13962"}],"wp:featuredmedia":[{"embeddable":true,"href":"https:\/\/www.safer-security.net\/index.php?rest_route=\/wp\/v2\/media\/13955"}],"wp:attachment":[{"href":"https:\/\/www.safer-security.net\/index.php?rest_route=%2Fwp%2Fv2%2Fmedia&parent=13954"}],"wp:term":[{"taxonomy":"product_cat","embeddable":true,"href":"https:\/\/www.safer-security.net\/index.php?rest_route=%2Fwp%2Fv2%2Fproduct_cat&post=13954"},{"taxonomy":"product_tag","embeddable":true,"href":"https:\/\/www.safer-security.net\/index.php?rest_route=%2Fwp%2Fv2%2Fproduct_tag&post=13954"}],"curies":[{"name":"wp","href":"https:\/\/api.w.org\/{rel}","templated":true}]}}