{"id":13972,"date":"2023-10-02T17:16:48","date_gmt":"2023-10-02T15:16:48","guid":{"rendered":"http:\/\/localhost\/safer\/?post_type=product&#038;p=13972"},"modified":"2023-12-08T16:12:13","modified_gmt":"2023-12-08T15:12:13","slug":"amc-clavier-lcd-avec-2-entrees-sorties-integres","status":"publish","type":"product","link":"https:\/\/www.safer-security.net\/?product=amc-clavier-lcd-avec-2-entrees-sorties-integres","title":{"rendered":"AMC | CLAVIER LCD AVEC 2 ENTREES\/SORTIES INTEGRES"},"content":{"rendered":"","protected":false},"excerpt":{"rendered":"<ul>\n<li>Clavier LCD avec afficheur \u00e0 cristaux liquides r\u00e9tro\u00e9clair\u00e9 \u00e0 32 caract\u00e8res sur deux lignes. Deux lignes configurables ind\u00e9pendamment comme entr\u00e9es ou comme sorties; 3 LED de signalisation. Volet de protection. Touches programmables pour saisie rapide.<\/li>\n<\/ul>\n","protected":false},"featured_media":13973,"comment_status":"open","ping_status":"closed","template":"","meta":[],"product_cat":[237,238],"product_tag":[272],"class_list":{"0":"post-13972","1":"product","2":"type-product","3":"status-publish","4":"has-post-thumbnail","6":"product_cat-alarme","7":"product_cat-securite-surveillance","8":"product_tag-clavier","9":"product_brand-amc","11":"first","12":"instock","13":"taxable","14":"shipping-taxable","15":"product-type-simple"},"_links":{"self":[{"href":"https:\/\/www.safer-security.net\/index.php?rest_route=\/wp\/v2\/product\/13972","targetHints":{"allow":["GET"]}}],"collection":[{"href":"https:\/\/www.safer-security.net\/index.php?rest_route=\/wp\/v2\/product"}],"about":[{"href":"https:\/\/www.safer-security.net\/index.php?rest_route=\/wp\/v2\/types\/product"}],"replies":[{"embeddable":true,"href":"https:\/\/www.safer-security.net\/index.php?rest_route=%2Fwp%2Fv2%2Fcomments&post=13972"}],"version-history":[{"count":2,"href":"https:\/\/www.safer-security.net\/index.php?rest_route=\/wp\/v2\/product\/13972\/revisions"}],"predecessor-version":[{"id":14389,"href":"https:\/\/www.safer-security.net\/index.php?rest_route=\/wp\/v2\/product\/13972\/revisions\/14389"}],"wp:featuredmedia":[{"embeddable":true,"href":"https:\/\/www.safer-security.net\/index.php?rest_route=\/wp\/v2\/media\/13973"}],"wp:attachment":[{"href":"https:\/\/www.safer-security.net\/index.php?rest_route=%2Fwp%2Fv2%2Fmedia&parent=13972"}],"wp:term":[{"taxonomy":"product_cat","embeddable":true,"href":"https:\/\/www.safer-security.net\/index.php?rest_route=%2Fwp%2Fv2%2Fproduct_cat&post=13972"},{"taxonomy":"product_tag","embeddable":true,"href":"https:\/\/www.safer-security.net\/index.php?rest_route=%2Fwp%2Fv2%2Fproduct_tag&post=13972"}],"curies":[{"name":"wp","href":"https:\/\/api.w.org\/{rel}","templated":true}]}}