{"id":13979,"date":"2023-10-02T17:30:09","date_gmt":"2023-10-02T15:30:09","guid":{"rendered":"http:\/\/localhost\/safer\/?post_type=product&#038;p=13979"},"modified":"2023-12-08T16:08:26","modified_gmt":"2023-12-08T15:08:26","slug":"amc-detecteur-a-double-technologie-pir-mw","status":"publish","type":"product","link":"https:\/\/www.safer-security.net\/?product=amc-detecteur-a-double-technologie-pir-mw","title":{"rendered":"AMC | DETECTEUR A DOUBLE TECHNOLOGIE PIR\/MW"},"content":{"rendered":"","protected":false},"excerpt":{"rendered":"<ul>\n<li>Homologation EN 50131-2-4 \u00a0\/ \u00a0GRADE 2<\/li>\n<li>D\u00e9tecteur \u00e0 double technologie PIR\/MW avec double analyse num\u00e9rique, port\u00e9e de environ 15 mt, angle d\u2019ouverture de 90\u00b0, pyro\u00e9lectrique \u00e0 double \u00e9l\u00e9ment, r\u00e9sistances internes de fin de ligne EOL \u00e0 single ou double balancement. \u00c9quip\u00e9 avec dispositif tamper anti-ouverture, anti-faufilement et compteur d\u2019impulsions. Fermeture facile \u00e0 encastre sans vissage.<\/li>\n<li><strong>Compatible animaux<\/strong>\u00a0jusqu&rsquo;\u00e0 15 kg (Mouse 09\/P)<\/li>\n<li><strong>Couleur disponible:<\/strong>\u00a0blanc<\/li>\n<\/ul>\n","protected":false},"featured_media":13980,"comment_status":"open","ping_status":"closed","template":"","meta":[],"product_cat":[237,238],"product_tag":[333],"class_list":{"0":"post-13979","1":"product","2":"type-product","3":"status-publish","4":"has-post-thumbnail","6":"product_cat-alarme","7":"product_cat-securite-surveillance","8":"product_tag-detecteur-alarme","9":"product_brand-amc","11":"first","12":"instock","13":"taxable","14":"shipping-taxable","15":"product-type-simple"},"_links":{"self":[{"href":"https:\/\/www.safer-security.net\/index.php?rest_route=\/wp\/v2\/product\/13979","targetHints":{"allow":["GET"]}}],"collection":[{"href":"https:\/\/www.safer-security.net\/index.php?rest_route=\/wp\/v2\/product"}],"about":[{"href":"https:\/\/www.safer-security.net\/index.php?rest_route=\/wp\/v2\/types\/product"}],"replies":[{"embeddable":true,"href":"https:\/\/www.safer-security.net\/index.php?rest_route=%2Fwp%2Fv2%2Fcomments&post=13979"}],"version-history":[{"count":1,"href":"https:\/\/www.safer-security.net\/index.php?rest_route=\/wp\/v2\/product\/13979\/revisions"}],"predecessor-version":[{"id":13981,"href":"https:\/\/www.safer-security.net\/index.php?rest_route=\/wp\/v2\/product\/13979\/revisions\/13981"}],"wp:featuredmedia":[{"embeddable":true,"href":"https:\/\/www.safer-security.net\/index.php?rest_route=\/wp\/v2\/media\/13980"}],"wp:attachment":[{"href":"https:\/\/www.safer-security.net\/index.php?rest_route=%2Fwp%2Fv2%2Fmedia&parent=13979"}],"wp:term":[{"taxonomy":"product_cat","embeddable":true,"href":"https:\/\/www.safer-security.net\/index.php?rest_route=%2Fwp%2Fv2%2Fproduct_cat&post=13979"},{"taxonomy":"product_tag","embeddable":true,"href":"https:\/\/www.safer-security.net\/index.php?rest_route=%2Fwp%2Fv2%2Fproduct_tag&post=13979"}],"curies":[{"name":"wp","href":"https:\/\/api.w.org\/{rel}","templated":true}]}}