{"id":13985,"date":"2023-10-02T17:37:18","date_gmt":"2023-10-02T15:37:18","guid":{"rendered":"http:\/\/localhost\/safer\/?post_type=product&#038;p=13985"},"modified":"2023-12-08T15:59:54","modified_gmt":"2023-12-08T14:59:54","slug":"13985","status":"publish","type":"product","link":"https:\/\/www.safer-security.net\/?product=13985","title":{"rendered":"AMC | KEYPAD WITH TAG READER ON BOARD"},"content":{"rendered":"","protected":false},"excerpt":{"rendered":"<ul>\n<li><strong>K-lcd Blue Tag &#8211;\u00a0<\/strong><strong>Clavier LCD \u00e0 32 caract\u00e8res\u00a0<\/strong><strong>avec lecteur RFID\/NFC<\/strong><\/li>\n<li>Clavier LCD avec lecteur RFID\/NFC int\u00e9gr\u00e9.<\/li>\n<li>Lcd avec afficheur \u00e0 cristaux liquides r\u00e9tro\u00e9clair\u00e9 \u00e0 32 caract\u00e8res sur deux lignes.<\/li>\n<li>Deux lignes configurables ind\u00e9pendamment comme entr\u00e9es ou comme sorties; 3 LED de signalisation.<\/li>\n<li>Volet de protection.\u00a0Touches programmables pour saisie rapide.<\/li>\n<li>Dimensions: H 116, L 135, P 24 mm<\/li>\n<\/ul>\n","protected":false},"featured_media":13986,"comment_status":"open","ping_status":"closed","template":"","meta":[],"product_cat":[237,238],"product_tag":[272],"class_list":{"0":"post-13985","1":"product","2":"type-product","3":"status-publish","4":"has-post-thumbnail","6":"product_cat-alarme","7":"product_cat-securite-surveillance","8":"product_tag-clavier","9":"product_brand-amc","11":"first","12":"instock","13":"taxable","14":"shipping-taxable","15":"product-type-simple"},"_links":{"self":[{"href":"https:\/\/www.safer-security.net\/index.php?rest_route=\/wp\/v2\/product\/13985","targetHints":{"allow":["GET"]}}],"collection":[{"href":"https:\/\/www.safer-security.net\/index.php?rest_route=\/wp\/v2\/product"}],"about":[{"href":"https:\/\/www.safer-security.net\/index.php?rest_route=\/wp\/v2\/types\/product"}],"replies":[{"embeddable":true,"href":"https:\/\/www.safer-security.net\/index.php?rest_route=%2Fwp%2Fv2%2Fcomments&post=13985"}],"version-history":[{"count":2,"href":"https:\/\/www.safer-security.net\/index.php?rest_route=\/wp\/v2\/product\/13985\/revisions"}],"predecessor-version":[{"id":13989,"href":"https:\/\/www.safer-security.net\/index.php?rest_route=\/wp\/v2\/product\/13985\/revisions\/13989"}],"wp:featuredmedia":[{"embeddable":true,"href":"https:\/\/www.safer-security.net\/index.php?rest_route=\/wp\/v2\/media\/13986"}],"wp:attachment":[{"href":"https:\/\/www.safer-security.net\/index.php?rest_route=%2Fwp%2Fv2%2Fmedia&parent=13985"}],"wp:term":[{"taxonomy":"product_cat","embeddable":true,"href":"https:\/\/www.safer-security.net\/index.php?rest_route=%2Fwp%2Fv2%2Fproduct_cat&post=13985"},{"taxonomy":"product_tag","embeddable":true,"href":"https:\/\/www.safer-security.net\/index.php?rest_route=%2Fwp%2Fv2%2Fproduct_tag&post=13985"}],"curies":[{"name":"wp","href":"https:\/\/api.w.org\/{rel}","templated":true}]}}