{"id":13996,"date":"2023-10-02T17:47:04","date_gmt":"2023-10-02T15:47:04","guid":{"rendered":"http:\/\/localhost\/safer\/?post_type=product&#038;p=13996"},"modified":"2023-12-08T15:49:50","modified_gmt":"2023-12-08T14:49:50","slug":"amc-telecommande-bidirectionnelle","status":"publish","type":"product","link":"https:\/\/www.safer-security.net\/?product=amc-telecommande-bidirectionnelle","title":{"rendered":"AMC | TELECOMMANDE BIDIRECTIONNELLE"},"content":{"rendered":"","protected":false},"excerpt":{"rendered":"<ul>\n<li><strong>TR800 &#8211;\u00a0T\u00e9l\u00e9commande &#8211; 868 MHz<\/strong><\/li>\n<li>T\u00e9l\u00e9commande bidirectionnelle avec l\u2019\u00e9tat du syst\u00e8me de reporting, des boutons enti\u00e8rement programmables et indications LED. TR800 communique avec le r\u00e9cepteur de mani\u00e8re bidirectionnelle, le syst\u00e8me a \u00e9t\u00e9 con\u00e7u pour des transmissions radio sans collisions et des saturations. Toute transmission est assur\u00e9e par un appareil de r\u00e9ception confirme, de cette mani\u00e8re peut-\u00eatre pas la perte de donn\u00e9es et\/ou d\u00e9faut de surveillance. La codification AES \u00e0 128 bit garantit une s\u00e9curit\u00e9 maximale contre les donn\u00e9es de clonage. La batterie standard au lithium-ions permet une tr\u00e8s longue dur\u00e9e.<\/li>\n<li>Couleurs disponibles: blanc avec touches gris, noir avec touches gris, gris avec touches blanches<\/li>\n<li>Dimensions: H 58, L 42, P 13 mm<\/li>\n<\/ul>\n","protected":false},"featured_media":13997,"comment_status":"open","ping_status":"closed","template":"","meta":[],"product_cat":[237,238],"product_tag":[271],"class_list":{"0":"post-13996","1":"product","2":"type-product","3":"status-publish","4":"has-post-thumbnail","6":"product_cat-alarme","7":"product_cat-securite-surveillance","8":"product_tag-telecommande","9":"product_brand-amc","11":"first","12":"instock","13":"taxable","14":"shipping-taxable","15":"product-type-simple"},"_links":{"self":[{"href":"https:\/\/www.safer-security.net\/index.php?rest_route=\/wp\/v2\/product\/13996","targetHints":{"allow":["GET"]}}],"collection":[{"href":"https:\/\/www.safer-security.net\/index.php?rest_route=\/wp\/v2\/product"}],"about":[{"href":"https:\/\/www.safer-security.net\/index.php?rest_route=\/wp\/v2\/types\/product"}],"replies":[{"embeddable":true,"href":"https:\/\/www.safer-security.net\/index.php?rest_route=%2Fwp%2Fv2%2Fcomments&post=13996"}],"version-history":[{"count":1,"href":"https:\/\/www.safer-security.net\/index.php?rest_route=\/wp\/v2\/product\/13996\/revisions"}],"predecessor-version":[{"id":13999,"href":"https:\/\/www.safer-security.net\/index.php?rest_route=\/wp\/v2\/product\/13996\/revisions\/13999"}],"wp:featuredmedia":[{"embeddable":true,"href":"https:\/\/www.safer-security.net\/index.php?rest_route=\/wp\/v2\/media\/13997"}],"wp:attachment":[{"href":"https:\/\/www.safer-security.net\/index.php?rest_route=%2Fwp%2Fv2%2Fmedia&parent=13996"}],"wp:term":[{"taxonomy":"product_cat","embeddable":true,"href":"https:\/\/www.safer-security.net\/index.php?rest_route=%2Fwp%2Fv2%2Fproduct_cat&post=13996"},{"taxonomy":"product_tag","embeddable":true,"href":"https:\/\/www.safer-security.net\/index.php?rest_route=%2Fwp%2Fv2%2Fproduct_tag&post=13996"}],"curies":[{"name":"wp","href":"https:\/\/api.w.org\/{rel}","templated":true}]}}