{"id":14005,"date":"2023-10-02T17:53:46","date_gmt":"2023-10-02T15:53:46","guid":{"rendered":"http:\/\/localhost\/safer\/?post_type=product&#038;p=14005"},"modified":"2023-12-08T15:47:14","modified_gmt":"2023-12-08T14:47:14","slug":"amc-contact-magnetique-sans-file-3-6v","status":"publish","type":"product","link":"https:\/\/www.safer-security.net\/?product=amc-contact-magnetique-sans-file-3-6v","title":{"rendered":"AMC | CONTACT MAGNETIQUE SANS FILE 3.6V"},"content":{"rendered":"","protected":false},"excerpt":{"rendered":"<ul>\n<li>Dispositif radio de petit dimensions, muni de 2 entr\u00e9es s\u00e9par\u00e9es utilisables ind\u00e9pendamment (reed et contact magn\u00e9tique). CM800 communique avec le r\u00e9cepteur de mani\u00e8re bidirectionnelle, le syst\u00e8me a \u00e9t\u00e9 con\u00e7u pour des transmissions radio sans collisions et des saturations. Toute transmission est assur\u00e9e par un appareil de r\u00e9ception confirme, de cette mani\u00e8re peut-\u00eatre pas la perte de donn\u00e9es et\/ou d\u00e9faut de surveillance. La codification AES \u00e0 128 bit garantit une s\u00e9curit\u00e9 maximale contre les donn\u00e9es de clonage. La batterie standard au lithium-ions permet une tr\u00e8s longue dur\u00e9e.<\/li>\n<li><strong>Couleurs disponibles:<\/strong>\u00a0blanc, marron<\/li>\n<li><strong>Dimensions<\/strong>: H 78, L 37, P 21 mm<\/li>\n<\/ul>\n","protected":false},"featured_media":14006,"comment_status":"open","ping_status":"closed","template":"","meta":[],"product_cat":[237,238],"product_tag":[270],"class_list":{"0":"post-14005","1":"product","2":"type-product","3":"status-publish","4":"has-post-thumbnail","6":"product_cat-alarme","7":"product_cat-securite-surveillance","8":"product_tag-contact","9":"product_brand-amc","11":"first","12":"instock","13":"taxable","14":"shipping-taxable","15":"product-type-simple"},"_links":{"self":[{"href":"https:\/\/www.safer-security.net\/index.php?rest_route=\/wp\/v2\/product\/14005","targetHints":{"allow":["GET"]}}],"collection":[{"href":"https:\/\/www.safer-security.net\/index.php?rest_route=\/wp\/v2\/product"}],"about":[{"href":"https:\/\/www.safer-security.net\/index.php?rest_route=\/wp\/v2\/types\/product"}],"replies":[{"embeddable":true,"href":"https:\/\/www.safer-security.net\/index.php?rest_route=%2Fwp%2Fv2%2Fcomments&post=14005"}],"version-history":[{"count":2,"href":"https:\/\/www.safer-security.net\/index.php?rest_route=\/wp\/v2\/product\/14005\/revisions"}],"predecessor-version":[{"id":14008,"href":"https:\/\/www.safer-security.net\/index.php?rest_route=\/wp\/v2\/product\/14005\/revisions\/14008"}],"wp:featuredmedia":[{"embeddable":true,"href":"https:\/\/www.safer-security.net\/index.php?rest_route=\/wp\/v2\/media\/14006"}],"wp:attachment":[{"href":"https:\/\/www.safer-security.net\/index.php?rest_route=%2Fwp%2Fv2%2Fmedia&parent=14005"}],"wp:term":[{"taxonomy":"product_cat","embeddable":true,"href":"https:\/\/www.safer-security.net\/index.php?rest_route=%2Fwp%2Fv2%2Fproduct_cat&post=14005"},{"taxonomy":"product_tag","embeddable":true,"href":"https:\/\/www.safer-security.net\/index.php?rest_route=%2Fwp%2Fv2%2Fproduct_tag&post=14005"}],"curies":[{"name":"wp","href":"https:\/\/api.w.org\/{rel}","templated":true}]}}