{"id":14009,"date":"2023-10-02T17:57:12","date_gmt":"2023-10-02T15:57:12","guid":{"rendered":"http:\/\/localhost\/safer\/?post_type=product&#038;p=14009"},"modified":"2023-12-08T15:45:45","modified_gmt":"2023-12-08T14:45:45","slug":"amc-detecteur-infrarouge-a-15m-de-portee-anti-animaux","status":"publish","type":"product","link":"https:\/\/www.safer-security.net\/?product=amc-detecteur-infrarouge-a-15m-de-portee-anti-animaux","title":{"rendered":"AMC | DETECTEUR INFRAROUGE A 15M DE PORTEE ANTI ANIMAUX"},"content":{"rendered":"","protected":false},"excerpt":{"rendered":"<ul>\n<li>\u00a0Conforme\u00a0\u00e0\u00a0la norme EN 50131<\/li>\n<li>D\u00e9tecteur infrarouge \u00e0 technologie compl\u00e8tement num\u00e9rique avec un syst\u00e8me d\u2019analyse qui tient en consid\u00e9ration les deux plus importantes variations li\u00e9es au mouvement: la v\u00e9locit\u00e9 et l\u2019intensit\u00e9. Par la mise en relation simultan\u00e9e de ces deux informations, le d\u00e9tecteur Smile peut discerner les mouvements r\u00e9p\u00e9titifs des vraies intrusions, en baissant consid\u00e9rablement le pourcentage de fausses alarmes. M\u00eame en pr\u00e9sence de sensibles variations\u00a0 thermiques,\u00a0 le\u00a0 syst\u00e8me\u00a0 de\u00a0 compensation num\u00e9rique garantit toujours un efficacit\u00e9 optimale.\u00a0Syst\u00e8me automatique pour la r\u00e9gulation de la couverture.\u00a0Il a une port\u00e9e de environ 15 m avec un angle d\u2019ouverture de 90\u00b0 et une lentille nid d\u2019abeille sp\u00e9ciale qui permet aussi le contr\u00f4le anti-faufilement.<\/li>\n<li><strong>Compatible animaux<\/strong>\u00a0jusqu&rsquo;\u00e0 15 kg (Smile 21\/P)<\/li>\n<li><strong>Couleur disponible:<\/strong>\u00a0blanc<\/li>\n<\/ul>\n","protected":false},"featured_media":14010,"comment_status":"open","ping_status":"closed","template":"","meta":[],"product_cat":[237,238],"product_tag":[333],"class_list":{"0":"post-14009","1":"product","2":"type-product","3":"status-publish","4":"has-post-thumbnail","6":"product_cat-alarme","7":"product_cat-securite-surveillance","8":"product_tag-detecteur-alarme","9":"product_brand-amc","11":"first","12":"instock","13":"taxable","14":"shipping-taxable","15":"product-type-simple"},"_links":{"self":[{"href":"https:\/\/www.safer-security.net\/index.php?rest_route=\/wp\/v2\/product\/14009","targetHints":{"allow":["GET"]}}],"collection":[{"href":"https:\/\/www.safer-security.net\/index.php?rest_route=\/wp\/v2\/product"}],"about":[{"href":"https:\/\/www.safer-security.net\/index.php?rest_route=\/wp\/v2\/types\/product"}],"replies":[{"embeddable":true,"href":"https:\/\/www.safer-security.net\/index.php?rest_route=%2Fwp%2Fv2%2Fcomments&post=14009"}],"version-history":[{"count":1,"href":"https:\/\/www.safer-security.net\/index.php?rest_route=\/wp\/v2\/product\/14009\/revisions"}],"predecessor-version":[{"id":14013,"href":"https:\/\/www.safer-security.net\/index.php?rest_route=\/wp\/v2\/product\/14009\/revisions\/14013"}],"wp:featuredmedia":[{"embeddable":true,"href":"https:\/\/www.safer-security.net\/index.php?rest_route=\/wp\/v2\/media\/14010"}],"wp:attachment":[{"href":"https:\/\/www.safer-security.net\/index.php?rest_route=%2Fwp%2Fv2%2Fmedia&parent=14009"}],"wp:term":[{"taxonomy":"product_cat","embeddable":true,"href":"https:\/\/www.safer-security.net\/index.php?rest_route=%2Fwp%2Fv2%2Fproduct_cat&post=14009"},{"taxonomy":"product_tag","embeddable":true,"href":"https:\/\/www.safer-security.net\/index.php?rest_route=%2Fwp%2Fv2%2Fproduct_tag&post=14009"}],"curies":[{"name":"wp","href":"https:\/\/api.w.org\/{rel}","templated":true}]}}