{"id":14014,"date":"2023-10-02T17:59:28","date_gmt":"2023-10-02T15:59:28","guid":{"rendered":"http:\/\/localhost\/safer\/?post_type=product&#038;p=14014"},"modified":"2023-12-08T15:44:35","modified_gmt":"2023-12-08T14:44:35","slug":"amc-detecteur-interieur-anti-animaux-simple","status":"publish","type":"product","link":"https:\/\/www.safer-security.net\/?product=amc-detecteur-interieur-anti-animaux-simple","title":{"rendered":"AMC | DETECTEUR INTERIEUR ANTI-ANIMAUX SIMPLE"},"content":{"rendered":"","protected":false},"excerpt":{"rendered":"<ul>\n<li><strong>IF800 &#8211; IF800\/P &#8211;\u00a0D\u00e9tecteur volum\u00e9trique via radio &#8211; 868 MHz<\/strong><\/li>\n<li>D\u00e8tecteur infrarouge\u00a0radio avec una port\u00e9e de 15 m sur plus de 90\u00b0 d\u2019ouverture et 31 faisceaux sur les 5 plans verticaux. IF800 communique avec le r\u00e9cepteur de mani\u00e8re bidirectionnelle. Il est \u00e9quip\u00e9 d\u2019un syst\u00e8me de r\u00e9veil automatique lors de l\u2019insertion et de mettre sur le syst\u00e8me de stand-by est d\u00e9sarm\u00e9. Le syst\u00e8me est con\u00e7u pour les transmissions radio sans collisions et des saturations. Toute transmission est assur\u00e9e par un appareil de r\u00e9ception confirme, de cette mani\u00e8re peut-\u00eatre pas la perte de donn\u00e9es et\/ou d\u00e9faut de surveillance. La codification AES \u00e0 128 bit garantit une s\u00e9curit\u00e9 maximale contre les donn\u00e9es de clonage. La batterie standard au lithium-ions permet une tr\u00e8s longue dur\u00e9e.<\/li>\n<li>Disponible dans la version compatible animaux jusqu&rsquo; \u00e0 15 kg (IF800\/P)<\/li>\n<li>Couleurs disponibles: blanc<\/li>\n<li>Dimensions: H 110, L 60, P 46 mm<\/li>\n<\/ul>\n","protected":false},"featured_media":14015,"comment_status":"open","ping_status":"closed","template":"","meta":[],"product_cat":[237,238],"product_tag":[333],"class_list":{"0":"post-14014","1":"product","2":"type-product","3":"status-publish","4":"has-post-thumbnail","6":"product_cat-alarme","7":"product_cat-securite-surveillance","8":"product_tag-detecteur-alarme","9":"product_brand-amc","11":"first","12":"instock","13":"taxable","14":"shipping-taxable","15":"product-type-simple"},"_links":{"self":[{"href":"https:\/\/www.safer-security.net\/index.php?rest_route=\/wp\/v2\/product\/14014","targetHints":{"allow":["GET"]}}],"collection":[{"href":"https:\/\/www.safer-security.net\/index.php?rest_route=\/wp\/v2\/product"}],"about":[{"href":"https:\/\/www.safer-security.net\/index.php?rest_route=\/wp\/v2\/types\/product"}],"replies":[{"embeddable":true,"href":"https:\/\/www.safer-security.net\/index.php?rest_route=%2Fwp%2Fv2%2Fcomments&post=14014"}],"version-history":[{"count":1,"href":"https:\/\/www.safer-security.net\/index.php?rest_route=\/wp\/v2\/product\/14014\/revisions"}],"predecessor-version":[{"id":14016,"href":"https:\/\/www.safer-security.net\/index.php?rest_route=\/wp\/v2\/product\/14014\/revisions\/14016"}],"wp:featuredmedia":[{"embeddable":true,"href":"https:\/\/www.safer-security.net\/index.php?rest_route=\/wp\/v2\/media\/14015"}],"wp:attachment":[{"href":"https:\/\/www.safer-security.net\/index.php?rest_route=%2Fwp%2Fv2%2Fmedia&parent=14014"}],"wp:term":[{"taxonomy":"product_cat","embeddable":true,"href":"https:\/\/www.safer-security.net\/index.php?rest_route=%2Fwp%2Fv2%2Fproduct_cat&post=14014"},{"taxonomy":"product_tag","embeddable":true,"href":"https:\/\/www.safer-security.net\/index.php?rest_route=%2Fwp%2Fv2%2Fproduct_tag&post=14014"}],"curies":[{"name":"wp","href":"https:\/\/api.w.org\/{rel}","templated":true}]}}