{"id":14020,"date":"2023-10-02T18:05:55","date_gmt":"2023-10-02T16:05:55","guid":{"rendered":"http:\/\/localhost\/safer\/?post_type=product&#038;p=14020"},"modified":"2023-12-08T15:40:31","modified_gmt":"2023-12-08T14:40:31","slug":"amc-sirene-exterieure-autoalimente-avec-flash-led","status":"publish","type":"product","link":"https:\/\/www.safer-security.net\/?product=amc-sirene-exterieure-autoalimente-avec-flash-led","title":{"rendered":"AMC | SIRENE EXTERIEURE AUTOALIMENTE AVEC FLASH LED"},"content":{"rendered":"","protected":false},"excerpt":{"rendered":"<ul>\n<li>SR136 est une sir\u00e8ne ext\u00e9rieure auto-prot\u00e9g\u00e9 et autoaliment\u00e9 \u00e0 batterie de 2 Ah.<\/li>\n<li>Tous les mod\u00e8les sont \u00e9quip\u00e9s d\u2019un dispositif contre l\u2019ouverture et l\u2019arrachement.<\/li>\n<li>Couleur Bo\u00eetier: blanc \/ gris argent<\/li>\n<li>Couleur Clignotant: orange \/ rouge \/ bleu<\/li>\n<li>Dimensions: H 280, L 220, P 100 mm<\/li>\n<\/ul>\n","protected":false},"featured_media":14021,"comment_status":"open","ping_status":"closed","template":"","meta":[],"product_cat":[237,238],"product_tag":[334],"class_list":{"0":"post-14020","1":"product","2":"type-product","3":"status-publish","4":"has-post-thumbnail","6":"product_cat-alarme","7":"product_cat-securite-surveillance","8":"product_tag-sirene-alarme","9":"product_brand-amc","11":"first","12":"instock","13":"taxable","14":"shipping-taxable","15":"product-type-simple"},"_links":{"self":[{"href":"https:\/\/www.safer-security.net\/index.php?rest_route=\/wp\/v2\/product\/14020","targetHints":{"allow":["GET"]}}],"collection":[{"href":"https:\/\/www.safer-security.net\/index.php?rest_route=\/wp\/v2\/product"}],"about":[{"href":"https:\/\/www.safer-security.net\/index.php?rest_route=\/wp\/v2\/types\/product"}],"replies":[{"embeddable":true,"href":"https:\/\/www.safer-security.net\/index.php?rest_route=%2Fwp%2Fv2%2Fcomments&post=14020"}],"version-history":[{"count":2,"href":"https:\/\/www.safer-security.net\/index.php?rest_route=\/wp\/v2\/product\/14020\/revisions"}],"predecessor-version":[{"id":14023,"href":"https:\/\/www.safer-security.net\/index.php?rest_route=\/wp\/v2\/product\/14020\/revisions\/14023"}],"wp:featuredmedia":[{"embeddable":true,"href":"https:\/\/www.safer-security.net\/index.php?rest_route=\/wp\/v2\/media\/14021"}],"wp:attachment":[{"href":"https:\/\/www.safer-security.net\/index.php?rest_route=%2Fwp%2Fv2%2Fmedia&parent=14020"}],"wp:term":[{"taxonomy":"product_cat","embeddable":true,"href":"https:\/\/www.safer-security.net\/index.php?rest_route=%2Fwp%2Fv2%2Fproduct_cat&post=14020"},{"taxonomy":"product_tag","embeddable":true,"href":"https:\/\/www.safer-security.net\/index.php?rest_route=%2Fwp%2Fv2%2Fproduct_tag&post=14020"}],"curies":[{"name":"wp","href":"https:\/\/api.w.org\/{rel}","templated":true}]}}