{"id":14039,"date":"2023-10-03T15:59:02","date_gmt":"2023-10-03T13:59:02","guid":{"rendered":"http:\/\/localhost\/safer\/?post_type=product&#038;p=14039"},"modified":"2023-12-08T15:34:51","modified_gmt":"2023-12-08T14:34:51","slug":"amc-sirene-exterieur-2","status":"publish","type":"product","link":"https:\/\/www.safer-security.net\/?product=amc-sirene-exterieur-2","title":{"rendered":"AMC | SIRENE EXTERIEUR"},"content":{"rendered":"","protected":false},"excerpt":{"rendered":"<ul>\n<li><strong>Iside 130<\/strong>\u00a0est une sir\u00e8ne autoaliment\u00e9e au design novateur. Sa forme elliptique permet de la fixer dans n\u2019importe quelle position, verticale et horizontale, sans en alt\u00e9rer la fonctionnalit\u00e9. Sa surface plate permet de personnaliser facilement et de mani\u00e8re visible la sir\u00e8ne. C\u2019est un produit enti\u00e8rement r\u00e9alis\u00e9 en polycarbonate. Toutes les versions pr\u00e9voient le dispositif contre l\u2019arrachement et l\u2019ouverture et utilisent une technologie \u00e0 pi\u00e9zo\u00e9lectrique qui garantit une consommation limit\u00e9e durant la phase d\u2019alarme.<\/li>\n<li><strong>Couleur Bo\u00eetier:<\/strong>\u00a0blanc<\/li>\n<li><strong>Couleur Clignotant:<\/strong>\u00a0orange \/ bleu \/ rouge<\/li>\n<li><strong>Dimensions:<\/strong>\u00a0H 220, L 320, P 55 mm<\/li>\n<\/ul>\n","protected":false},"featured_media":14040,"comment_status":"open","ping_status":"closed","template":"","meta":[],"product_cat":[237,238],"product_tag":[334],"class_list":{"0":"post-14039","1":"product","2":"type-product","3":"status-publish","4":"has-post-thumbnail","6":"product_cat-alarme","7":"product_cat-securite-surveillance","8":"product_tag-sirene-alarme","9":"product_brand-amc","11":"first","12":"instock","13":"taxable","14":"shipping-taxable","15":"product-type-simple"},"_links":{"self":[{"href":"https:\/\/www.safer-security.net\/index.php?rest_route=\/wp\/v2\/product\/14039","targetHints":{"allow":["GET"]}}],"collection":[{"href":"https:\/\/www.safer-security.net\/index.php?rest_route=\/wp\/v2\/product"}],"about":[{"href":"https:\/\/www.safer-security.net\/index.php?rest_route=\/wp\/v2\/types\/product"}],"replies":[{"embeddable":true,"href":"https:\/\/www.safer-security.net\/index.php?rest_route=%2Fwp%2Fv2%2Fcomments&post=14039"}],"version-history":[{"count":2,"href":"https:\/\/www.safer-security.net\/index.php?rest_route=\/wp\/v2\/product\/14039\/revisions"}],"predecessor-version":[{"id":14042,"href":"https:\/\/www.safer-security.net\/index.php?rest_route=\/wp\/v2\/product\/14039\/revisions\/14042"}],"wp:featuredmedia":[{"embeddable":true,"href":"https:\/\/www.safer-security.net\/index.php?rest_route=\/wp\/v2\/media\/14040"}],"wp:attachment":[{"href":"https:\/\/www.safer-security.net\/index.php?rest_route=%2Fwp%2Fv2%2Fmedia&parent=14039"}],"wp:term":[{"taxonomy":"product_cat","embeddable":true,"href":"https:\/\/www.safer-security.net\/index.php?rest_route=%2Fwp%2Fv2%2Fproduct_cat&post=14039"},{"taxonomy":"product_tag","embeddable":true,"href":"https:\/\/www.safer-security.net\/index.php?rest_route=%2Fwp%2Fv2%2Fproduct_tag&post=14039"}],"curies":[{"name":"wp","href":"https:\/\/api.w.org\/{rel}","templated":true}]}}