{"id":14052,"date":"2023-10-03T16:09:07","date_gmt":"2023-10-03T14:09:07","guid":{"rendered":"http:\/\/localhost\/safer\/?post_type=product&#038;p=14052"},"modified":"2023-12-08T15:53:10","modified_gmt":"2023-12-08T14:53:10","slug":"amc-carte-extension-de-8-zones","status":"publish","type":"product","link":"https:\/\/www.safer-security.net\/?product=amc-carte-extension-de-8-zones","title":{"rendered":"AMC | CARTE EXTENSION DE 8 ZONES"},"content":{"rendered":"","protected":false},"excerpt":{"rendered":"<ul>\n<li><strong>KX-IN<\/strong>\u00a0est une carte d\u2019extension 8 entr\u00e9es avec bo\u00eetier \u00e9quip\u00e9 d\u2019un dispositif anti-arrachement.<\/li>\n<\/ul>\n<p>Dimensions: H 80, L 106, P 25 mm<\/p>\n","protected":false},"featured_media":14053,"comment_status":"open","ping_status":"closed","template":"","meta":[],"product_cat":[237,238],"product_tag":[345],"class_list":{"0":"post-14052","1":"product","2":"type-product","3":"status-publish","4":"has-post-thumbnail","6":"product_cat-alarme","7":"product_cat-securite-surveillance","8":"product_tag-accessoires-alarme","9":"product_brand-amc","11":"first","12":"instock","13":"taxable","14":"shipping-taxable","15":"product-type-simple"},"_links":{"self":[{"href":"https:\/\/www.safer-security.net\/index.php?rest_route=\/wp\/v2\/product\/14052","targetHints":{"allow":["GET"]}}],"collection":[{"href":"https:\/\/www.safer-security.net\/index.php?rest_route=\/wp\/v2\/product"}],"about":[{"href":"https:\/\/www.safer-security.net\/index.php?rest_route=\/wp\/v2\/types\/product"}],"replies":[{"embeddable":true,"href":"https:\/\/www.safer-security.net\/index.php?rest_route=%2Fwp%2Fv2%2Fcomments&post=14052"}],"version-history":[{"count":1,"href":"https:\/\/www.safer-security.net\/index.php?rest_route=\/wp\/v2\/product\/14052\/revisions"}],"predecessor-version":[{"id":14055,"href":"https:\/\/www.safer-security.net\/index.php?rest_route=\/wp\/v2\/product\/14052\/revisions\/14055"}],"wp:featuredmedia":[{"embeddable":true,"href":"https:\/\/www.safer-security.net\/index.php?rest_route=\/wp\/v2\/media\/14053"}],"wp:attachment":[{"href":"https:\/\/www.safer-security.net\/index.php?rest_route=%2Fwp%2Fv2%2Fmedia&parent=14052"}],"wp:term":[{"taxonomy":"product_cat","embeddable":true,"href":"https:\/\/www.safer-security.net\/index.php?rest_route=%2Fwp%2Fv2%2Fproduct_cat&post=14052"},{"taxonomy":"product_tag","embeddable":true,"href":"https:\/\/www.safer-security.net\/index.php?rest_route=%2Fwp%2Fv2%2Fproduct_tag&post=14052"}],"curies":[{"name":"wp","href":"https:\/\/api.w.org\/{rel}","templated":true}]}}