{"id":14056,"date":"2023-10-03T16:13:26","date_gmt":"2023-10-03T14:13:26","guid":{"rendered":"http:\/\/localhost\/safer\/?post_type=product&#038;p=14056"},"modified":"2023-12-08T15:14:42","modified_gmt":"2023-12-08T14:14:42","slug":"amc-recepteur-radio-en-serie-868-mhz-32-dispositifs","status":"publish","type":"product","link":"https:\/\/www.safer-security.net\/?product=amc-recepteur-radio-en-serie-868-mhz-32-dispositifs","title":{"rendered":"AMC | RECEPTEUR RADIO EN SERIE &#8211; 868 MHz &#8211; 32 DISPOSITIFS"},"content":{"rendered":"","protected":false},"excerpt":{"rendered":"<ul>\n<li><strong>Expr800 &#8211;\u00a0R\u00e9cepteur radio en s\u00e9rie &#8211; 868 MHz<\/strong><\/li>\n<li>R\u00e9cepteur radio connect\u00e9 directement au bus s\u00e9rie de la centrale. Il peut stocker jusqu\u2019\u00e0 32 dispositifs (d\u00e9tecteurs, contacts, t\u00e9l\u00e9commandes, etc.). La transmission est \u00e0 128-bit AES (Advanced Encryption Standard). Le syst\u00e8me est bi-directionnelle, par cons\u00e9quent, est pourvu de toutes les caract\u00e9ristiques qui permettent d\u2019efficacit\u00e9 et de stabilit\u00e9 absolue. Avec Expr800 vous pouvez obtenir un syst\u00e8me enti\u00e8rement hybride (sans fil et par c\u00e2ble); tous les param\u00e8tres radio sont g\u00e9r\u00e9s \u00e0 partir du central; l\u2019apprentissage peut se faire dans l\u2019auto-apprentissage ou en entrant l\u2019ID de l\u2019\u00e9metteur.<\/li>\n<li>Dimensions: H 130, L 37, P 27 mm<\/li>\n<\/ul>\n","protected":false},"featured_media":14057,"comment_status":"open","ping_status":"closed","template":"","meta":[],"product_cat":[237,238],"product_tag":[345],"class_list":{"0":"post-14056","1":"product","2":"type-product","3":"status-publish","4":"has-post-thumbnail","6":"product_cat-alarme","7":"product_cat-securite-surveillance","8":"product_tag-accessoires-alarme","9":"product_brand-amc","11":"first","12":"instock","13":"taxable","14":"shipping-taxable","15":"product-type-simple"},"_links":{"self":[{"href":"https:\/\/www.safer-security.net\/index.php?rest_route=\/wp\/v2\/product\/14056","targetHints":{"allow":["GET"]}}],"collection":[{"href":"https:\/\/www.safer-security.net\/index.php?rest_route=\/wp\/v2\/product"}],"about":[{"href":"https:\/\/www.safer-security.net\/index.php?rest_route=\/wp\/v2\/types\/product"}],"replies":[{"embeddable":true,"href":"https:\/\/www.safer-security.net\/index.php?rest_route=%2Fwp%2Fv2%2Fcomments&post=14056"}],"version-history":[{"count":1,"href":"https:\/\/www.safer-security.net\/index.php?rest_route=\/wp\/v2\/product\/14056\/revisions"}],"predecessor-version":[{"id":14058,"href":"https:\/\/www.safer-security.net\/index.php?rest_route=\/wp\/v2\/product\/14056\/revisions\/14058"}],"wp:featuredmedia":[{"embeddable":true,"href":"https:\/\/www.safer-security.net\/index.php?rest_route=\/wp\/v2\/media\/14057"}],"wp:attachment":[{"href":"https:\/\/www.safer-security.net\/index.php?rest_route=%2Fwp%2Fv2%2Fmedia&parent=14056"}],"wp:term":[{"taxonomy":"product_cat","embeddable":true,"href":"https:\/\/www.safer-security.net\/index.php?rest_route=%2Fwp%2Fv2%2Fproduct_cat&post=14056"},{"taxonomy":"product_tag","embeddable":true,"href":"https:\/\/www.safer-security.net\/index.php?rest_route=%2Fwp%2Fv2%2Fproduct_tag&post=14056"}],"curies":[{"name":"wp","href":"https:\/\/api.w.org\/{rel}","templated":true}]}}