{"id":14065,"date":"2023-10-03T16:21:29","date_gmt":"2023-10-03T14:21:29","guid":{"rendered":"http:\/\/localhost\/safer\/?post_type=product&#038;p=14065"},"modified":"2023-12-08T15:10:35","modified_gmt":"2023-12-08T14:10:35","slug":"elkron-detecteur-de-mouvement-infrarouge-passif","status":"publish","type":"product","link":"https:\/\/www.safer-security.net\/?product=elkron-detecteur-de-mouvement-infrarouge-passif","title":{"rendered":"ELKRON | DETECTEUR DE MOUVEMENT INFRAROUGE PASSIF"},"content":{"rendered":"","protected":false},"excerpt":{"rendered":"<ul>\n<li>D\u00e9tecteur infrarouge passif \u00e0 microprocesseur . Port\u00e9e 15m. 18 faisceaux sur 4 plans. Lentille sph\u00e9rique : volum\u00e9trique. Angle de couverture 90\u00b0. Approuv\u00e9 NFA2P. Certifi\u00e9e EN 50131 Grade 2 classe II<\/li>\n<\/ul>\n","protected":false},"featured_media":14066,"comment_status":"open","ping_status":"closed","template":"","meta":[],"product_cat":[237,238],"product_tag":[333],"class_list":{"0":"post-14065","1":"product","2":"type-product","3":"status-publish","4":"has-post-thumbnail","6":"product_cat-alarme","7":"product_cat-securite-surveillance","8":"product_tag-detecteur-alarme","9":"product_brand-elkron","11":"first","12":"instock","13":"taxable","14":"shipping-taxable","15":"product-type-simple"},"_links":{"self":[{"href":"https:\/\/www.safer-security.net\/index.php?rest_route=\/wp\/v2\/product\/14065","targetHints":{"allow":["GET"]}}],"collection":[{"href":"https:\/\/www.safer-security.net\/index.php?rest_route=\/wp\/v2\/product"}],"about":[{"href":"https:\/\/www.safer-security.net\/index.php?rest_route=\/wp\/v2\/types\/product"}],"replies":[{"embeddable":true,"href":"https:\/\/www.safer-security.net\/index.php?rest_route=%2Fwp%2Fv2%2Fcomments&post=14065"}],"version-history":[{"count":2,"href":"https:\/\/www.safer-security.net\/index.php?rest_route=\/wp\/v2\/product\/14065\/revisions"}],"predecessor-version":[{"id":14068,"href":"https:\/\/www.safer-security.net\/index.php?rest_route=\/wp\/v2\/product\/14065\/revisions\/14068"}],"wp:featuredmedia":[{"embeddable":true,"href":"https:\/\/www.safer-security.net\/index.php?rest_route=\/wp\/v2\/media\/14066"}],"wp:attachment":[{"href":"https:\/\/www.safer-security.net\/index.php?rest_route=%2Fwp%2Fv2%2Fmedia&parent=14065"}],"wp:term":[{"taxonomy":"product_cat","embeddable":true,"href":"https:\/\/www.safer-security.net\/index.php?rest_route=%2Fwp%2Fv2%2Fproduct_cat&post=14065"},{"taxonomy":"product_tag","embeddable":true,"href":"https:\/\/www.safer-security.net\/index.php?rest_route=%2Fwp%2Fv2%2Fproduct_tag&post=14065"}],"curies":[{"name":"wp","href":"https:\/\/api.w.org\/{rel}","templated":true}]}}