{"id":14069,"date":"2023-10-03T16:44:38","date_gmt":"2023-10-03T14:44:38","guid":{"rendered":"http:\/\/localhost\/safer\/?post_type=product&#038;p=14069"},"modified":"2023-12-08T15:08:32","modified_gmt":"2023-12-08T14:08:32","slug":"14069","status":"publish","type":"product","link":"https:\/\/www.safer-security.net\/?product=14069","title":{"rendered":"ELKRON | DETECTEUR DE MOUVEMENT INFRAROUGE ANTI ANIMAUX A MICROPROSSEUR PASSIF PORTEE 15M"},"content":{"rendered":"<ul>\n<li>Infrarouge 15 m\u00e8tres \u00e0 lentille Immunit\u00e9 petits animaux (max 25Kg) homologu\u00e9 EN Grade2<\/li>\n<\/ul>\n","protected":false},"excerpt":{"rendered":"<ul>\n<li>Tension nominale d\u2019alimentation : &#8230;. 12V +\/- 3V<br \/>\nAbsorption \u00e0 12 V : &#8230;&#8230;&#8230;&#8230;&#8230;&#8230;&#8230;.. 13mA nom. 17mAmaximum<br \/>\nPort\u00e9e : &#8230;&#8230;&#8230;&#8230;&#8230;&#8230;&#8230;&#8230;&#8230;&#8230;&#8230;&#8230;&#8230;&#8230;.. 15 m<br \/>\nCouverture IR : &#8230;&#8230;&#8230;&#8230;&#8230;&#8230;&#8230;&#8230;&#8230;&#8230;&#8230; 90\u00b0<br \/>\nZones de d\u00e9tection : &#8230;&#8230;&#8230;&#8230;&#8230;&#8230;&#8230;&#8230;. 18 faisceaux\/4 plans<br \/>\nRelais d\u2019alarme : &#8230;&#8230;&#8230;&#8230;&#8230;&#8230;&#8230;&#8230;&#8230;&#8230;. 100mA \/ 24V<br \/>\nRelais d\u2019autoprotection : &#8230;&#8230;&#8230;&#8230;&#8230;&#8230;. 100 mA \/ 30V<br \/>\nTemps de maintien en alarme &#8230;&#8230;&#8230;. 3 s<br \/>\nTemperature de fonctionnement : &#8230;..-10\u00b0C + 55\u00b0C<br \/>\nHumidit\u00e9 relative admissible : &#8230;&#8230;&#8230;.. 95%<br \/>\nMTBF th\u00e9orique : &#8230;&#8230;&#8230;&#8230;&#8230;&#8230;&#8230;&#8230;&#8230;&#8230; 120.000 heures<br \/>\nDimensions (h x l x p) &#8230;&#8230;&#8230;&#8230;&#8230;&#8230;&#8230;.. 75 x 60 x 45 mm<br \/>\nPoids : &#8230;&#8230;&#8230;&#8230;&#8230;&#8230;&#8230;&#8230;&#8230;&#8230;&#8230;&#8230;&#8230;&#8230;&#8230;.. 65 g<\/li>\n<\/ul>\n","protected":false},"featured_media":14070,"comment_status":"open","ping_status":"closed","template":"","meta":[],"product_cat":[237,238],"product_tag":[333],"class_list":{"0":"post-14069","1":"product","2":"type-product","3":"status-publish","4":"has-post-thumbnail","6":"product_cat-alarme","7":"product_cat-securite-surveillance","8":"product_tag-detecteur-alarme","9":"product_brand-elkron","11":"first","12":"instock","13":"taxable","14":"shipping-taxable","15":"product-type-simple"},"_links":{"self":[{"href":"https:\/\/www.safer-security.net\/index.php?rest_route=\/wp\/v2\/product\/14069","targetHints":{"allow":["GET"]}}],"collection":[{"href":"https:\/\/www.safer-security.net\/index.php?rest_route=\/wp\/v2\/product"}],"about":[{"href":"https:\/\/www.safer-security.net\/index.php?rest_route=\/wp\/v2\/types\/product"}],"replies":[{"embeddable":true,"href":"https:\/\/www.safer-security.net\/index.php?rest_route=%2Fwp%2Fv2%2Fcomments&post=14069"}],"version-history":[{"count":2,"href":"https:\/\/www.safer-security.net\/index.php?rest_route=\/wp\/v2\/product\/14069\/revisions"}],"predecessor-version":[{"id":14072,"href":"https:\/\/www.safer-security.net\/index.php?rest_route=\/wp\/v2\/product\/14069\/revisions\/14072"}],"wp:featuredmedia":[{"embeddable":true,"href":"https:\/\/www.safer-security.net\/index.php?rest_route=\/wp\/v2\/media\/14070"}],"wp:attachment":[{"href":"https:\/\/www.safer-security.net\/index.php?rest_route=%2Fwp%2Fv2%2Fmedia&parent=14069"}],"wp:term":[{"taxonomy":"product_cat","embeddable":true,"href":"https:\/\/www.safer-security.net\/index.php?rest_route=%2Fwp%2Fv2%2Fproduct_cat&post=14069"},{"taxonomy":"product_tag","embeddable":true,"href":"https:\/\/www.safer-security.net\/index.php?rest_route=%2Fwp%2Fv2%2Fproduct_tag&post=14069"}],"curies":[{"name":"wp","href":"https:\/\/api.w.org\/{rel}","templated":true}]}}