{"id":14073,"date":"2023-10-03T16:48:19","date_gmt":"2023-10-03T14:48:19","guid":{"rendered":"http:\/\/localhost\/safer\/?post_type=product&#038;p=14073"},"modified":"2023-12-08T15:07:13","modified_gmt":"2023-12-08T14:07:13","slug":"elkron-clavier-lcd-retro-eleclaire-1-ligne-ukp-100d","status":"publish","type":"product","link":"https:\/\/www.safer-security.net\/?product=elkron-clavier-lcd-retro-eleclaire-1-ligne-ukp-100d","title":{"rendered":"ELKRON | CLAVIER LCD RETRO ELECLAIRE 1 LIGNE &#8211; UKP-100D"},"content":{"rendered":"<ul>\n<li>Clavier d\u00e9port\u00e9 r\u00e9tro-\u00e9clair\u00e9 avec afficheur \u00e0 cristaux liquides 16 caract\u00e8res.<br \/>\n2 entr\u00e9es int\u00e9gr\u00e9es (4 claviers max).<\/li>\n<\/ul>\n","protected":false},"excerpt":{"rendered":"<ul>\n<li>Clavier d\u00e9port\u00e9 r\u00e9tro-\u00e9clair\u00e9 avec afficheur \u00e0 cristaux liquides 16 caract\u00e8res.<br \/>\n2 entr\u00e9es int\u00e9gr\u00e9es (4 claviers max).<\/li>\n<\/ul>\n","protected":false},"featured_media":14074,"comment_status":"open","ping_status":"closed","template":"","meta":[],"product_cat":[237,238],"product_tag":[272],"class_list":{"0":"post-14073","1":"product","2":"type-product","3":"status-publish","4":"has-post-thumbnail","6":"product_cat-alarme","7":"product_cat-securite-surveillance","8":"product_tag-clavier","9":"product_brand-elkron","11":"first","12":"instock","13":"taxable","14":"shipping-taxable","15":"product-type-simple"},"_links":{"self":[{"href":"https:\/\/www.safer-security.net\/index.php?rest_route=\/wp\/v2\/product\/14073","targetHints":{"allow":["GET"]}}],"collection":[{"href":"https:\/\/www.safer-security.net\/index.php?rest_route=\/wp\/v2\/product"}],"about":[{"href":"https:\/\/www.safer-security.net\/index.php?rest_route=\/wp\/v2\/types\/product"}],"replies":[{"embeddable":true,"href":"https:\/\/www.safer-security.net\/index.php?rest_route=%2Fwp%2Fv2%2Fcomments&post=14073"}],"version-history":[{"count":2,"href":"https:\/\/www.safer-security.net\/index.php?rest_route=\/wp\/v2\/product\/14073\/revisions"}],"predecessor-version":[{"id":14076,"href":"https:\/\/www.safer-security.net\/index.php?rest_route=\/wp\/v2\/product\/14073\/revisions\/14076"}],"wp:featuredmedia":[{"embeddable":true,"href":"https:\/\/www.safer-security.net\/index.php?rest_route=\/wp\/v2\/media\/14074"}],"wp:attachment":[{"href":"https:\/\/www.safer-security.net\/index.php?rest_route=%2Fwp%2Fv2%2Fmedia&parent=14073"}],"wp:term":[{"taxonomy":"product_cat","embeddable":true,"href":"https:\/\/www.safer-security.net\/index.php?rest_route=%2Fwp%2Fv2%2Fproduct_cat&post=14073"},{"taxonomy":"product_tag","embeddable":true,"href":"https:\/\/www.safer-security.net\/index.php?rest_route=%2Fwp%2Fv2%2Fproduct_tag&post=14073"}],"curies":[{"name":"wp","href":"https:\/\/api.w.org\/{rel}","templated":true}]}}