{"id":14087,"date":"2023-10-03T17:03:55","date_gmt":"2023-10-03T15:03:55","guid":{"rendered":"http:\/\/localhost\/safer\/?post_type=product&#038;p=14087"},"modified":"2023-12-08T15:01:51","modified_gmt":"2023-12-08T14:01:51","slug":"elkron-hpa700p-sirene-est","status":"publish","type":"product","link":"https:\/\/www.safer-security.net\/?product=elkron-hpa700p-sirene-est","title":{"rendered":"ELKRON | HPA700P SIRENE EST"},"content":{"rendered":"","protected":false},"excerpt":{"rendered":"<div class=\"d-flex align-items-stretch col-lg-6 \">\n<ul>\n<li class=\"feature mb-3 p-3\">Fonctions programmables :<br \/>\n&#8211; Time-out son<br \/>\n&#8211; R\u00e9f\u00e9rence entr\u00e9es<br \/>\n&#8211; Comptage alarmes<br \/>\n&#8211; Fonction \u00e9chafaudages<br \/>\n&#8211; D\u00e9tection alimentation \u00e0 distance<\/li>\n<\/ul>\n<\/div>\n<div class=\"d-flex align-items-stretch col-lg-6 \">\n<div class=\"feature mb-3 p-3\">Tension de fonctionnement v. : 9 \u00f7 15 Vcc<\/div>\n<\/div>\n<div class=\"d-flex align-items-stretch col-lg-6 \">\n<div class=\"feature mb-3 p-3\">Absorption max. au repos : 7 mA<\/div>\n<\/div>\n<div class=\"d-flex align-items-stretch col-lg-6 \">\n<div class=\"feature mb-3 p-3\">Absorption max. en condition d\u2019alarme : 1600 mA en moyenne<\/div>\n<\/div>\n<div class=\"d-flex align-items-stretch col-lg-6 \">\n<div class=\"feature mb-3 p-3\">Absorption max. de la centrale : 150 mA<\/div>\n<\/div>\n<div class=\"d-flex align-items-stretch col-lg-6 \">\n<div class=\"feature mb-3 p-3\">Pression sonore : &gt; 110 dB (A) @ 1 m<\/div>\n<\/div>\n<div class=\"d-flex align-items-stretch col-lg-6 \">\n<div class=\"feature mb-3 p-3\">Fr\u00e9quence de fonctionnement : 1400 \u00f7 1600 Hz<\/div>\n<\/div>\n<div class=\"d-flex align-items-stretch col-lg-6 \">\n<div class=\"feature mb-3 p-3\">Temp\u00e9rature de fonctionnement certifi \u00e9e : -25 \u00b0C \u00f7 +70 \u00b0C<\/div>\n<\/div>\n<div class=\"d-flex align-items-stretch col-lg-6 \">\n<div class=\"feature mb-3 p-3\">Humidit\u00e9 max. admise : 93 %<\/div>\n<\/div>\n<div class=\"d-flex align-items-stretch col-lg-6 \">\n<div class=\"feature mb-3 p-3\">Degr\u00e9 de protection bo\u00eetier certifi \u00e9 : IP44\/IK07<\/div>\n<\/div>\n<div class=\"d-flex align-items-stretch col-lg-6 \">\n<div class=\"feature mb-3 p-3\">Mat\u00e9riau couvercle ext\u00e9rieur : PC-ABS autoextinguible<\/div>\n<\/div>\n<div class=\"d-flex align-items-stretch col-lg-6 \">\n<div class=\"feature mb-3 p-3\">Mat\u00e9riau grille interne en option : t\u00f4le 8\/10 galvanis\u00e9e<\/div>\n<\/div>\n<div class=\"d-flex align-items-stretch col-lg-6 \">\n<div class=\"feature mb-3 p-3\">Accumulateur portatif : 12V &#8211; de 1,9 \u00e0 2,2 Ah<\/div>\n<\/div>\n<div class=\"d-flex align-items-stretch col-lg-6 \">\n<div class=\"feature mb-3 p-3\">Tamper : Anti-ouverture\/anti-arrachage<\/div>\n<\/div>\n<div class=\"d-flex align-items-stretch col-lg-6 \">\n<div class=\"feature mb-3 p-3\">Deux entr\u00e9es de commande :<br \/>\n&#8211; AL : alarme<br \/>\n&#8211; S : \u00e9tat installation<\/div>\n<\/div>\n<div class=\"d-flex align-items-stretch col-lg-6 \">\n<div class=\"feature mb-3 p-3\">Dimensions (L x H x P) : 203 x 253 x 87 mm<\/div>\n<\/div>\n<div class=\"d-flex align-items-stretch col-lg-6 \">\n<div class=\"feature mb-3 p-3\">Poids (sans batterie) : 1100 g<\/div>\n<\/div>\n<div class=\"d-flex align-items-stretch col-lg-6 \">\n<div class=\"feature mb-3 p-3\">Niveau de performance garanti (EN50131-4) : Degr\u00e9 2<\/div>\n<\/div>\n","protected":false},"featured_media":14088,"comment_status":"open","ping_status":"closed","template":"","meta":[],"product_cat":[237,238],"product_tag":[334],"class_list":{"0":"post-14087","1":"product","2":"type-product","3":"status-publish","4":"has-post-thumbnail","6":"product_cat-alarme","7":"product_cat-securite-surveillance","8":"product_tag-sirene-alarme","9":"product_brand-elkron","11":"first","12":"instock","13":"taxable","14":"shipping-taxable","15":"product-type-simple"},"_links":{"self":[{"href":"https:\/\/www.safer-security.net\/index.php?rest_route=\/wp\/v2\/product\/14087","targetHints":{"allow":["GET"]}}],"collection":[{"href":"https:\/\/www.safer-security.net\/index.php?rest_route=\/wp\/v2\/product"}],"about":[{"href":"https:\/\/www.safer-security.net\/index.php?rest_route=\/wp\/v2\/types\/product"}],"replies":[{"embeddable":true,"href":"https:\/\/www.safer-security.net\/index.php?rest_route=%2Fwp%2Fv2%2Fcomments&post=14087"}],"version-history":[{"count":1,"href":"https:\/\/www.safer-security.net\/index.php?rest_route=\/wp\/v2\/product\/14087\/revisions"}],"predecessor-version":[{"id":14089,"href":"https:\/\/www.safer-security.net\/index.php?rest_route=\/wp\/v2\/product\/14087\/revisions\/14089"}],"wp:featuredmedia":[{"embeddable":true,"href":"https:\/\/www.safer-security.net\/index.php?rest_route=\/wp\/v2\/media\/14088"}],"wp:attachment":[{"href":"https:\/\/www.safer-security.net\/index.php?rest_route=%2Fwp%2Fv2%2Fmedia&parent=14087"}],"wp:term":[{"taxonomy":"product_cat","embeddable":true,"href":"https:\/\/www.safer-security.net\/index.php?rest_route=%2Fwp%2Fv2%2Fproduct_cat&post=14087"},{"taxonomy":"product_tag","embeddable":true,"href":"https:\/\/www.safer-security.net\/index.php?rest_route=%2Fwp%2Fv2%2Fproduct_tag&post=14087"}],"curies":[{"name":"wp","href":"https:\/\/api.w.org\/{rel}","templated":true}]}}