{"id":14090,"date":"2023-10-03T17:07:06","date_gmt":"2023-10-03T15:07:06","guid":{"rendered":"http:\/\/localhost\/safer\/?post_type=product&#038;p=14090"},"modified":"2025-05-29T10:09:52","modified_gmt":"2025-05-29T08:09:52","slug":"elkron-contact-magnetique-filaire-en-pvc-blanc","status":"publish","type":"product","link":"https:\/\/www.safer-security.net\/?product=elkron-contact-magnetique-filaire-en-pvc-blanc","title":{"rendered":"ELKRON | CONTACT MAGNETIQUE FILAIRE EN PVC BLANC"},"content":{"rendered":"","protected":false},"excerpt":{"rendered":"<div id=\"myTabContent\" class=\"tab-content\">\n<div id=\"features\" class=\"tab-pane fade mt-6 mt-md-0 active show\" role=\"tabpanel\" aria-labelledby=\"features-tab\">\n<div class=\"row d-flex align-items-stretch\">\n<div class=\"d-flex align-items-stretch col-lg-12 \">\n<ul>\n<li class=\"feature mb-3 p-3\">Extr\u00e9mit\u00e9s dot\u00e9es de c\u00e2bles<\/li>\n<\/ul>\n<\/div>\n<div class=\"d-flex align-items-stretch col-lg-12 \">\n<ul>\n<li class=\"feature mb-3 p-3\">Dispositif anti-effraction<\/li>\n<\/ul>\n<\/div>\n<div class=\"d-flex align-items-stretch col-lg-12 \">\n<ul>\n<li class=\"feature mb-3 p-3\">Distance minimale de fonctionnement : 10 mm<\/li>\n<\/ul>\n<\/div>\n<\/div>\n<\/div>\n<\/div>\n<div id=\"block-more-info\" class=\"my-5\">\n<div class=\"row bg-security text-white p-4\">\n<div class=\"more-info-text col-sm-10 d-flex justify-content-start align-items-center\">\n<p class=\"mb-0\">\n<\/div>\n<\/div>\n<\/div>\n","protected":false},"featured_media":14091,"comment_status":"open","ping_status":"closed","template":"","meta":[],"product_cat":[237,238],"product_tag":[270],"class_list":{"0":"post-14090","1":"product","2":"type-product","3":"status-publish","4":"has-post-thumbnail","6":"product_cat-alarme","7":"product_cat-securite-surveillance","8":"product_tag-contact","9":"product_brand-elkron","11":"first","12":"instock","13":"taxable","14":"shipping-taxable","15":"product-type-simple"},"_links":{"self":[{"href":"https:\/\/www.safer-security.net\/index.php?rest_route=\/wp\/v2\/product\/14090","targetHints":{"allow":["GET"]}}],"collection":[{"href":"https:\/\/www.safer-security.net\/index.php?rest_route=\/wp\/v2\/product"}],"about":[{"href":"https:\/\/www.safer-security.net\/index.php?rest_route=\/wp\/v2\/types\/product"}],"replies":[{"embeddable":true,"href":"https:\/\/www.safer-security.net\/index.php?rest_route=%2Fwp%2Fv2%2Fcomments&post=14090"}],"version-history":[{"count":1,"href":"https:\/\/www.safer-security.net\/index.php?rest_route=\/wp\/v2\/product\/14090\/revisions"}],"predecessor-version":[{"id":14092,"href":"https:\/\/www.safer-security.net\/index.php?rest_route=\/wp\/v2\/product\/14090\/revisions\/14092"}],"wp:featuredmedia":[{"embeddable":true,"href":"https:\/\/www.safer-security.net\/index.php?rest_route=\/wp\/v2\/media\/14091"}],"wp:attachment":[{"href":"https:\/\/www.safer-security.net\/index.php?rest_route=%2Fwp%2Fv2%2Fmedia&parent=14090"}],"wp:term":[{"taxonomy":"product_cat","embeddable":true,"href":"https:\/\/www.safer-security.net\/index.php?rest_route=%2Fwp%2Fv2%2Fproduct_cat&post=14090"},{"taxonomy":"product_tag","embeddable":true,"href":"https:\/\/www.safer-security.net\/index.php?rest_route=%2Fwp%2Fv2%2Fproduct_tag&post=14090"}],"curies":[{"name":"wp","href":"https:\/\/api.w.org\/{rel}","templated":true}]}}