{"id":14093,"date":"2023-10-03T17:10:37","date_gmt":"2023-10-03T15:10:37","guid":{"rendered":"http:\/\/localhost\/safer\/?post_type=product&#038;p=14093"},"modified":"2023-12-08T14:59:13","modified_gmt":"2023-12-08T13:59:13","slug":"elkron-centrale-dalarme-4-zones-avec-transmetteur-vocal","status":"publish","type":"product","link":"https:\/\/www.safer-security.net\/?product=elkron-centrale-dalarme-4-zones-avec-transmetteur-vocal","title":{"rendered":"ELKRON | CENTRALE D&rsquo;ALARME 4 ZONES AVEC TRANSMETTEUR VOCAL"},"content":{"rendered":"<div id=\"myTabContent\" class=\"tab-content\">\n<div id=\"features\" class=\"tab-pane fade mt-6 mt-md-0 active show\" role=\"tabpanel\" aria-labelledby=\"features-tab\">\n<div class=\"row d-flex align-items-stretch\">\n<div class=\"d-flex align-items-stretch col-lg-6 \">\n<ul>\n<li class=\"feature mb-3 p-3\">Tension nominale d\u2019alimentation 230V~ 50Hz +10 -15%<\/li>\n<\/ul>\n<\/div>\n<div class=\"d-flex align-items-stretch col-lg-6 \">\n<div class=\"feature mb-3 p-3\">Absorption max. de courant 125mA<\/div>\n<\/div>\n<div class=\"d-flex align-items-stretch col-lg-6 \">\n<div class=\"feature mb-3 p-3\">Absorption de la carte de la centrale de 12 V -50 mA en repos avec entr\u00e9es \u00e9quilibr\u00e9es -70 mA avec entr\u00e9es NF -85 mA avec entr\u00e9es NC et relais excit\u00e9<\/div>\n<\/div>\n<div class=\"d-flex align-items-stretch col-lg-6 \">\n<div class=\"feature mb-3 p-3\">Tension de fonctionnement de la centrale de 10.5 V \u00e0 15 V<\/div>\n<\/div>\n<div class=\"d-flex align-items-stretch col-lg-6 \">\n<div class=\"feature mb-3 p-3\">Tension nominale de sortie 13,8 V\u2014 (\u00e0 la sortie des c\u00e2bles de la batterie)<\/div>\n<\/div>\n<div class=\"d-flex align-items-stretch col-lg-6 \">\n<div class=\"feature mb-3 p-3\">Courant max. fourni 1 A (consommation de la centrale comprise)<\/div>\n<\/div>\n<div class=\"d-flex align-items-stretch col-lg-6 \">\n<div class=\"feature mb-3 p-3\">Ondulation max 230 mV p.p. avec I=1 A<\/div>\n<\/div>\n<div class=\"d-flex align-items-stretch col-lg-6 \">\n<div class=\"feature mb-3 p-3\">Courant disponible pour les dispositifs ext.100 mA (pour 12 heures d\u2019autonomie)<\/div>\n<\/div>\n<div class=\"d-flex align-items-stretch col-lg-6 \">\n<div class=\"feature mb-3 p-3\">Accumulateur assign\u00e9 12V\u2014 2.2Ah<\/div>\n<\/div>\n<div class=\"d-flex align-items-stretch col-lg-6 \">\n<div class=\"feature mb-3 p-3\">Tamper anti-effraction 1A@24V<\/div>\n<\/div>\n<div class=\"d-flex align-items-stretch col-lg-6 \">\n<div class=\"feature mb-3 p-3\">Temp\u00e9rature de fonctionnement d\u00e9clar\u00e9e -10 \u00b0C \u00f7 +55 \u00b0C<\/div>\n<\/div>\n<div class=\"d-flex align-items-stretch col-lg-6 \">\n<div class=\"feature mb-3 p-3\">Longueur max. de la ligne s\u00e9rie centrale-p\u00e9riph\u00e9riques 500 m\u00e8tres (c\u00e2ble 2&#215;0.75 pour alim + 2 x 0.22 x donn\u00e9es)<\/div>\n<\/div>\n<div class=\"d-flex align-items-stretch col-lg-6 \">\n<div class=\"feature mb-3 p-3\">Courant max. des sorties \u00e9lectriques 10mA<\/div>\n<\/div>\n<div class=\"d-flex align-items-stretch col-lg-6 \">\n<div class=\"feature mb-3 p-3\">Temps d\u2019entr\u00e9e min\/max de 0 s \u00e0 90 s par pas de 10<\/div>\n<\/div>\n<div class=\"d-flex align-items-stretch col-lg-6 \">\n<div class=\"feature mb-3 p-3\">Temps de sortie \u00e9gal au temps d\u2019entr\u00e9e + 10 s<\/div>\n<\/div>\n<div class=\"d-flex align-items-stretch col-lg-6 \">\n<div class=\"feature mb-3 p-3\">Temps d\u2019alarme relais programmable de 30 s \u00e0 9 min<\/div>\n<\/div>\n<div class=\"d-flex align-items-stretch col-lg-6 \">\n<div class=\"feature mb-3 p-3\">Signalisation visuelle de panne (LCD &#8211; afficheur \u00e0 cristaux liquides) et \u00e9lectrique pour batterie centrale d\u00e9charg\u00e9e, fusibles (F1 uniquement), alimentation extension insuffisante<\/div>\n<\/div>\n<div class=\"d-flex align-items-stretch col-lg-6 \">\n<div class=\"feature mb-3 p-3\">Temps d\u2019alarme des sorties progr. panne tant que la panne demeure<\/div>\n<\/div>\n<div class=\"d-flex align-items-stretch col-lg-6 \">\n<div class=\"feature mb-3 p-3\">Seuil batterie d\u00e9charg\u00e9e 11.2V\u2014 \u00b1 5%<\/div>\n<\/div>\n<div class=\"d-flex align-items-stretch col-lg-6 \">\n<div class=\"feature mb-3 p-3\">Test batterie automatique en cas d\u2019absence de tension secteur<\/div>\n<\/div>\n<div class=\"d-flex align-items-stretch col-lg-6 \">\n<div class=\"feature mb-3 p-3\">Indice de protection de l\u2019emballage IP30\/IK02<\/div>\n<\/div>\n<\/div>\n<\/div>\n<\/div>\n<div id=\"block-more-info\" class=\"my-5\">\n<div class=\"row bg-security text-white p-4\">\n<div class=\"more-info-text col-sm-10 d-flex justify-content-start align-items-center\">\n<p class=\"mb-0\">Pour plus d\u2019informations sur le produit \u00e9crivez-nous<\/p>\n<\/div>\n<\/div>\n<\/div>\n","protected":false},"excerpt":{"rendered":"<ul>\n<li>Centrale filaire pour petites et moyennes installations. Elle g\u00e8re 4 Entr\u00e9es d\u2019alarme librement programmables, 1 entr\u00e9e 24H de autoprotection, 1 entr\u00e9e de cl\u00e9 m\u00e9canique, 2 sorties d\u2019alarme dont une \u00e0 relais avec \u00e9change libre. Elle g\u00e8re sur bus d\u00e9di\u00e9 compos\u00e9 de 4 conducteurs un maximum de 4 claviers (KP100D avec afficheur LCD ), un maximum de 4 lecteurs DK2000 pour cl\u00e9s reprogrammables, 1 expansion d\u2019entr\u00e9es\/sorties EP100 . L\u2019installation peut \u00eatre subdivis\u00e9e en 3 divers secteurs auxquels peuvent \u00eatre associ\u00e9es librement les entr\u00e9es disponibles et les utilisateurs \u00e0 la gestion.<\/li>\n<\/ul>\n","protected":false},"featured_media":14094,"comment_status":"open","ping_status":"closed","template":"","meta":[],"product_cat":[237,238],"product_tag":[268],"class_list":{"0":"post-14093","1":"product","2":"type-product","3":"status-publish","4":"has-post-thumbnail","6":"product_cat-alarme","7":"product_cat-securite-surveillance","8":"product_tag-centrale","9":"product_brand-elkron","11":"first","12":"instock","13":"taxable","14":"shipping-taxable","15":"product-type-simple"},"_links":{"self":[{"href":"https:\/\/www.safer-security.net\/index.php?rest_route=\/wp\/v2\/product\/14093","targetHints":{"allow":["GET"]}}],"collection":[{"href":"https:\/\/www.safer-security.net\/index.php?rest_route=\/wp\/v2\/product"}],"about":[{"href":"https:\/\/www.safer-security.net\/index.php?rest_route=\/wp\/v2\/types\/product"}],"replies":[{"embeddable":true,"href":"https:\/\/www.safer-security.net\/index.php?rest_route=%2Fwp%2Fv2%2Fcomments&post=14093"}],"version-history":[{"count":1,"href":"https:\/\/www.safer-security.net\/index.php?rest_route=\/wp\/v2\/product\/14093\/revisions"}],"predecessor-version":[{"id":14095,"href":"https:\/\/www.safer-security.net\/index.php?rest_route=\/wp\/v2\/product\/14093\/revisions\/14095"}],"wp:featuredmedia":[{"embeddable":true,"href":"https:\/\/www.safer-security.net\/index.php?rest_route=\/wp\/v2\/media\/14094"}],"wp:attachment":[{"href":"https:\/\/www.safer-security.net\/index.php?rest_route=%2Fwp%2Fv2%2Fmedia&parent=14093"}],"wp:term":[{"taxonomy":"product_cat","embeddable":true,"href":"https:\/\/www.safer-security.net\/index.php?rest_route=%2Fwp%2Fv2%2Fproduct_cat&post=14093"},{"taxonomy":"product_tag","embeddable":true,"href":"https:\/\/www.safer-security.net\/index.php?rest_route=%2Fwp%2Fv2%2Fproduct_tag&post=14093"}],"curies":[{"name":"wp","href":"https:\/\/api.w.org\/{rel}","templated":true}]}}