{"id":14096,"date":"2023-10-03T17:16:43","date_gmt":"2023-10-03T15:16:43","guid":{"rendered":"http:\/\/localhost\/safer\/?post_type=product&#038;p=14096"},"modified":"2023-12-08T14:26:03","modified_gmt":"2023-12-08T13:26:03","slug":"focus-centrale-alarme-domestique-hybride-degree-3","status":"publish","type":"product","link":"https:\/\/www.safer-security.net\/?product=focus-centrale-alarme-domestique-hybride-degree-3","title":{"rendered":"FOCUS | CENTRALE ALARME DOMESTIQUE HYBRIDE DEGREE 3"},"content":{"rendered":"<table border=\"1\" width=\"698\" cellspacing=\"1\" cellpadding=\"1\">\n<tbody>\n<tr>\n<td colspan=\"3\">Caract\u00e9ristiques techniques<\/td>\n<\/tr>\n<tr>\n<td><strong>Mod\u00e8le \u00a0 \u00a0 \u00a0 \u00a0 \u00a0<\/strong><\/td>\n<td colspan=\"2\"><strong>STIIIB PRO CRISTAL GSM-RTC<\/strong><\/td>\n<\/tr>\n<tr>\n<td colspan=\"3\">Normes ISO 9001, CE, RoHS.<\/td>\n<\/tr>\n<tr>\n<td colspan=\"3\"><strong>Clavier tactile retro-\u00e9clair\u00e9<\/strong>&nbsp;<\/p>\n<p>Param\u00e9trage par clavier<\/p>\n<p>Alimentation par secteur 15V + batterie de secours (en cas de coupure de courant). \u00a0 \u00a016 codes utilisateur et 1 administrateur \u2013 Message d\u2019alerte personnalisable<\/td>\n<\/tr>\n<tr>\n<td colspan=\"3\">Armement total ou partiel.<\/td>\n<\/tr>\n<tr>\n<td colspan=\"3\">Transmetteur GSM + RTC int\u00e9gr\u00e9.<\/td>\n<\/tr>\n<tr>\n<td colspan=\"3\">Transmetteur t\u00e9l\u00e9phonique int\u00e9gr\u00e9 DTMF compatible Ligne FT, ADSL, d\u00e9groupage total.<\/td>\n<\/tr>\n<tr>\n<td colspan=\"3\">Alerte jusqu\u2019\u00e0 4 num\u00e9ros (fixes ou portables)<\/td>\n<\/tr>\n<tr>\n<td colspan=\"3\"><strong>Lev\u00e9e de doute audio bidirectionnel<\/strong>.Par \u00e9coute ambiante et interphonie<\/td>\n<\/tr>\n<tr>\n<td colspan=\"3\">Radiofr\u00e9quence cod\u00e9e 16 bits (+ de100 millions de combinaisons). Inviolable et Inimitable.<\/td>\n<\/tr>\n<tr>\n<td colspan=\"3\">Syst\u00e8me broadcasting &gt; diff\u00e9rentes combinaisons sur chaque d\u00e9tecteur.<\/td>\n<\/tr>\n<tr>\n<td colspan=\"3\">Syst\u00e8me prot\u00e9g\u00e9 contre les tentatives de brouillage.<\/td>\n<\/tr>\n<tr>\n<td colspan=\"3\">Sir\u00e8ne 110db int\u00e9gr\u00e9e.<\/td>\n<\/tr>\n<tr>\n<td colspan=\"3\">Programmation par clavier.<\/td>\n<\/tr>\n<tr>\n<td colspan=\"3\">Evolutif jusqu\u2019\u00e0 32 zones sans fil + 8 zones filaires +&nbsp;<\/p>\n<ul>\n<li>+ 8 zones pour t\u00e9l\u00e9commande<\/li>\n<li>+ 8 zones pour sir\u00e8nes sans fil<\/li>\n<li>+ 4 zones pour module domotique<\/li>\n<li>+ 1 port pour sir\u00e8ne filaire<\/li>\n<li>1 sir\u00e8ne int\u00e9gr\u00e9e \u00e0 la centrale<\/li>\n<li>1 port de carte SD pour les mises \u00e0 jour de l\u2019alarme<\/li>\n<\/ul>\n<\/td>\n<\/tr>\n<tr>\n<td colspan=\"3\"><strong>Activation et d\u00e9sactivation \u00e0 distance\u00a0<\/strong>de l\u2019alarme via t\u00e9l\u00e9phones fixes ou portables.&nbsp;<\/p>\n<ul>\n<li>Contr\u00f4le par Application ANDROID et I PHONE<\/li>\n<li>Par appel direct<\/li>\n<li>Contr\u00f4le par SMS<\/li>\n<li>Retour de confirmation d\u2019armement ou d\u00e9sarmement par SMS<\/li>\n<\/ul>\n<\/td>\n<\/tr>\n<tr>\n<td colspan=\"3\"><strong>Gestion de l\u2019alarme\u00a0<\/strong><strong>\u00e0 distance\u00a0<\/strong>via t\u00e9l\u00e9phones fixes ou portables.&nbsp;<\/p>\n<ul>\n<li>\u00a0Contr\u00f4le par Application<\/li>\n<li>Contr\u00f4le par SMS<\/li>\n<\/ul>\n<\/td>\n<\/tr>\n<tr>\n<td colspan=\"3\">Possibilit\u00e9 de programmer l\u2019heure d\u2019activation et\/ou de d\u00e9sactivation de l\u2019alarme.<\/td>\n<\/tr>\n<tr>\n<td colspan=\"3\">D\u00e9clenchement de l\u2019alarme en cas de tentative de brouillage.<\/td>\n<\/tr>\n<tr>\n<td colspan=\"3\">Affichage des 100\u00a0derniers \u00e9v\u00e8nements.<\/td>\n<\/tr>\n<tr>\n<td colspan=\"3\">R\u00e9glage du d\u00e9lai d\u2019entr\u00e9e et de sortie (0 \u00e0 255 secondes).<\/td>\n<\/tr>\n<tr>\n<td colspan=\"3\">Message SMS d\u2019avertissement en cas de piles faibles sur les d\u00e9tecteurs et de coupure du reseau EDF.&nbsp;<\/p>\n<p><strong>\u00a0 \u00a0 \u00a0 \u00a0 \u00a0Gestion des alarmes<\/strong><\/p>\n<ul>\n<li>Alarme p\u00e9rim\u00e9trique<\/li>\n<li>Alarme intrusion<\/li>\n<li>Alarme coupure ligne t\u00e9l\u00e9phonique<\/li>\n<li>Alarme agression<\/li>\n<li>Alarme m\u00e9dicale<\/li>\n<li>Alarme gaz<\/li>\n<\/ul>\n<\/td>\n<\/tr>\n<tr>\n<td colspan=\"3\">Compatible avec tous nos d\u00e9tecteurs&nbsp;<\/p>\n<p>Zones li\u00e9es entre deux d\u00e9tecteurs.<\/p>\n<ul>\n<li>Port PGM contr\u00f4le \u00e0 distance d\u2019impulsions \u00e9lectrique<\/li>\n<li>Delai d\u2019entr\u00e9e et de sortie parm\u00e9trable<\/li>\n<li>Dur\u00e9e d\u2019 hurlement de sir\u00e8nes r\u00e9glable<\/li>\n<li>Auto protection de l\u2019ensemble du kit \u00e0 l\u2019arrachement et au vandalisme<\/li>\n<\/ul>\n<\/td>\n<\/tr>\n<tr>\n<td colspan=\"3\">Facile \u00e0 installer<\/td>\n<\/tr>\n<tr>\n<td colspan=\"3\">Syst\u00e8me de fixation fourni<\/td>\n<\/tr>\n<tr>\n<td colspan=\"3\">Auto-diagnostique du syst\u00e8me<\/td>\n<\/tr>\n<tr>\n<td colspan=\"3\">Supervision du syst\u00e8me<\/td>\n<\/tr>\n<tr>\n<td colspan=\"3\">Supervision du d\u00e9chargement de la batterie&nbsp;<\/p>\n<p>Fr\u00e9quence radio 433 Mhz<\/td>\n<\/tr>\n<tr>\n<td colspan=\"3\"><strong>Alimentation<\/strong><\/td>\n<\/tr>\n<tr>\n<td colspan=\"3\">Bloc Alimentation 15V<\/td>\n<\/tr>\n<tr>\n<td colspan=\"3\">Batterie lithium int\u00e9gr\u00e9e<\/td>\n<\/tr>\n<tr>\n<td colspan=\"3\">Sortie alimentation auxilliaire 100mA&nbsp;<\/p>\n<p>Couleur blanc et fa\u00e7ade tactile en verre<\/p>\n<p>Dimension : 215 x 155 x 35mm<\/td>\n<\/tr>\n<\/tbody>\n<\/table>\n","protected":false},"excerpt":{"rendered":"<ul class=\"-pvs -mvxs -phm -lsn\">\n<li class=\"-pvxs\"><span class=\"-b\">SKU<\/span>: FO883IP0WEOB4NAFAMZ<\/li>\n<li class=\"-pvxs\"><span class=\"-b\">Mod\u00e8le<\/span>: ST-IIIB<\/li>\n<li class=\"-pvxs\"><span class=\"-b\">Poids (kg)<\/span>: 0.5<\/li>\n<\/ul>\n","protected":false},"featured_media":14377,"comment_status":"open","ping_status":"closed","template":"","meta":[],"product_cat":[237,238],"product_tag":[268],"class_list":{"0":"post-14096","1":"product","2":"type-product","3":"status-publish","4":"has-post-thumbnail","6":"product_cat-alarme","7":"product_cat-securite-surveillance","8":"product_tag-centrale","9":"product_brand-focus","11":"first","12":"instock","13":"taxable","14":"shipping-taxable","15":"product-type-simple"},"_links":{"self":[{"href":"https:\/\/www.safer-security.net\/index.php?rest_route=\/wp\/v2\/product\/14096","targetHints":{"allow":["GET"]}}],"collection":[{"href":"https:\/\/www.safer-security.net\/index.php?rest_route=\/wp\/v2\/product"}],"about":[{"href":"https:\/\/www.safer-security.net\/index.php?rest_route=\/wp\/v2\/types\/product"}],"replies":[{"embeddable":true,"href":"https:\/\/www.safer-security.net\/index.php?rest_route=%2Fwp%2Fv2%2Fcomments&post=14096"}],"version-history":[{"count":4,"href":"https:\/\/www.safer-security.net\/index.php?rest_route=\/wp\/v2\/product\/14096\/revisions"}],"predecessor-version":[{"id":14380,"href":"https:\/\/www.safer-security.net\/index.php?rest_route=\/wp\/v2\/product\/14096\/revisions\/14380"}],"wp:featuredmedia":[{"embeddable":true,"href":"https:\/\/www.safer-security.net\/index.php?rest_route=\/wp\/v2\/media\/14377"}],"wp:attachment":[{"href":"https:\/\/www.safer-security.net\/index.php?rest_route=%2Fwp%2Fv2%2Fmedia&parent=14096"}],"wp:term":[{"taxonomy":"product_cat","embeddable":true,"href":"https:\/\/www.safer-security.net\/index.php?rest_route=%2Fwp%2Fv2%2Fproduct_cat&post=14096"},{"taxonomy":"product_tag","embeddable":true,"href":"https:\/\/www.safer-security.net\/index.php?rest_route=%2Fwp%2Fv2%2Fproduct_tag&post=14096"}],"curies":[{"name":"wp","href":"https:\/\/api.w.org\/{rel}","templated":true}]}}