{"id":14099,"date":"2023-10-03T17:18:56","date_gmt":"2023-10-03T15:18:56","guid":{"rendered":"http:\/\/localhost\/safer\/?post_type=product&#038;p=14099"},"modified":"2023-12-08T14:20:12","modified_gmt":"2023-12-08T13:20:12","slug":"focus-centrale-alarme-tactil","status":"publish","type":"product","link":"https:\/\/www.safer-security.net\/?product=focus-centrale-alarme-tactil","title":{"rendered":"FOCUS | CENTRALE ALARME TACTIL"},"content":{"rendered":"<table id=\"table001\" class=\"NEW-TABLE TableOverride-1 tab-drag\">\n<tbody>\n<tr>\n<td colspan=\"60\">Caract\u00e9ristiques du produit<\/td>\n<\/tr>\n<tr>\n<td colspan=\"18\">Mod\u00e8le No<\/td>\n<td colspan=\"42\">ST-VGT<\/td>\n<\/tr>\n<tr>\n<td colspan=\"18\">R\u00e9seau<\/td>\n<td colspan=\"42\">TCP\/IP, GSM, GPRS<\/td>\n<\/tr>\n<tr>\n<td colspan=\"18\">Puissance<\/td>\n<td colspan=\"42\">15 V\/2A<\/td>\n<\/tr>\n<tr>\n<td colspan=\"18\">Zones<\/td>\n<td colspan=\"42\">32 zones sans fil, 8 zones filaires<\/td>\n<\/tr>\n<tr>\n<td colspan=\"18\">Son<\/td>\n<td colspan=\"42\">construit en haut-parleur, autour 100dB<\/td>\n<\/tr>\n<tr>\n<td colspan=\"18\">LCD taille<\/td>\n<td colspan=\"42\">L10 * H3.5CM<\/td>\n<\/tr>\n<tr>\n<td colspan=\"18\">Taille<\/td>\n<td colspan=\"42\">L25.5 * W3.5 * H19.3CM<\/td>\n<\/tr>\n<tr>\n<td colspan=\"18\">Distance<\/td>\n<td colspan=\"42\">100-150 m\u00e8tres (en plein air)<\/td>\n<\/tr>\n<tr>\n<td colspan=\"18\">Batterie<\/td>\n<td colspan=\"42\">construit dans la batterie rechargeable 11.1 V\/1000 maH (veille environ 8 heures)<\/td>\n<\/tr>\n<tr>\n<td colspan=\"18\">Fr\u00e9quence<\/td>\n<td colspan=\"42\">433 Mhz<\/td>\n<\/tr>\n<\/tbody>\n<\/table>\n","protected":false},"excerpt":{"rendered":"<p>Caract\u00e9ristiques du produit Mod\u00e8le No ST-VGT R\u00e9seau TCP\/IP, GSM, GPRS Puissance 15 V\/2A Zones 32 zones sans fil, 8 zones filaires Son construit en haut-parleur, autour 100dB LCD taille L10 * H3.5CM Taille L25.5 * W3.5 * H19.3CM Distance 100-150 &hellip; <a href=\"https:\/\/www.safer-security.net\/?product=focus-centrale-alarme-tactil\">Readmore<\/a><\/p>\n","protected":false},"featured_media":14100,"comment_status":"open","ping_status":"closed","template":"","meta":[],"product_cat":[237,238],"product_tag":[268],"class_list":{"0":"post-14099","1":"product","2":"type-product","3":"status-publish","4":"has-post-thumbnail","6":"product_cat-alarme","7":"product_cat-securite-surveillance","8":"product_tag-centrale","9":"product_brand-focus","11":"first","12":"instock","13":"taxable","14":"shipping-taxable","15":"product-type-simple"},"_links":{"self":[{"href":"https:\/\/www.safer-security.net\/index.php?rest_route=\/wp\/v2\/product\/14099","targetHints":{"allow":["GET"]}}],"collection":[{"href":"https:\/\/www.safer-security.net\/index.php?rest_route=\/wp\/v2\/product"}],"about":[{"href":"https:\/\/www.safer-security.net\/index.php?rest_route=\/wp\/v2\/types\/product"}],"replies":[{"embeddable":true,"href":"https:\/\/www.safer-security.net\/index.php?rest_route=%2Fwp%2Fv2%2Fcomments&post=14099"}],"version-history":[{"count":1,"href":"https:\/\/www.safer-security.net\/index.php?rest_route=\/wp\/v2\/product\/14099\/revisions"}],"predecessor-version":[{"id":14101,"href":"https:\/\/www.safer-security.net\/index.php?rest_route=\/wp\/v2\/product\/14099\/revisions\/14101"}],"wp:featuredmedia":[{"embeddable":true,"href":"https:\/\/www.safer-security.net\/index.php?rest_route=\/wp\/v2\/media\/14100"}],"wp:attachment":[{"href":"https:\/\/www.safer-security.net\/index.php?rest_route=%2Fwp%2Fv2%2Fmedia&parent=14099"}],"wp:term":[{"taxonomy":"product_cat","embeddable":true,"href":"https:\/\/www.safer-security.net\/index.php?rest_route=%2Fwp%2Fv2%2Fproduct_cat&post=14099"},{"taxonomy":"product_tag","embeddable":true,"href":"https:\/\/www.safer-security.net\/index.php?rest_route=%2Fwp%2Fv2%2Fproduct_tag&post=14099"}],"curies":[{"name":"wp","href":"https:\/\/api.w.org\/{rel}","templated":true}]}}