{"id":14109,"date":"2023-10-03T17:28:58","date_gmt":"2023-10-03T15:28:58","guid":{"rendered":"http:\/\/localhost\/safer\/?post_type=product&#038;p=14109"},"modified":"2025-11-12T06:21:27","modified_gmt":"2025-11-12T05:21:27","slug":"focus-contact-magnetique-sans-fils-porte-fenetre","status":"publish","type":"product","link":"https:\/\/www.safer-security.net\/?product=focus-contact-magnetique-sans-fils-porte-fenetre","title":{"rendered":"FOCUS | CONTACT MAGN\u00c9TIQUE SANS FILS PORTE \/ FEN\u00caTRE"},"content":{"rendered":"","protected":false},"excerpt":{"rendered":"<ul>\n<li>Le d\u00e9tecteur MD-210R est un d\u00e9tecteur d\u2019ouverture compatible avec les centrales de la marque Atlantic\u2019S. Il est possible d\u2019enregistrer jusqu\u2019\u00e0 32 d\u00e9tecteurs d\u2019ouverture sur une centrale Atlantic\u2019S ST-III ou ST-V ce qui permet d\u2019assurer la s\u00e9curit\u00e9 de plusieurs acc\u00e8s sans difficult\u00e9.<\/li>\n<li>Les d\u00e9tecteurs MD-210R utilisent comme un grand nombre de produits de la marque Atlantic\u2019S la technologie \u00ab Broadcasting \u00bb ce qui le prot\u00e8ge efficacement de toutes les tentatives de piratage. Son contact magn\u00e9tique puissant permet de d\u00e9tecter toute tentative d\u2019intrusion \u00e0 partir d\u2019un acc\u00e8s s\u00e9curis\u00e9 par un de ces d\u00e9tecteurs.<\/li>\n<li>Le d\u00e9tecteur communique en permanence avec la centrale pour t\u00e9moigner de sa pr\u00e9sence et de son bon fonctionnement. Ainsi, en cas de batterie faible par exemple, le d\u00e9tecteur envoie un signal \u00e0 la centrale qui vous informera de l\u2019\u00e9tat de la batterie de celui-ci. Les batteries utilis\u00e9es sont cependant des batteries avec une longue dur\u00e9e de vie qui vous assurent un fonctionnement de 1 \u00e0 2 ans en usage normal.<\/li>\n<li>Ce produit peut \u00eatre utilis\u00e9 pour s\u00e9curiser les acc\u00e8s de tout type de local, maison comme bureau de travail ou entrep\u00f4t. Son installation est tr\u00e8s simple et ne prend g\u00e9n\u00e9ralement pas plus de quelques minutes.<\/li>\n<\/ul>\n","protected":false},"featured_media":14110,"comment_status":"open","ping_status":"closed","template":"","meta":[],"product_cat":[237,238],"product_tag":[270],"class_list":{"0":"post-14109","1":"product","2":"type-product","3":"status-publish","4":"has-post-thumbnail","6":"product_cat-alarme","7":"product_cat-securite-surveillance","8":"product_tag-contact","9":"product_brand-focus","11":"first","12":"instock","13":"taxable","14":"shipping-taxable","15":"product-type-simple"},"_links":{"self":[{"href":"https:\/\/www.safer-security.net\/index.php?rest_route=\/wp\/v2\/product\/14109","targetHints":{"allow":["GET"]}}],"collection":[{"href":"https:\/\/www.safer-security.net\/index.php?rest_route=\/wp\/v2\/product"}],"about":[{"href":"https:\/\/www.safer-security.net\/index.php?rest_route=\/wp\/v2\/types\/product"}],"replies":[{"embeddable":true,"href":"https:\/\/www.safer-security.net\/index.php?rest_route=%2Fwp%2Fv2%2Fcomments&post=14109"}],"version-history":[{"count":1,"href":"https:\/\/www.safer-security.net\/index.php?rest_route=\/wp\/v2\/product\/14109\/revisions"}],"predecessor-version":[{"id":14111,"href":"https:\/\/www.safer-security.net\/index.php?rest_route=\/wp\/v2\/product\/14109\/revisions\/14111"}],"wp:featuredmedia":[{"embeddable":true,"href":"https:\/\/www.safer-security.net\/index.php?rest_route=\/wp\/v2\/media\/14110"}],"wp:attachment":[{"href":"https:\/\/www.safer-security.net\/index.php?rest_route=%2Fwp%2Fv2%2Fmedia&parent=14109"}],"wp:term":[{"taxonomy":"product_cat","embeddable":true,"href":"https:\/\/www.safer-security.net\/index.php?rest_route=%2Fwp%2Fv2%2Fproduct_cat&post=14109"},{"taxonomy":"product_tag","embeddable":true,"href":"https:\/\/www.safer-security.net\/index.php?rest_route=%2Fwp%2Fv2%2Fproduct_tag&post=14109"}],"curies":[{"name":"wp","href":"https:\/\/api.w.org\/{rel}","templated":true}]}}