{"id":14396,"date":"2023-12-12T16:15:42","date_gmt":"2023-12-12T15:15:42","guid":{"rendered":"http:\/\/localhost\/safer\/?post_type=product&#038;p=14396"},"modified":"2023-12-12T16:15:42","modified_gmt":"2023-12-12T15:15:42","slug":"focus-detecteur-de-mouvement-filaire-numerique-pir","status":"publish","type":"product","link":"https:\/\/www.safer-security.net\/?product=focus-detecteur-de-mouvement-filaire-numerique-pir","title":{"rendered":"FOCUS | DETECTEUR DE MOUVEMENT FILAIRE NUMERIQUE PIR"},"content":{"rendered":"<article class=\"col8 -pvs\">\n<div class=\"card-b -fh\">\n<header class=\"-pvs -bb\">\n<header class=\"-pvs -bb\">\n<h2 class=\"-fs20 -m -phm -pvxs\"><\/h2>\n<\/header>\n<div class=\"row -pas\">\n<article class=\"col8 -pvs\">\n<div class=\"card-b -fh\">\n<h2 class=\"hdr -upp -fs14 -m -pam\">PRINCIPALES CARACT\u00c9RISTIQUES<\/h2>\n<div class=\"markup -pam\">\n<ul>\n<li>distance de d\u00e9tection filaire: 12 m<\/li>\n<li>angle de d\u00e9tection: 110 \u00b0<\/li>\n<li>excellente pr\u00e9vention des fausses alarmes avec fen\u00eatre d&rsquo;observation pour \u00e9viter les angles morts<\/li>\n<li>adpots puce MASK auto-con\u00e7ue avec la technologie DMT<\/li>\n<li>insensible aux animaux jusqu&rsquo;\u00e0 25 kg<\/li>\n<\/ul>\n<\/div>\n<\/div>\n<\/article>\n<article class=\"col8 -pvs\">\n<div class=\"card-b -fh\">\n<h2 class=\"hdr -upp -fs14 -m -pam\">DESCRIPTIF TECHNIQUE<\/h2>\n<ul class=\"-pvs -mvxs -phm -lsn\">\n<li class=\"-pvxs\"><span class=\"-b\">SKU<\/span>: FO883IP0UA9DSNAFAMZ<\/li>\n<li class=\"-pvxs\"><span class=\"-b\">Mod\u00e8le<\/span>: MC-8250DMT<\/li>\n<li class=\"-pvxs\"><span class=\"-b\">Poids (kg)<\/span>: 0.5<\/li>\n<\/ul>\n<\/div>\n<\/article>\n<\/div>\n<\/header>\n<\/div>\n<\/article>\n","protected":false},"excerpt":{"rendered":"<p>Le MC-8250RDMT est un d\u00e9tecteur d&rsquo;intrusion PIR filaire avec immunit\u00e9 aux animaux de compagnie, il adopte un contr\u00f4le de micro-traitement DMT et num\u00e9rique, un PIR passif avec une lentille cylindrique FRESNEL et une double technologie de d\u00e9tecteur PIR passif, il am\u00e9liore efficacement la r\u00e9ception d&rsquo;\u00e9nergie, une sensibilit\u00e9 plus \u00e9lev\u00e9e, sans fausse alarme.\u00a0En utilisant un logiciel brevet\u00e9 avanc\u00e9.\u00a0Il peut d\u00e9tecter la diff\u00e9rence entre le v\u00e9ritable intrus et d&rsquo;autres facteurs d&rsquo;interf\u00e9rence qui peuvent entra\u00eener une fausse alarme.<\/p>\n<p>MC-8250DMT Radar Quad infrarouge PIR, insensible aux animaux jusqu&rsquo;\u00e0 25 kg,\u00a0\u00a0port\u00e9e jusqu&rsquo;\u00e0 12 m,\u00a0\u00a0port\u00e9e de d\u00e9tection 110. Degr\u00e9s, int\u00e9rieur<\/p>\n","protected":false},"featured_media":14397,"comment_status":"open","ping_status":"closed","template":"","meta":[],"product_cat":[237,238],"product_tag":[333],"class_list":{"0":"post-14396","1":"product","2":"type-product","3":"status-publish","4":"has-post-thumbnail","6":"product_cat-alarme","7":"product_cat-securite-surveillance","8":"product_tag-detecteur-alarme","9":"product_brand-focus","11":"first","12":"instock","13":"taxable","14":"shipping-taxable","15":"product-type-simple"},"_links":{"self":[{"href":"https:\/\/www.safer-security.net\/index.php?rest_route=\/wp\/v2\/product\/14396","targetHints":{"allow":["GET"]}}],"collection":[{"href":"https:\/\/www.safer-security.net\/index.php?rest_route=\/wp\/v2\/product"}],"about":[{"href":"https:\/\/www.safer-security.net\/index.php?rest_route=\/wp\/v2\/types\/product"}],"replies":[{"embeddable":true,"href":"https:\/\/www.safer-security.net\/index.php?rest_route=%2Fwp%2Fv2%2Fcomments&post=14396"}],"version-history":[{"count":1,"href":"https:\/\/www.safer-security.net\/index.php?rest_route=\/wp\/v2\/product\/14396\/revisions"}],"predecessor-version":[{"id":14398,"href":"https:\/\/www.safer-security.net\/index.php?rest_route=\/wp\/v2\/product\/14396\/revisions\/14398"}],"wp:featuredmedia":[{"embeddable":true,"href":"https:\/\/www.safer-security.net\/index.php?rest_route=\/wp\/v2\/media\/14397"}],"wp:attachment":[{"href":"https:\/\/www.safer-security.net\/index.php?rest_route=%2Fwp%2Fv2%2Fmedia&parent=14396"}],"wp:term":[{"taxonomy":"product_cat","embeddable":true,"href":"https:\/\/www.safer-security.net\/index.php?rest_route=%2Fwp%2Fv2%2Fproduct_cat&post=14396"},{"taxonomy":"product_tag","embeddable":true,"href":"https:\/\/www.safer-security.net\/index.php?rest_route=%2Fwp%2Fv2%2Fproduct_tag&post=14396"}],"curies":[{"name":"wp","href":"https:\/\/api.w.org\/{rel}","templated":true}]}}