{"id":14414,"date":"2023-12-13T14:38:42","date_gmt":"2023-12-13T13:38:42","guid":{"rendered":"http:\/\/localhost\/safer\/?post_type=product&#038;p=14414"},"modified":"2023-12-13T14:38:42","modified_gmt":"2023-12-13T13:38:42","slug":"focus-amplificateur-repetiteur-sans-fils","status":"publish","type":"product","link":"https:\/\/www.safer-security.net\/?product=focus-amplificateur-repetiteur-sans-fils","title":{"rendered":"FOCUS | AMPLIFICATEUR REPETITEUR SANS FILS"},"content":{"rendered":"<table class=\"woocommerce-product-attributes shop_attributes\">\n<tbody>\n<tr class=\"woocommerce-product-attributes-item woocommerce-product-attributes-item--attribute_pa_frequence-de-transmission\">\n<th class=\"woocommerce-product-attributes-item__label\">Fr\u00e9quence de fonctionnement<\/th>\n<td class=\"woocommerce-product-attributes-item__value\">433 mHz<\/td>\n<\/tr>\n<tr class=\"woocommerce-product-attributes-item woocommerce-product-attributes-item--attribute_pa_technologie-de-codage\">\n<th class=\"woocommerce-product-attributes-item__label\">Technologie de codage<\/th>\n<td class=\"woocommerce-product-attributes-item__value\">Broadcasting<\/td>\n<\/tr>\n<tr class=\"woocommerce-product-attributes-item woocommerce-product-attributes-item--attribute_pa_portee-de-transmission\">\n<th class=\"woocommerce-product-attributes-item__label\">Port\u00e9e de transmission<\/th>\n<td class=\"woocommerce-product-attributes-item__value\">1000m<\/td>\n<\/tr>\n<tr class=\"woocommerce-product-attributes-item woocommerce-product-attributes-item--attribute_pa_protection-vandalisme\">\n<th class=\"woocommerce-product-attributes-item__label\">Protection vandalisme<\/th>\n<td class=\"woocommerce-product-attributes-item__value\">non<\/td>\n<\/tr>\n<tr class=\"woocommerce-product-attributes-item woocommerce-product-attributes-item--attribute_pa_fonctionnement\">\n<th class=\"woocommerce-product-attributes-item__label\">Fonctionnement<\/th>\n<td class=\"woocommerce-product-attributes-item__value\">Interieur<\/td>\n<\/tr>\n<tr class=\"woocommerce-product-attributes-item woocommerce-product-attributes-item--attribute_pa_indicateur-de-transmission\">\n<th class=\"woocommerce-product-attributes-item__label\">Indicateur de transmission<\/th>\n<td class=\"woocommerce-product-attributes-item__value\">LED<\/td>\n<\/tr>\n<tr class=\"woocommerce-product-attributes-item woocommerce-product-attributes-item--attribute_pa_alimentation\">\n<th class=\"woocommerce-product-attributes-item__label\">Alimentation<\/th>\n<td class=\"woocommerce-product-attributes-item__value\">Transformateur 12V fourni + batterie de secours<\/td>\n<\/tr>\n<tr class=\"woocommerce-product-attributes-item woocommerce-product-attributes-item--attribute_pa_temperature-fonctionnement\">\n<th class=\"woocommerce-product-attributes-item__label\">Temp\u00e9rature de fonctionnement<\/th>\n<td class=\"woocommerce-product-attributes-item__value\">-10\u00b0 C \u00e0 +50\u00b0 C<\/td>\n<\/tr>\n<tr class=\"woocommerce-product-attributes-item woocommerce-product-attributes-item--attribute_dimensions\">\n<th class=\"woocommerce-product-attributes-item__label\">Dimensions<\/th>\n<td class=\"woocommerce-product-attributes-item__value\">165 x 108 x 35 mm<\/td>\n<\/tr>\n<tr class=\"woocommerce-product-attributes-item woocommerce-product-attributes-item--attribute_poids\">\n<th class=\"woocommerce-product-attributes-item__label\">Poids<\/th>\n<td class=\"woocommerce-product-attributes-item__value\">250 g<\/td>\n<\/tr>\n<\/tbody>\n<\/table>\n","protected":false},"excerpt":{"rendered":"<p>Ce r\u00e9p\u00e9teur de signal est utile lorsque la distance est trop importante entre la centrale et un ou plusieurs p\u00e9riph\u00e9riques. Le signal est r\u00e9p\u00e9t\u00e9 et amplifi\u00e9 pour en allonger la port\u00e9e.<\/p>\n","protected":false},"featured_media":14415,"comment_status":"open","ping_status":"closed","template":"","meta":[],"product_cat":[237,238],"product_tag":[],"class_list":{"0":"post-14414","1":"product","2":"type-product","3":"status-publish","4":"has-post-thumbnail","6":"product_cat-alarme","7":"product_cat-securite-surveillance","8":"product_brand-focus","10":"first","11":"instock","12":"taxable","13":"shipping-taxable","14":"product-type-simple"},"_links":{"self":[{"href":"https:\/\/www.safer-security.net\/index.php?rest_route=\/wp\/v2\/product\/14414","targetHints":{"allow":["GET"]}}],"collection":[{"href":"https:\/\/www.safer-security.net\/index.php?rest_route=\/wp\/v2\/product"}],"about":[{"href":"https:\/\/www.safer-security.net\/index.php?rest_route=\/wp\/v2\/types\/product"}],"replies":[{"embeddable":true,"href":"https:\/\/www.safer-security.net\/index.php?rest_route=%2Fwp%2Fv2%2Fcomments&post=14414"}],"version-history":[{"count":1,"href":"https:\/\/www.safer-security.net\/index.php?rest_route=\/wp\/v2\/product\/14414\/revisions"}],"predecessor-version":[{"id":14416,"href":"https:\/\/www.safer-security.net\/index.php?rest_route=\/wp\/v2\/product\/14414\/revisions\/14416"}],"wp:featuredmedia":[{"embeddable":true,"href":"https:\/\/www.safer-security.net\/index.php?rest_route=\/wp\/v2\/media\/14415"}],"wp:attachment":[{"href":"https:\/\/www.safer-security.net\/index.php?rest_route=%2Fwp%2Fv2%2Fmedia&parent=14414"}],"wp:term":[{"taxonomy":"product_cat","embeddable":true,"href":"https:\/\/www.safer-security.net\/index.php?rest_route=%2Fwp%2Fv2%2Fproduct_cat&post=14414"},{"taxonomy":"product_tag","embeddable":true,"href":"https:\/\/www.safer-security.net\/index.php?rest_route=%2Fwp%2Fv2%2Fproduct_tag&post=14414"}],"curies":[{"name":"wp","href":"https:\/\/api.w.org\/{rel}","templated":true}]}}