{"id":14427,"date":"2023-12-13T15:12:34","date_gmt":"2023-12-13T14:12:34","guid":{"rendered":"http:\/\/localhost\/safer\/?post_type=product&#038;p=14427"},"modified":"2023-12-13T15:12:34","modified_gmt":"2023-12-13T14:12:34","slug":"amc-sirene-interne","status":"publish","type":"product","link":"https:\/\/www.safer-security.net\/?product=amc-sirene-interne","title":{"rendered":"AMC | SIRENE INTERNE"},"content":{"rendered":"","protected":false},"excerpt":{"rendered":"<p><strong>PZ2<\/strong>\u00a0est une sir\u00e8ne int\u00e9rieure, pi\u00e9zo\u00e9lectrique, avec bitonalit\u00e9. C\u2019est un produit compl\u00e8tement r\u00e9alis\u00e9 en ABS et \u00e9quip\u00e9 d\u2019un dispositif contre l\u2019arrachement et l\u2019ouverture.<\/p>\n<p>&nbsp;<\/p>\n<p><strong>Couleur Bo\u00eetier:<\/strong>\u00a0blanc<\/p>\n<p>&nbsp;<\/p>\n<p><strong>Dimensions:<\/strong>\u00a0H 95, L 135, P 45 mm<\/p>\n","protected":false},"featured_media":14428,"comment_status":"open","ping_status":"closed","template":"","meta":[],"product_cat":[237,238],"product_tag":[334],"class_list":{"0":"post-14427","1":"product","2":"type-product","3":"status-publish","4":"has-post-thumbnail","6":"product_cat-alarme","7":"product_cat-securite-surveillance","8":"product_tag-sirene-alarme","9":"product_brand-amc","11":"first","12":"instock","13":"taxable","14":"shipping-taxable","15":"product-type-simple"},"_links":{"self":[{"href":"https:\/\/www.safer-security.net\/index.php?rest_route=\/wp\/v2\/product\/14427","targetHints":{"allow":["GET"]}}],"collection":[{"href":"https:\/\/www.safer-security.net\/index.php?rest_route=\/wp\/v2\/product"}],"about":[{"href":"https:\/\/www.safer-security.net\/index.php?rest_route=\/wp\/v2\/types\/product"}],"replies":[{"embeddable":true,"href":"https:\/\/www.safer-security.net\/index.php?rest_route=%2Fwp%2Fv2%2Fcomments&post=14427"}],"version-history":[{"count":1,"href":"https:\/\/www.safer-security.net\/index.php?rest_route=\/wp\/v2\/product\/14427\/revisions"}],"predecessor-version":[{"id":14429,"href":"https:\/\/www.safer-security.net\/index.php?rest_route=\/wp\/v2\/product\/14427\/revisions\/14429"}],"wp:featuredmedia":[{"embeddable":true,"href":"https:\/\/www.safer-security.net\/index.php?rest_route=\/wp\/v2\/media\/14428"}],"wp:attachment":[{"href":"https:\/\/www.safer-security.net\/index.php?rest_route=%2Fwp%2Fv2%2Fmedia&parent=14427"}],"wp:term":[{"taxonomy":"product_cat","embeddable":true,"href":"https:\/\/www.safer-security.net\/index.php?rest_route=%2Fwp%2Fv2%2Fproduct_cat&post=14427"},{"taxonomy":"product_tag","embeddable":true,"href":"https:\/\/www.safer-security.net\/index.php?rest_route=%2Fwp%2Fv2%2Fproduct_tag&post=14427"}],"curies":[{"name":"wp","href":"https:\/\/api.w.org\/{rel}","templated":true}]}}