{"id":14437,"date":"2023-12-13T15:31:05","date_gmt":"2023-12-13T14:31:05","guid":{"rendered":"http:\/\/localhost\/safer\/?post_type=product&#038;p=14437"},"modified":"2025-05-29T10:09:34","modified_gmt":"2025-05-29T08:09:34","slug":"elkron-contact-magnetique-filaire-en-pvc-blanc-2","status":"publish","type":"product","link":"https:\/\/www.safer-security.net\/?product=elkron-contact-magnetique-filaire-en-pvc-blanc-2","title":{"rendered":"ELKRON | CONTACT MAGNETIQUE FILAIRE EN PVC BLANC"},"content":{"rendered":"","protected":false},"excerpt":{"rendered":"<div id=\"myTabContent\" class=\"tab-content\">\n<div id=\"description\" class=\"tab-pane fade show active\" role=\"tabpanel\" aria-labelledby=\"description-tab\">\n<div class=\"row\">\n<div class=\" col-md-12 my-4 my-md-0\">Contact de surface, en plastique blanc<\/div>\n<div>\n<div class=\"d-flex align-items-stretch col-lg-12 \">\n<div class=\"feature mb-3 p-3\">Extr\u00e9mit\u00e9s dot\u00e9es de bornes<\/div>\n<\/div>\n<div class=\"d-flex align-items-stretch col-lg-12 \">\n<div class=\"feature mb-3 p-3\">Distance de fonctionnement : 15 mm maximum<\/div>\n<\/div>\n<\/div>\n<div class=\"col-md-6 mt-4 my-md-0\">\n<div class=\"swiper-container swiper-0\">\n<div class=\"swiper-wrapper\"><\/div>\n<\/div>\n<\/div>\n<\/div>\n<\/div>\n<\/div>\n","protected":false},"featured_media":14438,"comment_status":"open","ping_status":"closed","template":"","meta":[],"product_cat":[237,238],"product_tag":[270],"class_list":{"0":"post-14437","1":"product","2":"type-product","3":"status-publish","4":"has-post-thumbnail","6":"product_cat-alarme","7":"product_cat-securite-surveillance","8":"product_tag-contact","9":"product_brand-elkron","11":"first","12":"instock","13":"taxable","14":"shipping-taxable","15":"product-type-simple"},"_links":{"self":[{"href":"https:\/\/www.safer-security.net\/index.php?rest_route=\/wp\/v2\/product\/14437","targetHints":{"allow":["GET"]}}],"collection":[{"href":"https:\/\/www.safer-security.net\/index.php?rest_route=\/wp\/v2\/product"}],"about":[{"href":"https:\/\/www.safer-security.net\/index.php?rest_route=\/wp\/v2\/types\/product"}],"replies":[{"embeddable":true,"href":"https:\/\/www.safer-security.net\/index.php?rest_route=%2Fwp%2Fv2%2Fcomments&post=14437"}],"version-history":[{"count":1,"href":"https:\/\/www.safer-security.net\/index.php?rest_route=\/wp\/v2\/product\/14437\/revisions"}],"predecessor-version":[{"id":14439,"href":"https:\/\/www.safer-security.net\/index.php?rest_route=\/wp\/v2\/product\/14437\/revisions\/14439"}],"wp:featuredmedia":[{"embeddable":true,"href":"https:\/\/www.safer-security.net\/index.php?rest_route=\/wp\/v2\/media\/14438"}],"wp:attachment":[{"href":"https:\/\/www.safer-security.net\/index.php?rest_route=%2Fwp%2Fv2%2Fmedia&parent=14437"}],"wp:term":[{"taxonomy":"product_cat","embeddable":true,"href":"https:\/\/www.safer-security.net\/index.php?rest_route=%2Fwp%2Fv2%2Fproduct_cat&post=14437"},{"taxonomy":"product_tag","embeddable":true,"href":"https:\/\/www.safer-security.net\/index.php?rest_route=%2Fwp%2Fv2%2Fproduct_tag&post=14437"}],"curies":[{"name":"wp","href":"https:\/\/api.w.org\/{rel}","templated":true}]}}