{"id":14443,"date":"2023-12-13T15:41:40","date_gmt":"2023-12-13T14:41:40","guid":{"rendered":"http:\/\/localhost\/safer\/?post_type=product&#038;p=14443"},"modified":"2025-05-29T10:09:34","modified_gmt":"2025-05-29T08:09:34","slug":"elkron-contact-magnetique-en-aluminium-de-forte-puissance","status":"publish","type":"product","link":"https:\/\/www.safer-security.net\/?product=elkron-contact-magnetique-en-aluminium-de-forte-puissance","title":{"rendered":"ELKRON | CONTACT MAGNETIQUE EN ALUMINIUM DE FORTE PUISSANCE"},"content":{"rendered":"","protected":false},"excerpt":{"rendered":"<div id=\"myTabContent\" class=\"tab-content\">\n<div id=\"description\" class=\"tab-pane fade show active\" role=\"tabpanel\" aria-labelledby=\"description-tab\">\n<div class=\"row\">\n<div class=\"  col-md-12  my-4 my-md-0\">Contact de puissance pour surface en aluminium moul\u00e9 sous pression<\/div>\n<div>\n<div class=\"d-flex align-items-stretch col-lg-12 \">\n<div class=\"feature mb-3 p-3\">Adapt\u00e9 pour portes blind\u00e9es. Extr\u00e9mit\u00e9s dot\u00e9es de bornes<\/div>\n<\/div>\n<div class=\"d-flex align-items-stretch col-lg-12 \">\n<div class=\"feature mb-3 p-3\">Distance de fonctionnement : 25 mm maximum<\/div>\n<\/div>\n<\/div>\n<div class=\"col-md-6 mt-4 my-md-0\">\n<div class=\"swiper-container swiper-0\">\n<div class=\"swiper-wrapper\"><\/div>\n<\/div>\n<\/div>\n<\/div>\n<\/div>\n<\/div>\n<div id=\"block-more-info\" class=\"my-5\">\n<div class=\"row bg-security text-white p-4\">\n<div class=\"more-info-text col-sm-10 d-flex justify-content-start align-items-center\"><\/div>\n<\/div>\n<\/div>\n","protected":false},"featured_media":14444,"comment_status":"open","ping_status":"closed","template":"","meta":[],"product_cat":[237,238],"product_tag":[270],"class_list":{"0":"post-14443","1":"product","2":"type-product","3":"status-publish","4":"has-post-thumbnail","6":"product_cat-alarme","7":"product_cat-securite-surveillance","8":"product_tag-contact","9":"product_brand-elkron","11":"first","12":"instock","13":"taxable","14":"shipping-taxable","15":"product-type-simple"},"_links":{"self":[{"href":"https:\/\/www.safer-security.net\/index.php?rest_route=\/wp\/v2\/product\/14443","targetHints":{"allow":["GET"]}}],"collection":[{"href":"https:\/\/www.safer-security.net\/index.php?rest_route=\/wp\/v2\/product"}],"about":[{"href":"https:\/\/www.safer-security.net\/index.php?rest_route=\/wp\/v2\/types\/product"}],"replies":[{"embeddable":true,"href":"https:\/\/www.safer-security.net\/index.php?rest_route=%2Fwp%2Fv2%2Fcomments&post=14443"}],"version-history":[{"count":1,"href":"https:\/\/www.safer-security.net\/index.php?rest_route=\/wp\/v2\/product\/14443\/revisions"}],"predecessor-version":[{"id":14445,"href":"https:\/\/www.safer-security.net\/index.php?rest_route=\/wp\/v2\/product\/14443\/revisions\/14445"}],"wp:featuredmedia":[{"embeddable":true,"href":"https:\/\/www.safer-security.net\/index.php?rest_route=\/wp\/v2\/media\/14444"}],"wp:attachment":[{"href":"https:\/\/www.safer-security.net\/index.php?rest_route=%2Fwp%2Fv2%2Fmedia&parent=14443"}],"wp:term":[{"taxonomy":"product_cat","embeddable":true,"href":"https:\/\/www.safer-security.net\/index.php?rest_route=%2Fwp%2Fv2%2Fproduct_cat&post=14443"},{"taxonomy":"product_tag","embeddable":true,"href":"https:\/\/www.safer-security.net\/index.php?rest_route=%2Fwp%2Fv2%2Fproduct_tag&post=14443"}],"curies":[{"name":"wp","href":"https:\/\/api.w.org\/{rel}","templated":true}]}}