{"id":14465,"date":"2023-12-13T17:29:11","date_gmt":"2023-12-13T16:29:11","guid":{"rendered":"http:\/\/localhost\/safer\/?post_type=product&#038;p=14465"},"modified":"2023-12-13T17:29:11","modified_gmt":"2023-12-13T16:29:11","slug":"dahua-camera-dome-hdcvi-4mp-ir30m","status":"publish","type":"product","link":"https:\/\/www.safer-security.net\/?product=dahua-camera-dome-hdcvi-4mp-ir30m","title":{"rendered":"DAHUA | CAMERA DOME HDCVI 4MP IR30M"},"content":{"rendered":"<table border=\"1\">\n<tbody>\n<tr>\n<td colspan=\"3\"><b><span>Cam\u00e9ra<\/span><\/b><\/td>\n<\/tr>\n<tr>\n<td><span>Capteur d&rsquo;image<\/span><\/td>\n<td colspan=\"2\"><span>CMOS 1\/3&Prime;<\/span><\/td>\n<\/tr>\n<tr>\n<td><span>Pixels efficaces<\/span><\/td>\n<td colspan=\"2\"><span>2688(H)\u00d71520(V), 4,1MP<\/span><\/td>\n<\/tr>\n<tr>\n<td><span>Syst\u00e8me de num\u00e9risation<\/span><\/td>\n<td colspan=\"2\"><span>Progressive<\/span><\/td>\n<\/tr>\n<tr>\n<td><span>Vitesse d&rsquo;obturation \u00e9lectronique<\/span><\/td>\n<td colspan=\"2\"><span>PAL : 1\/25~1\/100 000 s<\/span><\/p>\n<p><span>NTSC : 1\/30 ~ 1\/100 000 s<\/span><\/td>\n<\/tr>\n<tr>\n<td><span>\u00c9clairage minimum<\/span><\/td>\n<td colspan=\"2\"><span>0,03Lux\/F2.0, 30IRE, 0Lux IR activ\u00e9<\/span><\/td>\n<\/tr>\n<tr>\n<td><span>Syst\u00e8me S\/N<\/span><\/td>\n<td colspan=\"2\"><span>Plus de 65 dB<\/span><\/td>\n<\/tr>\n<tr>\n<td><span>Distance IR<\/span><\/td>\n<td colspan=\"2\"><span>Jusqu&rsquo;\u00e0 30 m (98 pieds)<\/span><\/td>\n<\/tr>\n<tr>\n<td><span>Contr\u00f4le marche\/arr\u00eat IR<\/span><\/td>\n<td colspan=\"2\"><span>Automatique\/Manuel<\/span><\/td>\n<\/tr>\n<tr>\n<td><span>Il y a des LED<\/span><\/td>\n<td colspan=\"2\">12<\/td>\n<\/tr>\n<tr>\n<td colspan=\"3\"><b><span>Lentille<\/span><\/b><\/td>\n<\/tr>\n<tr>\n<td><span>Type d&rsquo;objectif<\/span><\/td>\n<td colspan=\"2\"><span>Objectif fixe \/ Iris fixe<\/span><\/td>\n<\/tr>\n<tr>\n<td><span>Type de montage<\/span><\/td>\n<td colspan=\"2\"><span>Embarquement<\/span><\/td>\n<\/tr>\n<tr>\n<td><span>Distance focale<\/span><\/td>\n<td colspan=\"2\"><span>3,6 mm (2,8 mm, 6 mm en option)<\/span><\/td>\n<\/tr>\n<tr>\n<td><span>Ouverture maximale<\/span><\/td>\n<td colspan=\"2\"><span>F2.0<\/span><\/td>\n<\/tr>\n<tr>\n<td><span>Angle de vue<\/span><\/td>\n<td colspan=\"2\"><span>H : 84,8\u00b0 (99,7\u00b0\/52,5\u00b0)<\/span><\/td>\n<\/tr>\n<tr>\n<td><span>Contr\u00f4le de la mise au point<\/span><\/td>\n<td colspan=\"2\"><span>N \/ A<\/span><\/td>\n<\/tr>\n<tr>\n<td><span>Distance de mise au point rapproch\u00e9e<\/span><\/td>\n<td colspan=\"2\"><span>1 100 mm (800 mm\/2 200 mm)<\/span><\/p>\n<p>43.3\u00a0\u00bb (31.5\u00a0\u00bb\/86.6\u00a0\u00bb)<\/td>\n<\/tr>\n<tr>\n<td colspan=\"3\"><b><span>Distance de DORRI<\/span><\/b><\/td>\n<\/tr>\n<tr>\n<td colspan=\"3\"><b><span>Remarque\u00a0: La distance DORI est une \u00ab\u00a0proximit\u00e9 g\u00e9n\u00e9rale\u00a0\u00bb qui permet de localiser facilement la cam\u00e9ra adapt\u00e9e \u00e0 vos besoins.\u00a0La distance DORI est calcul\u00e9e sur la base des sp\u00e9cifications du capteur et des r\u00e9sultats des tests en laboratoire conform\u00e9ment \u00e0 la norme EN 62676-4 qui d\u00e9finit respectivement les crit\u00e8res de d\u00e9tection, d&rsquo;observation, de reconnaissance et d&rsquo;identification.<\/span><\/b><\/td>\n<\/tr>\n<tr>\n<td><\/td>\n<td><span>M\u00c9DECINE<\/span><\/p>\n<p><span>D\u00e9finition<\/span><\/td>\n<td><span>Distance<\/span><\/td>\n<\/tr>\n<tr>\n<td><span>D\u00e9tecter<\/span><\/td>\n<td><span>25px\/m<\/span><\/p>\n<p><span>(8px\/pied)<\/span><\/td>\n<td><span>2,8 mm\u00a0: 63 m (208 pieds)<\/span><\/p>\n<p><span>3,6 mm : 80 m (262 pieds)<\/span><\/p>\n<p><span>6 mm : 117 m (385 pieds)<\/span><\/td>\n<\/tr>\n<tr>\n<td><span>Observer<\/span><\/td>\n<td><span>63 px\/m<\/span><\/p>\n<p><span>(19 px\/pied)<\/span><\/td>\n<td><span>2,8 mm : 25 m (83 pieds)<\/span><\/p>\n<p><span>3,6 mm : 32 m (105 pieds)<\/span><\/p>\n<p><span>6 mm : 47 m (154 pieds)<\/span><\/td>\n<\/tr>\n<tr>\n<td><span>Reconna\u00eetre<\/span><\/td>\n<td><span>125 px\/m<\/span><\/p>\n<p><span>(38px\/pied)<\/span><\/td>\n<td><span>2,8 mm : 13 m (42 pieds)<\/span><\/p>\n<p><span>3,6 mm : 16 m (53 pieds)<\/span><\/p>\n<p><span>6 mm : 23 m (77 pieds)<\/span><\/td>\n<\/tr>\n<tr>\n<td><span>Identifier<\/span><\/td>\n<td><span>250 ppm<\/span><\/p>\n<p><span>(76 px\/pied)<\/span><\/td>\n<td><span>2,8 mm : 6 m (21 pieds)<\/span><\/p>\n<p><span>3,6 mm : 8 m (26 pieds)<\/span><\/p>\n<p><span>6 mm : 12 m (39 pieds)<\/span><\/td>\n<\/tr>\n<tr>\n<td colspan=\"3\"><b><span>Panoramique \/ Inclinaison \/ Rotation<\/span><\/b><\/td>\n<\/tr>\n<tr>\n<td><span>Panoramique\/Inclinaison\/Rotation<\/span><\/td>\n<td colspan=\"2\"><span>Panoramique\u00a0: 0\u00b0 ~ 360\u00b0<\/span><\/p>\n<p><span>Inclinaison : 0\u00b0 ~ 90\u00b0<\/span><\/p>\n<p><span>Rotation\u00a0: 0\u00b0 ~ 360\u00b0<\/span><\/td>\n<\/tr>\n<tr>\n<td colspan=\"3\"><b><span>Vid\u00e9o<\/span><\/b><\/td>\n<\/tr>\n<tr>\n<td><span>R\u00e9solution<\/span><\/td>\n<td colspan=\"2\"><span>4MP (2560\u00d71440)<\/span><\/td>\n<\/tr>\n<tr>\n<td><span>Fr\u00e9quence d&rsquo;images<\/span><\/td>\n<td colspan=\"2\"><span>25\/30 ips \u00e0 4MP, 25\/30 ips \u00e0 1080P, 25\/30 ips \u00e0 720P<\/span><\/td>\n<\/tr>\n<tr>\n<td><span>Sortie vid\u00e9o<\/span><\/td>\n<td colspan=\"2\"><span>Sortie vid\u00e9o haute d\u00e9finition BNC 1 canal\/sortie vid\u00e9o CVBS (peut commuter)<\/span><\/td>\n<\/tr>\n<tr>\n<td><span>Jour Nuit<\/span><\/td>\n<td colspan=\"2\"><span>Automatique (ICR) \/ Manuel<\/span><\/td>\n<\/tr>\n<tr>\n<td><span>Menu OSD<\/span><\/td>\n<td colspan=\"2\"><span>Multilingue<\/span><\/td>\n<\/tr>\n<tr>\n<td><span>Mode BLC<\/span><\/td>\n<td colspan=\"2\"><span>BLC\/HLC\/DWDR<\/span><\/td>\n<\/tr>\n<tr>\n<td><span>WDR<\/span><\/td>\n<td colspan=\"2\"><span>DWDR<\/span><\/td>\n<\/tr>\n<tr>\n<td><span>Prendre le contr\u00f4le<\/span><\/td>\n<td colspan=\"2\"><span>CAG<\/span><\/td>\n<\/tr>\n<tr>\n<td><span>R\u00e9duction de bruit<\/span><\/td>\n<td colspan=\"2\"><span>2D<\/span><\/td>\n<\/tr>\n<tr>\n<td><span>Balance des blancs<\/span><\/td>\n<td colspan=\"2\"><span>Automatique\/Manuel<\/span><\/td>\n<\/tr>\n<tr>\n<td><span>IR intelligent<\/span><\/td>\n<td colspan=\"2\"><span>Automatique\/Manuel<\/span><\/td>\n<\/tr>\n<tr>\n<td colspan=\"3\"><b><span>Certifications<\/span><\/b><\/td>\n<\/tr>\n<tr>\n<td><span>Certifications<\/span><\/td>\n<td colspan=\"2\">CE (EN55032, EN55024, EN50130-4)<\/p>\n<p><span>FCC (CFR 47 FCC Partie 15, sous-partie B, ANSI C63.4-2014)<\/span><\/p>\n<p><span>UL (UL60950-1+CAN\/CSA C22.2 n\u00b0 60950-1)<\/span><\/td>\n<\/tr>\n<tr>\n<td colspan=\"3\"><b><span>Interface<\/span><\/b><\/td>\n<\/tr>\n<tr>\n<td><span>Interface audio<\/span><\/td>\n<td colspan=\"2\"><span>N \/ A<\/span><\/td>\n<\/tr>\n<tr>\n<td colspan=\"3\"><b><span>\u00c9lectrique<\/span><\/b><\/td>\n<\/tr>\n<tr>\n<td><span>Source de courant<\/span><\/td>\n<td colspan=\"2\"><span>12 V CC \u00b125 %<\/span><\/td>\n<\/tr>\n<tr>\n<td><span>Consommation d&rsquo;\u00e9nergie<\/span><\/td>\n<td colspan=\"2\"><span>Max 3,2 W (12 V CC, IR activ\u00e9)<\/span><\/td>\n<\/tr>\n<tr>\n<td colspan=\"3\"><b><span>Environnemental<\/span><\/b><\/td>\n<\/tr>\n<tr>\n<td><span>Des conditions de fonctionnement<\/span><\/td>\n<td colspan=\"2\"><span>-40\u00b0C ~ +60\u00b0C (-40\u00b0F ~ +140\u00b0F) \/ Moins de 90 % HR<\/span><\/p>\n<p><span>* Le d\u00e9marrage doit \u00eatre effectu\u00e9 \u00e0 une temp\u00e9rature sup\u00e9rieure \u00e0 -40\u00b0C (-40\u00b0F)<\/span><\/td>\n<\/tr>\n<tr>\n<td><span>Conditions de stockage<\/span><\/td>\n<td colspan=\"2\"><span>-40\u00b0C ~ +60\u00b0C (-40\u00b0F ~ +140\u00b0F) \/ Moins de 90 % HR<\/span><\/td>\n<\/tr>\n<tr>\n<td><span>Protection contre l&rsquo;entr\u00e9e et r\u00e9sistance au vandalisme<\/span><\/td>\n<td colspan=\"2\"><span>IP67<\/span><\/td>\n<\/tr>\n<tr>\n<td colspan=\"3\"><b><span>Construction<\/span><\/b><\/td>\n<\/tr>\n<tr>\n<td><span>Enveloppe<\/span><\/td>\n<td colspan=\"2\">Aluminium<\/td>\n<\/tr>\n<tr>\n<td><span>Dimensions<\/span><\/td>\n<td colspan=\"2\"><span>\u03a693,4 mm \u00d7 79,4 mm (\u03a63,68&Prime; \u00d7 3,13&Prime;)<\/span><\/td>\n<\/tr>\n<tr>\n<td><span>Poids net<\/span><\/td>\n<td colspan=\"2\"><span>0,28 kg (0,62 lb)<\/span><\/td>\n<\/tr>\n<tr>\n<td><span>Poids brut<\/span><\/td>\n<td colspan=\"2\"><span>0,35 kg (0,77 lb)<\/span><\/td>\n<\/tr>\n<\/tbody>\n<\/table>\n","protected":false},"excerpt":{"rendered":"<p><span>&gt; Max 30 ips \u00e0 4 MP<\/span><br \/>\n<span>&gt; Sortie HD et SD commutable<\/span><br \/>\n<span>&gt; Objectif fixe de 3,6 mm (2,8 mm, 6 mm en option)<\/span><br \/>\n<span>&gt; Max.\u00a0Longueur IR 30 m, Smart IR<\/span><br \/>\n<span>&gt; IP67, DC12 V<\/span><\/p>\n","protected":false},"featured_media":14466,"comment_status":"open","ping_status":"closed","template":"","meta":[],"product_cat":[238,236],"product_tag":[260],"class_list":{"0":"post-14465","1":"product","2":"type-product","3":"status-publish","4":"has-post-thumbnail","6":"product_cat-securite-surveillance","7":"product_cat-video-surveillance","8":"product_tag-hd-camera","9":"product_brand-dahua","11":"first","12":"instock","13":"taxable","14":"shipping-taxable","15":"product-type-simple"},"_links":{"self":[{"href":"https:\/\/www.safer-security.net\/index.php?rest_route=\/wp\/v2\/product\/14465","targetHints":{"allow":["GET"]}}],"collection":[{"href":"https:\/\/www.safer-security.net\/index.php?rest_route=\/wp\/v2\/product"}],"about":[{"href":"https:\/\/www.safer-security.net\/index.php?rest_route=\/wp\/v2\/types\/product"}],"replies":[{"embeddable":true,"href":"https:\/\/www.safer-security.net\/index.php?rest_route=%2Fwp%2Fv2%2Fcomments&post=14465"}],"version-history":[{"count":1,"href":"https:\/\/www.safer-security.net\/index.php?rest_route=\/wp\/v2\/product\/14465\/revisions"}],"predecessor-version":[{"id":14467,"href":"https:\/\/www.safer-security.net\/index.php?rest_route=\/wp\/v2\/product\/14465\/revisions\/14467"}],"wp:featuredmedia":[{"embeddable":true,"href":"https:\/\/www.safer-security.net\/index.php?rest_route=\/wp\/v2\/media\/14466"}],"wp:attachment":[{"href":"https:\/\/www.safer-security.net\/index.php?rest_route=%2Fwp%2Fv2%2Fmedia&parent=14465"}],"wp:term":[{"taxonomy":"product_cat","embeddable":true,"href":"https:\/\/www.safer-security.net\/index.php?rest_route=%2Fwp%2Fv2%2Fproduct_cat&post=14465"},{"taxonomy":"product_tag","embeddable":true,"href":"https:\/\/www.safer-security.net\/index.php?rest_route=%2Fwp%2Fv2%2Fproduct_tag&post=14465"}],"curies":[{"name":"wp","href":"https:\/\/api.w.org\/{rel}","templated":true}]}}