{"id":14574,"date":"2023-12-18T16:46:00","date_gmt":"2023-12-18T15:46:00","guid":{"rendered":"http:\/\/localhost\/safer\/?post_type=product&#038;p=14574"},"modified":"2023-12-18T16:46:01","modified_gmt":"2023-12-18T15:46:01","slug":"unv-nvr-16ch-4mp-1-sata-ultra-265-h-4k","status":"publish","type":"product","link":"https:\/\/www.safer-security.net\/?product=unv-nvr-16ch-4mp-1-sata-ultra-265-h-4k","title":{"rendered":"UNV | NVR 16CH 4MP 1-SATA Ultra 265\/H &#038; 4k"},"content":{"rendered":"<table width=\"100%\">\n<tbody>\n<tr>\n<td class=\"thead\" colspan=\"5\">Video\/Audio Input<\/td>\n<\/tr>\n<tr>\n<td>IP Video Input<\/td>\n<td><\/td>\n<td colspan=\"2\"><\/td>\n<td>16-ch<\/td>\n<\/tr>\n<tr>\n<td>Two-way Audio Input<\/td>\n<td colspan=\"4\">1-ch, RCA<\/td>\n<\/tr>\n<tr>\n<td class=\"thead\" colspan=\"5\">Network<\/td>\n<\/tr>\n<tr>\n<td>Incoming\u00a0<a href=\"https:\/\/techlink.com.bd\/product\/uniview-nvr308-64r\/\">Bandwidth<\/a><\/td>\n<td colspan=\"4\">64Mbps<\/td>\n<\/tr>\n<tr>\n<td>Outgoing Bandwidth<\/td>\n<td colspan=\"4\">64Mbps<\/td>\n<\/tr>\n<tr>\n<td>Remote Users<\/td>\n<td colspan=\"4\">128<\/td>\n<\/tr>\n<tr>\n<td>Protocols<\/td>\n<td colspan=\"4\">TCP\/IP, P2P, UPnP, NTP, DHCP, PPPoE, HTTP, HTTPS, DNS, DDNS, SNMP, SMTP<\/td>\n<\/tr>\n<tr>\n<td><a href=\"http:\/\/www.uniview.com\/\" target=\"_blank\" rel=\"noopener\">Browser<\/a><\/td>\n<td colspan=\"4\">IE(IE10\/11) for Windows<br \/>\nFirefox (version 52.0 and above) for Windows<br \/>\nChrome(version 45 and above) for Windows<br \/>\nEdge(version 79 and above) for Windows Uniview NVR301-16E2 16CH NVR<\/td>\n<\/tr>\n<tr>\n<td class=\"thead\" colspan=\"5\">Video\/Audio Output<\/td>\n<\/tr>\n<tr>\n<td>HDMI\/VGA Output<\/td>\n<td colspan=\"4\">HDMI:<br \/>\n3840\u00d72160\/30Hz, 1920x1080p\/60Hz, 1920x1080p\/50Hz, 1600\u00d71200\/60Hz, 1280\u00d71024\/60Hz, 1280\u00d7720\/60Hz, 1024\u00d7768\/60Hz<br \/>\nVGA:<br \/>\n1920x1080p\/60Hz, 1920x1080p\/50Hz, 1600\u00d71200\/60Hz, 1280\u00d71024\/60Hz, 1280\u00d7720\/60Hz, 1024\u00d7768\/60Hz<\/td>\n<\/tr>\n<tr>\n<td>Recording Resolution<\/td>\n<td colspan=\"4\">8MP\/5MP\/4MP\/3MP\/1080p\/960p\/720p\/D1\/2CIF\/CIF Uniview NVR301-16E2 16CH NVR<\/td>\n<\/tr>\n<tr>\n<td>Audio Output<\/td>\n<td colspan=\"4\">1-ch, RCA<\/td>\n<\/tr>\n<tr>\n<td>Audio Compression<\/td>\n<td colspan=\"4\">G.711A, G.711U<\/td>\n<\/tr>\n<tr>\n<td>Synchronous Playback<\/td>\n<td>4-ch<\/td>\n<td colspan=\"2\">8-ch<\/td>\n<td>16-ch<\/td>\n<\/tr>\n<tr>\n<td>Liveview display<\/td>\n<td>1\/4<\/td>\n<td colspan=\"2\">1\/4\/6\/8\/9<\/td>\n<td>1\/4\/6\/8\/9\/16<\/td>\n<\/tr>\n<tr>\n<td>Corridor Mode Screen<\/td>\n<td>3\/4<\/td>\n<td colspan=\"2\">3\/4\/5\/7\/9<\/td>\n<td>3\/4\/5\/7\/9\/10\/12\/16<\/td>\n<\/tr>\n<tr>\n<td class=\"thead\" colspan=\"5\">Snapshot<\/td>\n<\/tr>\n<tr>\n<td>FTP\/Schedule\/Event Snapshot<\/td>\n<td colspan=\"4\">4-ch snapshot, up to D1 resolution<\/td>\n<\/tr>\n<tr>\n<td class=\"thead\" colspan=\"5\">Decoding<\/td>\n<\/tr>\n<tr>\n<td>Decoding format<\/td>\n<td colspan=\"4\">Ultra 265\/H.265\/H.264<\/td>\n<\/tr>\n<tr>\n<td>Liveview\/Playback<\/td>\n<td colspan=\"4\">8MP\/5MP\/4MP\/3MP\/1080p\/960p\/720p\/D1\/2CIF\/CIF<\/td>\n<\/tr>\n<tr>\n<td>Capability<\/td>\n<td colspan=\"4\" valign=\"top\">2 x 4K@30, 3 x 5MP@30, 4 x 4MP@30, 5 x 3MP@30,8 x 1080p@30, 16 x 720p@30<\/td>\n<\/tr>\n<tr>\n<td class=\"thead\" colspan=\"5\">Hard Disk<\/td>\n<\/tr>\n<tr>\n<td>SATA<\/td>\n<td colspan=\"4\">1 SATA interface<\/td>\n<\/tr>\n<tr>\n<td>Capacity<\/td>\n<td colspan=\"4\">up to 6TB for each disk<\/td>\n<\/tr>\n<tr>\n<td class=\"thead\" colspan=\"5\">Smart<\/td>\n<\/tr>\n<tr>\n<td>VCA Detection by Camera<\/td>\n<td colspan=\"4\">Intrusion Detection, Cross Line Detection, Enter Area, Leave Area, Defocus Detection, Scene Change Detection, Object Left Behind, Object Removed, Auto Tracking<\/td>\n<\/tr>\n<tr>\n<td>VCA Search<\/td>\n<td colspan=\"4\">Behavior Search<\/td>\n<\/tr>\n<tr>\n<td>People counting<\/td>\n<td colspan=\"4\">People Flow Counting, Crowd Density Monitoring<\/td>\n<\/tr>\n<tr>\n<td>Smart Intrusion Prevention (SIP) by Camera<\/td>\n<td colspan=\"2\">4-ch<\/td>\n<td colspan=\"2\">8-ch<\/td>\n<\/tr>\n<tr>\n<td class=\"thead\" colspan=\"5\">General Alarm<\/td>\n<\/tr>\n<tr>\n<td>General Alarm<\/td>\n<td colspan=\"4\">Motion, Tampering, Human Body Detection, Video Loss, Alarm Input, Audio Detection<\/td>\n<\/tr>\n<tr>\n<td>Alert Alarm<\/td>\n<td colspan=\"4\">IP Conflict, Network Disconnected, Disk Offline , Disk Abnormal, Illegal Access, Hard Disk Space Low, Hard Disk Full, Recording\/Snapshot Abnormal<\/td>\n<\/tr>\n<tr>\n<td class=\"thead\" colspan=\"5\">External Interfac<\/td>\n<\/tr>\n<tr>\n<td>Network Interface<\/td>\n<td colspan=\"4\">1 RJ45 10M\/100M self-adaptive Ethernet Interface<\/td>\n<\/tr>\n<tr>\n<td>USB Interface<\/td>\n<td colspan=\"4\">Rear panel: 1 x USB2.0,1 x USB3.0<\/td>\n<\/tr>\n<tr>\n<td>RS232<\/td>\n<td colspan=\"4\">NA<\/td>\n<\/tr>\n<tr>\n<td>RS485<\/td>\n<td colspan=\"4\">NA<\/td>\n<\/tr>\n<tr>\n<td>Alarm In<\/td>\n<td colspan=\"4\">NA<\/td>\n<\/tr>\n<tr>\n<td>Alarm Out<\/td>\n<td colspan=\"4\">NA Uniview NVR301-16E2<\/td>\n<\/tr>\n<tr>\n<td class=\"thead\" colspan=\"5\">General<\/td>\n<\/tr>\n<tr>\n<td>Power Supply<\/td>\n<td colspan=\"4\">12V DC<br \/>\nPower Consumption: \u22648 W (without HDD)<\/td>\n<\/tr>\n<tr>\n<td>Working Environment<\/td>\n<td colspan=\"4\">-10\u00b0C ~ + 55\u00b0C (+14\u00b0F ~ +131\u00b0F), Humidity \u2264 90% RH (non-condensing)<\/td>\n<\/tr>\n<tr>\n<td>Dimensions (W\u00d7D\u00d7H)<\/td>\n<td colspan=\"4\">260mm \u00d7 240mm \u00d7 47mm (10.2\u2033\u00d79.4\u2033\u00d71.9 \u201c)<\/td>\n<\/tr>\n<tr>\n<td>Weight (without HDD)<\/td>\n<td colspan=\"4\">1.3kg (2.87 lb)<\/td>\n<\/tr>\n<tr>\n<td class=\"thead\" colspan=\"5\">Certification<\/td>\n<\/tr>\n<tr>\n<td>Certification<\/td>\n<td colspan=\"4\">CE, FCC, UL, RoHS, WEEE<\/td>\n<\/tr>\n<tr>\n<td>CE<\/td>\n<td colspan=\"4\">EN 55032: 2015, EN 61000-3-3: 2013, EN IEC 61000-3-2: 2019, EN 55035: 2017<\/td>\n<\/tr>\n<tr>\n<td>FCC<\/td>\n<td colspan=\"4\">Part15 Subpart B, ANSI C63.4 Uniview NVR301-16E2 16CH NVR<\/td>\n<\/tr>\n<\/tbody>\n<\/table>\n","protected":false},"excerpt":{"rendered":"<ul>\n<li><span>Prise en charge des formats vid\u00e9o Ultra 265\/H.265\/H.264<\/span><\/li>\n<li><span>Entr\u00e9e 4\/8\/16 canaux<\/span><\/li>\n<li><span>Cam\u00e9ras IP tierces prises en charge avec la conformit\u00e9 ONVIF\u00a0: Profil S, Profil G, Profil T<\/span><\/li>\n<li><span>Prise en charge HDMI 1 canal, VGA 1 canal, HDMI jusqu&rsquo;\u00e0 une r\u00e9solution 4K (3840 \u00d7 2160)<\/span><\/li>\n<li><span>Sortie simultan\u00e9e HDMI et VGA<\/span><\/li>\n<li><span>Enregistrement en r\u00e9solution jusqu&rsquo;\u00e0 4K<\/span><\/li>\n<li><span>1 disque dur SATA jusqu&rsquo;\u00e0 6 To<\/span><\/li>\n<li><span>Prise en charge de la mise \u00e0 niveau vers le cloud<\/span><\/li>\n<\/ul>\n","protected":false},"featured_media":14575,"comment_status":"open","ping_status":"closed","template":"","meta":[],"product_cat":[238,236],"product_tag":[261],"class_list":{"0":"post-14574","1":"product","2":"type-product","3":"status-publish","4":"has-post-thumbnail","6":"product_cat-securite-surveillance","7":"product_cat-video-surveillance","8":"product_tag-network-video-recorder-nvr","9":"product_brand-uniview","11":"first","12":"instock","13":"taxable","14":"shipping-taxable","15":"product-type-simple"},"_links":{"self":[{"href":"https:\/\/www.safer-security.net\/index.php?rest_route=\/wp\/v2\/product\/14574","targetHints":{"allow":["GET"]}}],"collection":[{"href":"https:\/\/www.safer-security.net\/index.php?rest_route=\/wp\/v2\/product"}],"about":[{"href":"https:\/\/www.safer-security.net\/index.php?rest_route=\/wp\/v2\/types\/product"}],"replies":[{"embeddable":true,"href":"https:\/\/www.safer-security.net\/index.php?rest_route=%2Fwp%2Fv2%2Fcomments&post=14574"}],"version-history":[{"count":1,"href":"https:\/\/www.safer-security.net\/index.php?rest_route=\/wp\/v2\/product\/14574\/revisions"}],"predecessor-version":[{"id":14576,"href":"https:\/\/www.safer-security.net\/index.php?rest_route=\/wp\/v2\/product\/14574\/revisions\/14576"}],"wp:featuredmedia":[{"embeddable":true,"href":"https:\/\/www.safer-security.net\/index.php?rest_route=\/wp\/v2\/media\/14575"}],"wp:attachment":[{"href":"https:\/\/www.safer-security.net\/index.php?rest_route=%2Fwp%2Fv2%2Fmedia&parent=14574"}],"wp:term":[{"taxonomy":"product_cat","embeddable":true,"href":"https:\/\/www.safer-security.net\/index.php?rest_route=%2Fwp%2Fv2%2Fproduct_cat&post=14574"},{"taxonomy":"product_tag","embeddable":true,"href":"https:\/\/www.safer-security.net\/index.php?rest_route=%2Fwp%2Fv2%2Fproduct_tag&post=14574"}],"curies":[{"name":"wp","href":"https:\/\/api.w.org\/{rel}","templated":true}]}}