{"id":14620,"date":"2024-04-03T10:25:39","date_gmt":"2024-04-03T08:25:39","guid":{"rendered":"http:\/\/localhost\/safer\/?post_type=product&#038;p=14620"},"modified":"2025-08-10T01:09:38","modified_gmt":"2025-08-09T23:09:38","slug":"aiwa-ecran-22-5ms-fhd-75hz-hdmi-vga","status":"publish","type":"product","link":"https:\/\/www.safer-security.net\/?product=aiwa-ecran-22-5ms-fhd-75hz-hdmi-vga","title":{"rendered":"AIWA | ECRAN 22&Prime; 5MS\/FHD\/75HZ\/HDMI\/VGA"},"content":{"rendered":"<ul>\n<li>Ecran Aiwa MF2203<\/li>\n<li>Taille de l&rsquo;\u00e9cran : 22&Prime;, 75Hz<\/li>\n<li>R\u00e9solution: 1920 x 1080 pixels<\/li>\n<li>Luminosit\u00e9: 210 cd\/m\u00b2<\/li>\n<li>Format de l&rsquo;\u00e9cran : 16:9<\/li>\n<li>Rapport de contraste : 1000 : 1<\/li>\n<li>Temps de r\u00e9ponse : 5 ms<\/li>\n<li>Angle de vision: (178\u00b0 V \/ 178\u00b0 H)<\/li>\n<li>Type de panneau : IPS- Ecran Flat<\/li>\n<li>Connecteurs : 1x HDMI ,1x VGA<\/li>\n<li>Dimensions: 550 x 107 x 358 mm<\/li>\n<li>Poids : 2,95 kg<\/li>\n<li>Couleur : Noir<\/li>\n<li>Garantie : 1 an<\/li>\n<\/ul>\n","protected":false},"excerpt":{"rendered":"<p>Ecran Aiwa MF2203 Taille de l&rsquo;\u00e9cran : 22&Prime;, 75Hz R\u00e9solution: 1920 x 1080 pixels Luminosit\u00e9: 210 cd\/m\u00b2 Format de l&rsquo;\u00e9cran : 16:9 Rapport de contraste : 1000 : 1 Temps de r\u00e9ponse : 5 ms Angle de vision: (178\u00b0 V &hellip; <a href=\"https:\/\/www.safer-security.net\/?product=aiwa-ecran-22-5ms-fhd-75hz-hdmi-vga\">Readmore<\/a><\/p>\n","protected":false},"featured_media":14551,"comment_status":"open","ping_status":"closed","template":"","meta":[],"product_cat":[253],"product_tag":[328],"class_list":{"0":"post-14620","1":"product","2":"type-product","3":"status-publish","4":"has-post-thumbnail","6":"product_cat-ecran","7":"product_tag-aiwa","9":"first","10":"instock","11":"taxable","12":"shipping-taxable","13":"product-type-simple"},"_links":{"self":[{"href":"https:\/\/www.safer-security.net\/index.php?rest_route=\/wp\/v2\/product\/14620","targetHints":{"allow":["GET"]}}],"collection":[{"href":"https:\/\/www.safer-security.net\/index.php?rest_route=\/wp\/v2\/product"}],"about":[{"href":"https:\/\/www.safer-security.net\/index.php?rest_route=\/wp\/v2\/types\/product"}],"replies":[{"embeddable":true,"href":"https:\/\/www.safer-security.net\/index.php?rest_route=%2Fwp%2Fv2%2Fcomments&post=14620"}],"version-history":[{"count":1,"href":"https:\/\/www.safer-security.net\/index.php?rest_route=\/wp\/v2\/product\/14620\/revisions"}],"predecessor-version":[{"id":14652,"href":"https:\/\/www.safer-security.net\/index.php?rest_route=\/wp\/v2\/product\/14620\/revisions\/14652"}],"wp:featuredmedia":[{"embeddable":true,"href":"https:\/\/www.safer-security.net\/index.php?rest_route=\/wp\/v2\/media\/14551"}],"wp:attachment":[{"href":"https:\/\/www.safer-security.net\/index.php?rest_route=%2Fwp%2Fv2%2Fmedia&parent=14620"}],"wp:term":[{"taxonomy":"product_cat","embeddable":true,"href":"https:\/\/www.safer-security.net\/index.php?rest_route=%2Fwp%2Fv2%2Fproduct_cat&post=14620"},{"taxonomy":"product_tag","embeddable":true,"href":"https:\/\/www.safer-security.net\/index.php?rest_route=%2Fwp%2Fv2%2Fproduct_tag&post=14620"}],"curies":[{"name":"wp","href":"https:\/\/api.w.org\/{rel}","templated":true}]}}