{"id":14646,"date":"2024-04-02T15:18:10","date_gmt":"2024-04-02T13:18:10","guid":{"rendered":"http:\/\/localhost\/safer\/?post_type=product&#038;p=14646"},"modified":"2024-04-02T15:29:31","modified_gmt":"2024-04-02T13:29:31","slug":"bloc-alimentation-metale-12v20a","status":"publish","type":"product","link":"https:\/\/www.safer-security.net\/?product=bloc-alimentation-metale-12v20a","title":{"rendered":"BLOC ALIMENTATION METALE 12V20A"},"content":{"rendered":"","protected":false},"excerpt":{"rendered":"<ul>\n<li>Commutateur d\u2019alimentation, convertissez AC 110V\/220V en DC 12V 20A 120W<\/li>\n<li>Protection: Protection contre les p\u00e9nuries, protection contre les surcharges, protection contre les surtensions.<\/li>\n<li>Conformit\u00e9 \u00e0 la s\u00e9curit\u00e9 CE et RoHS, haute efficacit\u00e9 et performance stable.<\/li>\n<li>Large plage de tension d\u2019entr\u00e9e, tension de sortie stable et pr\u00e9cise.<\/li>\n<li>Grand transformateur de puissance pour l\u2019\u00e9quipement \u00e9lectronique, l\u2019\u00e9clairage men\u00e9, l\u2019appareil m\u00e9nager etc.<\/li>\n<\/ul>\n","protected":false},"featured_media":14647,"comment_status":"open","ping_status":"closed","template":"","meta":[],"product_cat":[244],"product_tag":[289],"class_list":{"0":"post-14646","1":"product","2":"type-product","3":"status-publish","4":"has-post-thumbnail","6":"product_cat-alimentation","7":"product_tag-bloc","9":"first","10":"instock","11":"taxable","12":"shipping-taxable","13":"product-type-simple"},"_links":{"self":[{"href":"https:\/\/www.safer-security.net\/index.php?rest_route=\/wp\/v2\/product\/14646","targetHints":{"allow":["GET"]}}],"collection":[{"href":"https:\/\/www.safer-security.net\/index.php?rest_route=\/wp\/v2\/product"}],"about":[{"href":"https:\/\/www.safer-security.net\/index.php?rest_route=\/wp\/v2\/types\/product"}],"replies":[{"embeddable":true,"href":"https:\/\/www.safer-security.net\/index.php?rest_route=%2Fwp%2Fv2%2Fcomments&post=14646"}],"version-history":[{"count":1,"href":"https:\/\/www.safer-security.net\/index.php?rest_route=\/wp\/v2\/product\/14646\/revisions"}],"predecessor-version":[{"id":14648,"href":"https:\/\/www.safer-security.net\/index.php?rest_route=\/wp\/v2\/product\/14646\/revisions\/14648"}],"wp:featuredmedia":[{"embeddable":true,"href":"https:\/\/www.safer-security.net\/index.php?rest_route=\/wp\/v2\/media\/14647"}],"wp:attachment":[{"href":"https:\/\/www.safer-security.net\/index.php?rest_route=%2Fwp%2Fv2%2Fmedia&parent=14646"}],"wp:term":[{"taxonomy":"product_cat","embeddable":true,"href":"https:\/\/www.safer-security.net\/index.php?rest_route=%2Fwp%2Fv2%2Fproduct_cat&post=14646"},{"taxonomy":"product_tag","embeddable":true,"href":"https:\/\/www.safer-security.net\/index.php?rest_route=%2Fwp%2Fv2%2Fproduct_tag&post=14646"}],"curies":[{"name":"wp","href":"https:\/\/api.w.org\/{rel}","templated":true}]}}