{"id":14655,"date":"2024-04-03T10:52:04","date_gmt":"2024-04-03T08:52:04","guid":{"rendered":"http:\/\/localhost\/safer\/?post_type=product&#038;p=14655"},"modified":"2024-04-03T10:52:04","modified_gmt":"2024-04-03T08:52:04","slug":"schutz-pack-alarme-domestique-7-pouces","status":"publish","type":"product","link":"https:\/\/www.safer-security.net\/?product=schutz-pack-alarme-domestique-7-pouces","title":{"rendered":"SCHUTZ | PACK ALARME DOMESTIQUE 7 POUCES"},"content":{"rendered":"","protected":false},"excerpt":{"rendered":"<p>KIT ALARME SANS FILS COMPOSE DE CENTRALE , 2 CONTACT, 1 DETECTEUR IR ,2 TELECOMMANDE ET SIRENE EXTERIEUR SOLAIRE<br \/>\n1- Centrale SHIELD7 avec 8 zone filaires ( Connecte jusqu\u2019\u00e0 200 accessoires ) Avec une autonomie de batterie 5000mah 32 heures.<br \/>\n1- Shield-MD-V2 D\u00e9tecteur de Mouvement PIR<br \/>\n2- Shield-RC-V2 T\u00e9l\u00e9commande de Proximit\u00e9 4Boutons<br \/>\n2- Shield-DS-V2 Contact Magn\u00e9tique<br \/>\n1- Shield-SRN-V2\u00a0Sir\u00e8ne ext\u00e9rieure solaire<\/p>\n","protected":false},"featured_media":14656,"comment_status":"open","ping_status":"closed","template":"","meta":[],"product_cat":[237],"product_tag":[267],"class_list":{"0":"post-14655","1":"product","2":"type-product","3":"status-publish","4":"has-post-thumbnail","6":"product_cat-alarme","7":"product_tag-kit","8":"product_brand-schutz","10":"first","11":"instock","12":"taxable","13":"shipping-taxable","14":"product-type-simple"},"_links":{"self":[{"href":"https:\/\/www.safer-security.net\/index.php?rest_route=\/wp\/v2\/product\/14655","targetHints":{"allow":["GET"]}}],"collection":[{"href":"https:\/\/www.safer-security.net\/index.php?rest_route=\/wp\/v2\/product"}],"about":[{"href":"https:\/\/www.safer-security.net\/index.php?rest_route=\/wp\/v2\/types\/product"}],"replies":[{"embeddable":true,"href":"https:\/\/www.safer-security.net\/index.php?rest_route=%2Fwp%2Fv2%2Fcomments&post=14655"}],"version-history":[{"count":1,"href":"https:\/\/www.safer-security.net\/index.php?rest_route=\/wp\/v2\/product\/14655\/revisions"}],"predecessor-version":[{"id":14666,"href":"https:\/\/www.safer-security.net\/index.php?rest_route=\/wp\/v2\/product\/14655\/revisions\/14666"}],"wp:featuredmedia":[{"embeddable":true,"href":"https:\/\/www.safer-security.net\/index.php?rest_route=\/wp\/v2\/media\/14656"}],"wp:attachment":[{"href":"https:\/\/www.safer-security.net\/index.php?rest_route=%2Fwp%2Fv2%2Fmedia&parent=14655"}],"wp:term":[{"taxonomy":"product_cat","embeddable":true,"href":"https:\/\/www.safer-security.net\/index.php?rest_route=%2Fwp%2Fv2%2Fproduct_cat&post=14655"},{"taxonomy":"product_tag","embeddable":true,"href":"https:\/\/www.safer-security.net\/index.php?rest_route=%2Fwp%2Fv2%2Fproduct_tag&post=14655"}],"curies":[{"name":"wp","href":"https:\/\/api.w.org\/{rel}","templated":true}]}}