{"id":14801,"date":"2025-05-28T17:21:02","date_gmt":"2025-05-28T15:21:02","guid":{"rendered":"https:\/\/www.safer-security.net\/?post_type=product&#038;p=14801"},"modified":"2025-05-28T17:25:00","modified_gmt":"2025-05-28T15:25:00","slug":"ipc-gk2cp-4c1wr","status":"publish","type":"product","link":"https:\/\/www.safer-security.net\/?product=ipc-gk2cp-4c1wr","title":{"rendered":"IPC-GK2CP-4C1WR"},"content":{"rendered":"<table>\n<tbody>\n<tr>\n<td width=\"302\"><strong>R\u00e9solution 4MP (2560 \u00d7 1440)<\/strong><\/td>\n<td width=\"302\">Vid\u00e9o haute d\u00e9finition pour des images nettes et d\u00e9taill\u00e9es.<\/td>\n<\/tr>\n<tr>\n<td width=\"302\">\u00a0<strong data-start=\"191\" data-end=\"212\">Rotation Pan\/Tilt<\/strong><\/td>\n<td width=\"302\">Angle de vision \u00e9largi avec une rotation horizontale \u00e0 355\u00b0 et verticale \u00e0 90\u00b0.<\/td>\n<\/tr>\n<tr>\n<td width=\"302\"><strong>Vision Nocturne Avanc\u00e9e<\/strong><\/td>\n<td width=\"302\">Capture d\u2019images claires m\u00eame dans l\u2019obscurit\u00e9 totale.<\/td>\n<\/tr>\n<tr>\n<td width=\"302\"><strong>D\u00e9tection Humaine &amp; Suivi Automatique<\/strong><\/td>\n<td width=\"302\">\u00a0Reconna\u00eet et suit les mouvements en temps r\u00e9el.<\/td>\n<\/tr>\n<tr>\n<td width=\"302\"><strong>Audio Bidirectionnel<\/strong><\/td>\n<td width=\"302\">Micro et haut-parleur int\u00e9gr\u00e9s pour interagir\u00a0\u00a0 avec les visiteurs ou dissuader les intrus<\/td>\n<\/tr>\n<tr>\n<td width=\"302\"><strong>Stockage Flexible<\/strong><\/td>\n<td width=\"302\">\u00a0Compatible avec carte microSD (jusqu\u2019\u00e0 256 Go), stockage Cloud et NVR.<\/td>\n<\/tr>\n<tr>\n<td width=\"302\"><strong>Connexion Wi-Fi et Ethernet<\/strong><\/td>\n<td width=\"302\">\u00a0Installation facile et stable avec diff\u00e9rentes options de connexion.<\/td>\n<\/tr>\n<tr>\n<td width=\"302\"><strong>Mode Confidentialit\u00e9<\/strong><\/td>\n<td width=\"302\">D\u00e9sactive la cam\u00e9ra pour garantir l\u2019intimit\u00e9 \u00e0 tout moment<\/td>\n<\/tr>\n<tr>\n<td width=\"302\"><strong>Compatibilit\u00e9<\/strong><\/td>\n<td width=\"302\">\u00a0Fonctionne avec l\u2019application Imou Life pour un contr\u00f4le \u00e0 distance via smartphone.<\/td>\n<\/tr>\n<\/tbody>\n<\/table>\n","protected":false},"excerpt":{"rendered":"<ul>\n<li data-start=\"0\" data-end=\"61\"><strong data-start=\"5\" data-end=\"28\">R\u00e9solution\u00a04MP\u00a0(2K)<\/strong>\u00a0\u2013 Images nettes et d\u00e9taill\u00e9es.<\/li>\n<li data-start=\"62\" data-end=\"120\"><strong data-start=\"67\" data-end=\"90\">Rotation\u00a0355\u00b0 \/ 90\u00b0<\/strong>\u00a0\u2013 Vue panoramique compl\u00e8te.<\/li>\n<li data-start=\"121\" data-end=\"176\"><strong data-start=\"126\" data-end=\"153\">Vision nocturne avanc\u00e9e<\/strong>\u00a0\u2013 Surveillance\u00a024\/7.<\/li>\n<li data-start=\"177\" data-end=\"253\"><strong data-start=\"185\" data-end=\"226\">D\u00e9tection humaine &amp; suivi automatique<\/strong>\u00a0\u2013 S\u00e9curit\u00e9 intelligente.<\/li>\n<li data-start=\"254\" data-end=\"316\"><strong data-start=\"259\" data-end=\"283\">Audio bidirectionnel<\/strong>\u00a0\u2013 Communication en temps r\u00e9el.<\/li>\n<li data-start=\"317\" data-end=\"375\" data-is-last-node=\"\"><strong data-start=\"322\" data-end=\"348\">Contr\u00f4le via Imou Life<\/strong>\u00a0\u2013 Acc\u00e8s \u00e0 distance facile.<\/li>\n<\/ul>\n","protected":false},"featured_media":14806,"comment_status":"open","ping_status":"closed","template":"","meta":[],"product_cat":[238,236],"product_tag":[259],"class_list":{"0":"post-14801","1":"product","2":"type-product","3":"status-publish","4":"has-post-thumbnail","6":"product_cat-securite-surveillance","7":"product_cat-video-surveillance","8":"product_tag-ip-camera","9":"product_brand-imou","11":"first","12":"instock","13":"taxable","14":"shipping-taxable","15":"product-type-simple"},"_links":{"self":[{"href":"https:\/\/www.safer-security.net\/index.php?rest_route=\/wp\/v2\/product\/14801","targetHints":{"allow":["GET"]}}],"collection":[{"href":"https:\/\/www.safer-security.net\/index.php?rest_route=\/wp\/v2\/product"}],"about":[{"href":"https:\/\/www.safer-security.net\/index.php?rest_route=\/wp\/v2\/types\/product"}],"replies":[{"embeddable":true,"href":"https:\/\/www.safer-security.net\/index.php?rest_route=%2Fwp%2Fv2%2Fcomments&post=14801"}],"version-history":[{"count":1,"href":"https:\/\/www.safer-security.net\/index.php?rest_route=\/wp\/v2\/product\/14801\/revisions"}],"predecessor-version":[{"id":14805,"href":"https:\/\/www.safer-security.net\/index.php?rest_route=\/wp\/v2\/product\/14801\/revisions\/14805"}],"wp:featuredmedia":[{"embeddable":true,"href":"https:\/\/www.safer-security.net\/index.php?rest_route=\/wp\/v2\/media\/14806"}],"wp:attachment":[{"href":"https:\/\/www.safer-security.net\/index.php?rest_route=%2Fwp%2Fv2%2Fmedia&parent=14801"}],"wp:term":[{"taxonomy":"product_cat","embeddable":true,"href":"https:\/\/www.safer-security.net\/index.php?rest_route=%2Fwp%2Fv2%2Fproduct_cat&post=14801"},{"taxonomy":"product_tag","embeddable":true,"href":"https:\/\/www.safer-security.net\/index.php?rest_route=%2Fwp%2Fv2%2Fproduct_tag&post=14801"}],"curies":[{"name":"wp","href":"https:\/\/api.w.org\/{rel}","templated":true}]}}