{"id":14810,"date":"2025-05-29T10:38:21","date_gmt":"2025-05-29T08:38:21","guid":{"rendered":"https:\/\/www.safer-security.net\/?post_type=product&#038;p=14810"},"modified":"2025-05-29T10:55:47","modified_gmt":"2025-05-29T08:55:47","slug":"camera-ip-interne-imou-ranger-2-5mp-ipc-k2ep-5h2w","status":"publish","type":"product","link":"https:\/\/www.safer-security.net\/?product=camera-ip-interne-imou-ranger-2-5mp-ipc-k2ep-5h2w","title":{"rendered":"CAM\u00c9RA IP INTERNE IMOU RANGER 2\/5MP (IPC-K2EP-5H2W)"},"content":{"rendered":"<table>\n<tbody>\n<tr>\n<td width=\"397\"><strong>R\u00e9solution<\/strong><\/td>\n<td width=\"397\">5 MP (2688 x 1664 pixels)<\/td>\n<\/tr>\n<tr>\n<td width=\"397\"><strong>Objectif<\/strong><\/td>\n<td width=\"397\">objectif fixe de 3,6 mm<\/td>\n<\/tr>\n<tr>\n<td width=\"397\"><strong>Panoramique\/Inclinaison<\/strong><\/td>\n<td width=\"397\">panoramique \u00e0 355\u00b0, inclinaison de -5\u00b0 \u00e0 80\u00b0<\/td>\n<\/tr>\n<tr>\n<td width=\"397\"><strong>Compression vid\u00e9o<\/strong><\/td>\n<td width=\"397\">H.265\/H.264<\/td>\n<\/tr>\n<tr>\n<td width=\"397\"><strong>Fr\u00e9quence d&rsquo;images<\/strong><\/td>\n<td width=\"397\">\u00a0jusqu&rsquo;\u00e0 25\/30 ips<\/td>\n<\/tr>\n<tr>\n<td width=\"397\"><strong>Zoom num\u00e9rique<\/strong><\/td>\n<td width=\"397\">8x<\/td>\n<\/tr>\n<tr>\n<td width=\"397\"><strong>Audio<\/strong><\/td>\n<td width=\"397\">Conversation bidirectionnelle<\/td>\n<\/tr>\n<tr>\n<td width=\"397\"><strong>Notifications<\/strong><\/td>\n<td width=\"397\">d\u00e9tection de mouvement, d\u00e9tection humaine, r\u00e9gion personnalis\u00e9e, alarme sonore anormale<\/td>\n<\/tr>\n<tr>\n<td width=\"397\"><strong>Stockage<\/strong><\/td>\n<td width=\"397\">\u00a0carte SD, NVR ou stockage cloud<\/td>\n<\/tr>\n<tr>\n<td width=\"397\"><strong>Vision nocturne<\/strong><\/td>\n<td width=\"397\">jusqu&rsquo;\u00e0 10 m (33 pi)<\/td>\n<\/tr>\n<tr>\n<td width=\"397\"><strong>Imou Cloud\u00a0<\/strong><\/td>\n<td width=\"397\">notifications d&rsquo;alarme, streaming vid\u00e9o en direct, mises \u00e0 jour du firmware<\/td>\n<\/tr>\n<tr>\n<td width=\"397\"><strong>Sans fil\u00a0<\/strong><\/td>\n<td width=\"397\">Wi-Fi (IEEE802.11b\/g\/n\/ax)<\/td>\n<\/tr>\n<tr>\n<td width=\"397\"><strong>Application<\/strong><\/td>\n<td width=\"397\">Application Imou (iOS, Android)<\/td>\n<\/tr>\n<\/tbody>\n<\/table>\n","protected":false},"excerpt":{"rendered":"<p>Cam\u00e9ra\u00a0IP Interne imou Ranger2 5MP Couverture \u00e0 360\u00b0 avec d\u00e9tection de personnes par IA et mode confidentialit\u00e9\u00a0&#8211;\u00a01\/2.7\u201d 2 Megapixel Progressive CMOS -5MP\u00a0 &#8211;\u00a0Night Vision:\u00a010m (33ft) Distance &#8211;\u00a03.6mm Fixed Lens &#8211;\u00a0Field of View: 93\u00b0 (H), 48\u00b0 (V), 115\u00b0 (D) &#8211;\u00a00 to 355\u00b0Pan &amp; -5 to 80\u00b0Tilt\u00a0&#8211; Wi-Fi: IEEE802.11b\/g\/n, 50m Open Field &#8211; Imou Life App: iOS, Android &#8211; Onvif &#8211;\u00a0Micro SD Card Slot (up to 256GB) &#8211;\u00a0Built-in Microphone &amp; Speaker &#8211;\u00a0Reset Button &#8211;\u00a0Video Compression : H.265\/H.264 &#8211; Up to 25\/30fps Frame Rate &#8211; 16x Digital Zoom &#8211; Two-way Audio &#8211;\u00a0Motion Detection &#8211;\u00a0Human Detection &#8211;\u00a0Configurable Region &#8211;\u00a0Abnormal Sound Alarm &#8211;\u00a0Dimensions\u00a0106.1 \u00d7 77.4 \u00d7 77.4\u00a0mm\u00a0&#8211;\u00a0Poids 238g\u00a0&#8211;<\/p>\n","protected":false},"featured_media":14811,"comment_status":"open","ping_status":"closed","template":"","meta":[],"product_cat":[238,236],"product_tag":[259],"class_list":{"0":"post-14810","1":"product","2":"type-product","3":"status-publish","4":"has-post-thumbnail","6":"product_cat-securite-surveillance","7":"product_cat-video-surveillance","8":"product_tag-ip-camera","9":"product_brand-imou","11":"first","12":"instock","13":"taxable","14":"shipping-taxable","15":"product-type-simple"},"_links":{"self":[{"href":"https:\/\/www.safer-security.net\/index.php?rest_route=\/wp\/v2\/product\/14810","targetHints":{"allow":["GET"]}}],"collection":[{"href":"https:\/\/www.safer-security.net\/index.php?rest_route=\/wp\/v2\/product"}],"about":[{"href":"https:\/\/www.safer-security.net\/index.php?rest_route=\/wp\/v2\/types\/product"}],"replies":[{"embeddable":true,"href":"https:\/\/www.safer-security.net\/index.php?rest_route=%2Fwp%2Fv2%2Fcomments&post=14810"}],"version-history":[{"count":1,"href":"https:\/\/www.safer-security.net\/index.php?rest_route=\/wp\/v2\/product\/14810\/revisions"}],"predecessor-version":[{"id":14813,"href":"https:\/\/www.safer-security.net\/index.php?rest_route=\/wp\/v2\/product\/14810\/revisions\/14813"}],"wp:featuredmedia":[{"embeddable":true,"href":"https:\/\/www.safer-security.net\/index.php?rest_route=\/wp\/v2\/media\/14811"}],"wp:attachment":[{"href":"https:\/\/www.safer-security.net\/index.php?rest_route=%2Fwp%2Fv2%2Fmedia&parent=14810"}],"wp:term":[{"taxonomy":"product_cat","embeddable":true,"href":"https:\/\/www.safer-security.net\/index.php?rest_route=%2Fwp%2Fv2%2Fproduct_cat&post=14810"},{"taxonomy":"product_tag","embeddable":true,"href":"https:\/\/www.safer-security.net\/index.php?rest_route=%2Fwp%2Fv2%2Fproduct_tag&post=14810"}],"curies":[{"name":"wp","href":"https:\/\/api.w.org\/{rel}","templated":true}]}}