{"id":14824,"date":"2025-05-29T11:21:36","date_gmt":"2025-05-29T09:21:36","guid":{"rendered":"https:\/\/www.safer-security.net\/?post_type=product&#038;p=14824"},"modified":"2025-05-29T11:21:36","modified_gmt":"2025-05-29T09:21:36","slug":"ipc-k9dcp-3t0we-v2","status":"publish","type":"product","link":"https:\/\/www.safer-security.net\/?product=ipc-k9dcp-3t0we-v2","title":{"rendered":"IPC-K9DCP-3T0WE-V2"},"content":{"rendered":"<h1><\/h1>\n<table>\n<tbody>\n<tr>\n<td width=\"288\">Caract\u00e9ristique<\/td>\n<td width=\"288\">Description<\/td>\n<\/tr>\n<tr>\n<td width=\"288\">R\u00e9solution 3MP (2304 \u00d7 1296)<\/td>\n<td width=\"288\">Vid\u00e9o claire et pr\u00e9cise pour une surveillance de qualit\u00e9.<\/td>\n<\/tr>\n<tr>\n<td width=\"288\">Conception Tout-en-Un<\/td>\n<td width=\"288\">Cam\u00e9ra compacte et facile \u00e0 installer, avec tout le n\u00e9cessaire pour la s\u00e9curit\u00e9.<\/td>\n<\/tr>\n<tr>\n<td width=\"288\">Vision Nocturne Infrarouge<\/td>\n<td width=\"288\">Images nettes m\u00eame dans l\u2019obscurit\u00e9 totale, jusqu\u2019\u00e0 une certaine distance.<\/td>\n<\/tr>\n<tr>\n<td width=\"288\">D\u00e9tection Humaine Intelligente<\/td>\n<td width=\"288\">R\u00e9duction des fausses alertes, identification et suivi des personnes.<\/td>\n<\/tr>\n<tr>\n<td width=\"288\">Audio Bidirectionnel<\/td>\n<td width=\"288\">Micro et haut-parleur int\u00e9gr\u00e9s pour une communication en temps r\u00e9el.<\/td>\n<\/tr>\n<tr>\n<td width=\"288\">R\u00e9sistance aux Intemp\u00e9ries (IP67)<\/td>\n<td width=\"288\">Con\u00e7ue pour l\u2019ext\u00e9rieur, r\u00e9sistante \u00e0 la poussi\u00e8re et \u00e0 l\u2019eau.<\/td>\n<\/tr>\n<tr>\n<td width=\"288\">Connexion Wi-Fi et Ethernet<\/td>\n<td width=\"288\">Installation flexible avec connexion stable pour une performance optimale.<\/td>\n<\/tr>\n<tr>\n<td width=\"288\">Stockage S\u00e9curis\u00e9<\/td>\n<td width=\"288\">Carte microSD (jusqu\u2019\u00e0 256 Go), Cloud et NVR compatibles.<\/td>\n<\/tr>\n<tr>\n<td width=\"288\">Contr\u00f4le via Imou Life<\/td>\n<td width=\"288\">Application mobile pour la gestion \u00e0 distance de la s\u00e9curit\u00e9.<\/td>\n<\/tr>\n<\/tbody>\n<\/table>\n<p>&nbsp;<\/p>\n","protected":false},"excerpt":{"rendered":"<ul>\n<li data-start=\"0\" data-end=\"53\"><strong data-start=\"5\" data-end=\"23\">R\u00e9solution\u00a03MP<\/strong>\u00a0\u2013 Images nettes et claires.<\/li>\n<li data-start=\"54\" data-end=\"124\"><strong data-start=\"59\" data-end=\"89\">Vision nocturne infrarouge<\/strong>\u00a0\u2013 Surveillance efficace de nuit.<\/li>\n<li data-start=\"125\" data-end=\"197\"><strong data-start=\"133\" data-end=\"167\">D\u00e9tection humaine intelligente<\/strong>\u00a0\u2013 Moins de fausses alertes.<\/li>\n<li data-start=\"198\" data-end=\"260\"><strong data-start=\"203\" data-end=\"227\">Audio bidirectionnel<\/strong>\u00a0\u2013 Communication en\u00a0temps r\u00e9el.<\/li>\n<li data-start=\"261\" data-end=\"311\"><strong data-start=\"266\" data-end=\"282\">IP67 \u00c9tanche<\/strong>\u00a0\u2013 R\u00e9siste aux intemp\u00e9ries.<\/li>\n<li data-start=\"312\" data-end=\"371\"><strong data-start=\"317\" data-end=\"337\">Wi-Fi &amp; Ethernet<\/strong>\u00a0\u2013 Connexion flexible et stable.<\/li>\n<li data-start=\"372\" data-end=\"430\" data-is-last-node=\"\"><strong data-start=\"377\" data-end=\"403\">Contr\u00f4le via Imou Life<\/strong>\u00a0\u2013 Acc\u00e8s\u00a0\u00e0 distance\u00a0facile.<\/li>\n<\/ul>\n","protected":false},"featured_media":14825,"comment_status":"open","ping_status":"closed","template":"","meta":[],"product_cat":[238,236],"product_tag":[259],"class_list":{"0":"post-14824","1":"product","2":"type-product","3":"status-publish","4":"has-post-thumbnail","6":"product_cat-securite-surveillance","7":"product_cat-video-surveillance","8":"product_tag-ip-camera","9":"product_brand-imou","11":"first","12":"instock","13":"taxable","14":"shipping-taxable","15":"product-type-simple"},"_links":{"self":[{"href":"https:\/\/www.safer-security.net\/index.php?rest_route=\/wp\/v2\/product\/14824","targetHints":{"allow":["GET"]}}],"collection":[{"href":"https:\/\/www.safer-security.net\/index.php?rest_route=\/wp\/v2\/product"}],"about":[{"href":"https:\/\/www.safer-security.net\/index.php?rest_route=\/wp\/v2\/types\/product"}],"replies":[{"embeddable":true,"href":"https:\/\/www.safer-security.net\/index.php?rest_route=%2Fwp%2Fv2%2Fcomments&post=14824"}],"version-history":[{"count":1,"href":"https:\/\/www.safer-security.net\/index.php?rest_route=\/wp\/v2\/product\/14824\/revisions"}],"predecessor-version":[{"id":14830,"href":"https:\/\/www.safer-security.net\/index.php?rest_route=\/wp\/v2\/product\/14824\/revisions\/14830"}],"wp:featuredmedia":[{"embeddable":true,"href":"https:\/\/www.safer-security.net\/index.php?rest_route=\/wp\/v2\/media\/14825"}],"wp:attachment":[{"href":"https:\/\/www.safer-security.net\/index.php?rest_route=%2Fwp%2Fv2%2Fmedia&parent=14824"}],"wp:term":[{"taxonomy":"product_cat","embeddable":true,"href":"https:\/\/www.safer-security.net\/index.php?rest_route=%2Fwp%2Fv2%2Fproduct_cat&post=14824"},{"taxonomy":"product_tag","embeddable":true,"href":"https:\/\/www.safer-security.net\/index.php?rest_route=%2Fwp%2Fv2%2Fproduct_tag&post=14824"}],"curies":[{"name":"wp","href":"https:\/\/api.w.org\/{rel}","templated":true}]}}