{"id":14841,"date":"2025-05-29T12:23:25","date_gmt":"2025-05-29T10:23:25","guid":{"rendered":"https:\/\/www.safer-security.net\/?post_type=product&#038;p=14841"},"modified":"2025-05-29T17:52:40","modified_gmt":"2025-05-29T15:52:40","slug":"camera-imou-cruiser-se-wifi-2mp-ipc-s21fp","status":"publish","type":"product","link":"https:\/\/www.safer-security.net\/?product=camera-imou-cruiser-se-wifi-2mp-ipc-s21fp","title":{"rendered":"Cam\u00e9ra imou Cruiser se WIFI 2MP (IPC-S21FP)"},"content":{"rendered":"<h1><\/h1>\n<table>\n<tbody>\n<tr>\n<td width=\"288\">Cat\u00e9gorie<\/td>\n<td width=\"288\">Sp\u00e9cifications<\/td>\n<\/tr>\n<tr>\n<td width=\"288\">Capteur<\/td>\n<td width=\"288\">1\/2.9&Prime; 2 M\u00e9gapixel Progressive CMOS<\/td>\n<\/tr>\n<tr>\n<td width=\"288\">R\u00e9solution<\/td>\n<td width=\"288\">2 MP (1920 x 1080)<\/td>\n<\/tr>\n<tr>\n<td width=\"288\">Vision nocturne<\/td>\n<td width=\"288\">Jusqu\u2019\u00e0 30 m (98 ft)<\/td>\n<\/tr>\n<tr>\n<td width=\"288\">Objectif<\/td>\n<td width=\"288\">Fixe 3.6 mm \/ 6 mm<\/td>\n<\/tr>\n<tr>\n<td width=\"288\">Champ de vision<\/td>\n<td width=\"288\">3.6 mm : 86\u00b0 (H), 45\u00b0 (V), 105\u00b0 (D)<br \/>\n6 mm : 51\u00b0 (H), 29\u00b0 (V), 59\u00b0 (D)<\/td>\n<\/tr>\n<tr>\n<td width=\"288\">Pan \/ Tilt<\/td>\n<td width=\"288\">Rotation : 355\u00b0<br \/>\nInclinaison : 0 ~ 90\u00b0<\/td>\n<\/tr>\n<tr>\n<td width=\"288\">Port Ethernet<\/td>\n<td width=\"288\">1 x 100 Mbps<\/td>\n<\/tr>\n<tr>\n<td width=\"288\">Wi-Fi<\/td>\n<td width=\"288\">IEEE802.11b\/g\/n, antennes doubles<\/td>\n<\/tr>\n<tr>\n<td width=\"288\">Application mobile<\/td>\n<td width=\"288\">Imou (iOS, Android)<\/td>\n<\/tr>\n<tr>\n<td width=\"288\">Compatibilit\u00e9<\/td>\n<td width=\"288\">ONVIF<\/td>\n<\/tr>\n<tr>\n<td width=\"288\">Compression vid\u00e9o<\/td>\n<td width=\"288\">H.264<\/td>\n<\/tr>\n<tr>\n<td width=\"288\">Fr\u00e9quence d\u2019images<\/td>\n<td width=\"288\">Jusqu\u2019\u00e0 20 fps<\/td>\n<\/tr>\n<tr>\n<td width=\"288\">Zoom num\u00e9rique<\/td>\n<td width=\"288\">16x<\/td>\n<\/tr>\n<tr>\n<td width=\"288\">Microphone<\/td>\n<td width=\"288\">Int\u00e9gr\u00e9<\/td>\n<\/tr>\n<tr>\n<td width=\"288\">Stockage<\/td>\n<td width=\"288\">Emplacement Micro SD jusqu\u2019\u00e0 256 Go<\/td>\n<\/tr>\n<tr>\n<td width=\"288\">Bouton<\/td>\n<td width=\"288\">R\u00e9initialisation<\/td>\n<\/tr>\n<tr>\n<td width=\"288\">D\u00e9tection<\/td>\n<td width=\"288\">Mouvement, d\u00e9tection humaine, r\u00e9gion configurable<\/td>\n<\/tr>\n<tr>\n<td width=\"288\">Alimentation<\/td>\n<td width=\"288\">DC 12V 1A<\/td>\n<\/tr>\n<tr>\n<td width=\"288\">Consommation<\/td>\n<td width=\"288\">&lt; 6.2 W<\/td>\n<\/tr>\n<tr>\n<td width=\"288\">Mat\u00e9riau<\/td>\n<td width=\"288\">Plastique<\/td>\n<\/tr>\n<tr>\n<td width=\"288\">Conditions de fonctionnement<\/td>\n<td width=\"288\">-20\u00b0C \u00e0 +50\u00b0C, humidit\u00e9 &lt; 95%<\/td>\n<\/tr>\n<tr>\n<td width=\"288\">Dimensions (mm \/ pouces)<\/td>\n<td width=\"288\">120.7 \u00d7 136.2 \u00d7 183.3 mm (4.75 \u00d7 5.36 \u00d7 7.22 in)<\/td>\n<\/tr>\n<tr>\n<td width=\"288\">Poids<\/td>\n<td width=\"288\">390 g (0.86 lb)<\/td>\n<\/tr>\n<tr>\n<td width=\"288\">Certifications<\/td>\n<td width=\"288\">CE, FCC, UKCA<\/td>\n<\/tr>\n<tr>\n<td width=\"288\">Indice de protection<\/td>\n<td width=\"288\">IP66<\/td>\n<\/tr>\n<\/tbody>\n<\/table>\n<p>&nbsp;<\/p>\n","protected":false},"excerpt":{"rendered":"<p>Imou by Dahua IPC-S22FP Cam\u00e9ra IP compacte IMOU 2MP WiFi avec \u00e9clairage infrarouge 30m pour utilisation en ext\u00e9rieur. Format H.265 et H.264. CMOS 1\/2.8&Prime; 2MP. R\u00e9solution num\u00e9rique de 1080P@25\/30IPS. Optique fixe de 3,6 mm (89\u00b0). D\u00e9tection de mouvement. R\u00e9gion configurable. Audio bidirectionnel (int\u00e8gre un microphone ) Slot MicroSD. Port Ethernet RJ45. IP66. 12V DC. Bouton de r\u00e9initialisation\/WPS. Ipc-s22fp<\/p>\n","protected":false},"featured_media":14903,"comment_status":"open","ping_status":"closed","template":"","meta":[],"product_cat":[238,236],"product_tag":[259],"class_list":{"0":"post-14841","1":"product","2":"type-product","3":"status-publish","4":"has-post-thumbnail","6":"product_cat-securite-surveillance","7":"product_cat-video-surveillance","8":"product_tag-ip-camera","9":"product_brand-imou","11":"first","12":"instock","13":"taxable","14":"shipping-taxable","15":"product-type-simple"},"_links":{"self":[{"href":"https:\/\/www.safer-security.net\/index.php?rest_route=\/wp\/v2\/product\/14841","targetHints":{"allow":["GET"]}}],"collection":[{"href":"https:\/\/www.safer-security.net\/index.php?rest_route=\/wp\/v2\/product"}],"about":[{"href":"https:\/\/www.safer-security.net\/index.php?rest_route=\/wp\/v2\/types\/product"}],"replies":[{"embeddable":true,"href":"https:\/\/www.safer-security.net\/index.php?rest_route=%2Fwp%2Fv2%2Fcomments&post=14841"}],"version-history":[{"count":1,"href":"https:\/\/www.safer-security.net\/index.php?rest_route=\/wp\/v2\/product\/14841\/revisions"}],"predecessor-version":[{"id":14845,"href":"https:\/\/www.safer-security.net\/index.php?rest_route=\/wp\/v2\/product\/14841\/revisions\/14845"}],"wp:featuredmedia":[{"embeddable":true,"href":"https:\/\/www.safer-security.net\/index.php?rest_route=\/wp\/v2\/media\/14903"}],"wp:attachment":[{"href":"https:\/\/www.safer-security.net\/index.php?rest_route=%2Fwp%2Fv2%2Fmedia&parent=14841"}],"wp:term":[{"taxonomy":"product_cat","embeddable":true,"href":"https:\/\/www.safer-security.net\/index.php?rest_route=%2Fwp%2Fv2%2Fproduct_cat&post=14841"},{"taxonomy":"product_tag","embeddable":true,"href":"https:\/\/www.safer-security.net\/index.php?rest_route=%2Fwp%2Fv2%2Fproduct_tag&post=14841"}],"curies":[{"name":"wp","href":"https:\/\/api.w.org\/{rel}","templated":true}]}}