{"id":14846,"date":"2025-05-29T12:32:28","date_gmt":"2025-05-29T10:32:28","guid":{"rendered":"https:\/\/www.safer-security.net\/?post_type=product&#038;p=14846"},"modified":"2025-05-29T17:50:41","modified_gmt":"2025-05-29T15:50:41","slug":"ipc-s2vp-5m0w","status":"publish","type":"product","link":"https:\/\/www.safer-security.net\/?product=ipc-s2vp-5m0w","title":{"rendered":"IPC-S2VP-5M0W"},"content":{"rendered":"<h1><\/h1>\n<table>\n<tbody>\n<tr>\n<td width=\"288\">Fonctionnalit\u00e9<\/td>\n<td width=\"288\">Description<\/td>\n<\/tr>\n<tr>\n<td width=\"288\">R\u00e9solution 5MP (2880 \u00d7 1620)<\/td>\n<td width=\"288\">Vid\u00e9o ultra HD pour des images nettes et d\u00e9taill\u00e9es.<\/td>\n<\/tr>\n<tr>\n<td width=\"288\">Rotation PTZ (Pan-Tilt-Zoom)<\/td>\n<td width=\"288\">Mouvement motoris\u00e9 avec vue panoramique et zoom optique.<\/td>\n<\/tr>\n<tr>\n<td width=\"288\">Vision Nocturne Couleur<\/td>\n<td width=\"288\">Surveillance claire m\u00eame en faible luminosit\u00e9.<\/td>\n<\/tr>\n<tr>\n<td width=\"288\">D\u00e9tection Humaine &amp; Suivi Intelligent<\/td>\n<td width=\"288\">Identifie et suit automatiquement les mouvements suspects.<\/td>\n<\/tr>\n<tr>\n<td width=\"288\">Audio Bidirectionnel<\/td>\n<td width=\"288\">Micro et haut-parleur int\u00e9gr\u00e9s pour une communication en temps r\u00e9el.<\/td>\n<\/tr>\n<tr>\n<td width=\"288\">Stockage S\u00e9curis\u00e9<\/td>\n<td width=\"288\">Compatible avec carte microSD (jusqu\u2019\u00e0 256 Go), Cloud et NVR.<\/td>\n<\/tr>\n<tr>\n<td width=\"288\">R\u00e9sistance aux Intemp\u00e9ries (IP66)<\/td>\n<td width=\"288\">Parfaite pour une utilisation en ext\u00e9rieur.<\/td>\n<\/tr>\n<tr>\n<td width=\"288\">Connexion Wi-Fi &amp; Ethernet<\/td>\n<td width=\"288\">Installation simple avec une connexion stable.<\/td>\n<\/tr>\n<tr>\n<td width=\"288\">Contr\u00f4le \u00e0 Distance<\/td>\n<td width=\"288\">Gestion facile via l\u2019application Imou Life.<\/td>\n<\/tr>\n<\/tbody>\n<\/table>\n<p>&nbsp;<\/p>\n","protected":false},"excerpt":{"rendered":"<ul>\n<li data-start=\"0\" data-end=\"58\"><strong data-start=\"5\" data-end=\"23\">R\u00e9solution\u00a05MP<\/strong>\u00a0\u2013 Images ultra HD et d\u00e9taill\u00e9es.<\/li>\n<li data-start=\"59\" data-end=\"110\"><strong data-start=\"64\" data-end=\"80\">PTZ motoris\u00e9<\/strong>\u00a0\u2013\u00a0Rotation\u00a0et\u00a0zoom\u00a0optique.<\/li>\n<li data-start=\"111\" data-end=\"176\"><strong data-start=\"116\" data-end=\"143\">Vision nocturne couleur<\/strong>\u00a0\u2013 Surveillance\u00a0claire de nuit.<\/li>\n<li data-start=\"177\" data-end=\"240\"><strong data-start=\"185\" data-end=\"218\">D\u00e9tection &amp; suivi intelligent<\/strong>\u00a0\u2013 S\u00e9curit\u00e9 avanc\u00e9e.<\/li>\n<li data-start=\"241\" data-end=\"303\"><strong data-start=\"246\" data-end=\"270\">Audio bidirectionnel<\/strong>\u00a0\u2013 Communication en temps r\u00e9el.<\/li>\n<li data-start=\"304\" data-end=\"354\"><strong data-start=\"309\" data-end=\"325\">IP66 \u00c9tanche<\/strong>\u00a0\u2013 R\u00e9siste aux intemp\u00e9ries.<\/li>\n<li data-start=\"355\" data-end=\"414\"><strong data-start=\"360\" data-end=\"380\">Wi-Fi &amp; Ethernet<\/strong>\u00a0\u2013 Connexion stable et flexible.<\/li>\n<li data-start=\"415\" data-end=\"473\" data-is-last-node=\"\"><strong data-start=\"420\" data-end=\"446\">Contr\u00f4le via Imou Life<\/strong>\u00a0\u2013 Acc\u00e8s\u00a0\u00e0 distance\u00a0facile.<\/li>\n<\/ul>\n","protected":false},"featured_media":14909,"comment_status":"open","ping_status":"closed","template":"","meta":[],"product_cat":[238,236],"product_tag":[],"class_list":{"0":"post-14846","1":"product","2":"type-product","3":"status-publish","4":"has-post-thumbnail","6":"product_cat-securite-surveillance","7":"product_cat-video-surveillance","8":"product_brand-imou","10":"first","11":"instock","12":"taxable","13":"shipping-taxable","14":"product-type-simple"},"_links":{"self":[{"href":"https:\/\/www.safer-security.net\/index.php?rest_route=\/wp\/v2\/product\/14846","targetHints":{"allow":["GET"]}}],"collection":[{"href":"https:\/\/www.safer-security.net\/index.php?rest_route=\/wp\/v2\/product"}],"about":[{"href":"https:\/\/www.safer-security.net\/index.php?rest_route=\/wp\/v2\/types\/product"}],"replies":[{"embeddable":true,"href":"https:\/\/www.safer-security.net\/index.php?rest_route=%2Fwp%2Fv2%2Fcomments&post=14846"}],"version-history":[{"count":1,"href":"https:\/\/www.safer-security.net\/index.php?rest_route=\/wp\/v2\/product\/14846\/revisions"}],"predecessor-version":[{"id":14850,"href":"https:\/\/www.safer-security.net\/index.php?rest_route=\/wp\/v2\/product\/14846\/revisions\/14850"}],"wp:featuredmedia":[{"embeddable":true,"href":"https:\/\/www.safer-security.net\/index.php?rest_route=\/wp\/v2\/media\/14909"}],"wp:attachment":[{"href":"https:\/\/www.safer-security.net\/index.php?rest_route=%2Fwp%2Fv2%2Fmedia&parent=14846"}],"wp:term":[{"taxonomy":"product_cat","embeddable":true,"href":"https:\/\/www.safer-security.net\/index.php?rest_route=%2Fwp%2Fv2%2Fproduct_cat&post=14846"},{"taxonomy":"product_tag","embeddable":true,"href":"https:\/\/www.safer-security.net\/index.php?rest_route=%2Fwp%2Fv2%2Fproduct_tag&post=14846"}],"curies":[{"name":"wp","href":"https:\/\/api.w.org\/{rel}","templated":true}]}}