{"id":14851,"date":"2025-05-29T12:43:37","date_gmt":"2025-05-29T10:43:37","guid":{"rendered":"https:\/\/www.safer-security.net\/?post_type=product&#038;p=14851"},"modified":"2025-05-29T17:47:19","modified_gmt":"2025-05-29T15:47:19","slug":"camera-ip-wi-fi-ranger-dual-ipc-s2xp-10m0wed","status":"publish","type":"product","link":"https:\/\/www.safer-security.net\/?product=camera-ip-wi-fi-ranger-dual-ipc-s2xp-10m0wed","title":{"rendered":"Cam\u00e9ra IP Wi-Fi Ranger Dual-IPC-S2XP-10M0WED"},"content":{"rendered":"<table class=\"STable\" border=\"1\" width=\"100%\" cellspacing=\"0\" cellpadding=\"5\" align=\"center\">\n<tbody>\n<tr class=\"bright\">\n<td class=\"tab_title\" width=\"40%\"><span class=\"article\"><span class=\"row_id_23620\">Standard<\/span><\/span>\u00a0:<\/td>\n<td class=\"tab_value\">propri\u00e9t\u00e9 intellectuelle<\/td>\n<\/tr>\n<tr class=\"dark\">\n<td class=\"tab_title\" width=\"40%\"><span class=\"article\"><span class=\"row_id_1767\">R\u00e9solution<\/span><\/span>\u00a0:<\/td>\n<td class=\"tab_value\">\n<ul>\n<li>2880 x 1620 &#8211; 5\u00a0\u00a0<span class=\"article\">Mpx<\/span>\u00a0&#8211; Cam\u00e9ra PTZ,<\/li>\n<li>2880 x 1620 &#8211; 5\u00a0\u00a0<span class=\"article\">Mpx<\/span>\u00a0&#8211; Cam\u00e9ra 2 ,<\/li>\n<\/ul>\n<\/td>\n<\/tr>\n<tr class=\"bright\">\n<td class=\"tab_title\" width=\"40%\"><span class=\"article\"><span class=\"row_id_597\">Capteur<\/span><\/span>\u00a0:<\/td>\n<td class=\"tab_value\">\n<ul>\n<li>Cam\u00e9ra PTZ : CMOS \u00e0 balayage progressif 1\/3&Prime;<\/li>\n<li>Cam\u00e9ra 2\u00a0: CMOS \u00e0 balayage progressif 1\/3<\/li>\n<\/ul>\n<\/td>\n<\/tr>\n<tr class=\"dark\">\n<td class=\"tab_title\" width=\"40%\"><span class=\"row_id_598\">Objectif<\/span>\u00a0:<\/td>\n<td class=\"tab_value\">\n<ul>\n<li>Cam\u00e9ra PTZ : 3,6 mm<\/li>\n<li>Cam\u00e9ra 2\u00a0: 3,6 mm<\/li>\n<\/ul>\n<\/td>\n<\/tr>\n<tr class=\"bright\">\n<td class=\"tab_title\" width=\"40%\"><span class=\"article\"><span class=\"row_id_599\">Angle de vue<\/span><\/span>\u00a0:<\/td>\n<td class=\"tab_value\">\n<ul>\n<li>Cam\u00e9ra PTZ : 87 \u00b0<\/li>\n<li>Cam\u00e9ra 2 : 87 \u00b0<\/li>\n<\/ul>\n<\/td>\n<\/tr>\n<tr class=\"dark\">\n<td class=\"tab_title\" width=\"40%\"><span class=\"article\"><span class=\"row_id_3435\">Gamme d&rsquo;\u00e9clairage IR<\/span><\/span>\u00a0:<\/td>\n<td class=\"tab_value\">15 m<\/td>\n<\/tr>\n<tr class=\"bright\">\n<td class=\"tab_title\" width=\"40%\"><span class=\"row_id_4677\">Gamme d&rsquo;illuminateurs LED \u00e0 lumi\u00e8re blanche<\/span>\u00a0:<\/td>\n<td class=\"tab_value\">15 m<\/td>\n<\/tr>\n<tr class=\"dark\">\n<td class=\"tab_title\" width=\"40%\"><span class=\"row_id_123\">Plage de rotation horizontale<\/span>\u00a0:<\/td>\n<td class=\"tab_value\">355 \u00b0<\/td>\n<\/tr>\n<tr class=\"bright\">\n<td class=\"tab_title\" width=\"40%\"><span class=\"row_id_122\">Plage de rotation verticale<\/span>\u00a0:<\/td>\n<td class=\"tab_value\">0 \u00b0 &#8230; 90 \u00b0<\/td>\n<\/tr>\n<tr class=\"dark\">\n<td class=\"tab_title\" width=\"40%\"><span class=\"row_id_1654\">Audio<\/span>\u00a0:<\/td>\n<td class=\"tab_value\">\n<ul>\n<li>Microphone int\u00e9gr\u00e9,<\/li>\n<li>Transmission audio via r\u00e9seau,<\/li>\n<li>Prise en charge du streaming audio bidirectionnel,<\/li>\n<li>Sir\u00e8ne d&rsquo;alarme int\u00e9gr\u00e9e : 110 dB\/m<\/li>\n<\/ul>\n<\/td>\n<\/tr>\n<\/tbody>\n<\/table>\n","protected":false},"excerpt":{"rendered":"<p>IPC-S2XP-10M0WED<\/p>\n<p>Cam\u00e9ra Imou WIFI Interne double objectif 5+5MP<\/p>\n<ul>\n<li>Mouvement et suivi automatique<\/li>\n<li>Objectif 3.6 mm \/ IR 15m<\/li>\n<li>D\u00e9tection des humains et du son<\/li>\n<li>Audio bidirectionnel \/ Sir\u00e8ne<\/li>\n<li>Application Imou Life et Dahua<\/li>\n<\/ul>\n","protected":false},"featured_media":14905,"comment_status":"open","ping_status":"closed","template":"","meta":[],"product_cat":[238,236],"product_tag":[259],"class_list":{"0":"post-14851","1":"product","2":"type-product","3":"status-publish","4":"has-post-thumbnail","6":"product_cat-securite-surveillance","7":"product_cat-video-surveillance","8":"product_tag-ip-camera","9":"product_brand-imou","11":"first","12":"instock","13":"taxable","14":"shipping-taxable","15":"product-type-simple"},"_links":{"self":[{"href":"https:\/\/www.safer-security.net\/index.php?rest_route=\/wp\/v2\/product\/14851","targetHints":{"allow":["GET"]}}],"collection":[{"href":"https:\/\/www.safer-security.net\/index.php?rest_route=\/wp\/v2\/product"}],"about":[{"href":"https:\/\/www.safer-security.net\/index.php?rest_route=\/wp\/v2\/types\/product"}],"replies":[{"embeddable":true,"href":"https:\/\/www.safer-security.net\/index.php?rest_route=%2Fwp%2Fv2%2Fcomments&post=14851"}],"version-history":[{"count":2,"href":"https:\/\/www.safer-security.net\/index.php?rest_route=\/wp\/v2\/product\/14851\/revisions"}],"predecessor-version":[{"id":14906,"href":"https:\/\/www.safer-security.net\/index.php?rest_route=\/wp\/v2\/product\/14851\/revisions\/14906"}],"wp:featuredmedia":[{"embeddable":true,"href":"https:\/\/www.safer-security.net\/index.php?rest_route=\/wp\/v2\/media\/14905"}],"wp:attachment":[{"href":"https:\/\/www.safer-security.net\/index.php?rest_route=%2Fwp%2Fv2%2Fmedia&parent=14851"}],"wp:term":[{"taxonomy":"product_cat","embeddable":true,"href":"https:\/\/www.safer-security.net\/index.php?rest_route=%2Fwp%2Fv2%2Fproduct_cat&post=14851"},{"taxonomy":"product_tag","embeddable":true,"href":"https:\/\/www.safer-security.net\/index.php?rest_route=%2Fwp%2Fv2%2Fproduct_tag&post=14851"}],"curies":[{"name":"wp","href":"https:\/\/api.w.org\/{rel}","templated":true}]}}