{"id":14882,"date":"2025-05-29T16:38:20","date_gmt":"2025-05-29T14:38:20","guid":{"rendered":"https:\/\/www.safer-security.net\/?post_type=product&#038;p=14882"},"modified":"2025-10-21T15:36:42","modified_gmt":"2025-10-21T13:36:42","slug":"camera-ip-tiandy-tube-4mp-ir-30m","status":"publish","type":"product","link":"https:\/\/www.safer-security.net\/?product=camera-ip-tiandy-tube-4mp-ir-30m","title":{"rendered":"TIANDY | CAMERA BULLET 4MP IR50M 2.8MM"},"content":{"rendered":"<table class=\"table table-bordered specs\" style=\"height: 554px;\" border=\"0\" width=\"718\" cellspacing=\"0\" cellpadding=\"0\">\n<tbody>\n<tr>\n<th>Entr\u00e9es\/Sorties d&rsquo;alarme<\/th>\n<td>Non<\/td>\n<\/tr>\n<tr>\n<th>Alimentation<\/th>\n<td>12 Vcc, PoE 802.3af<\/td>\n<\/tr>\n<tr>\n<th>\u00c9clairage minimum<\/th>\n<td>0,002 lux<\/td>\n<\/tr>\n<tr>\n<th>Hauteur (cm)<\/th>\n<td>6.6<\/td>\n<\/tr>\n<tr>\n<th>Analyse vid\u00e9o<\/th>\n<td>D\u00e9tection de p\u00e9rim\u00e8tre<\/td>\n<\/tr>\n<tr>\n<th>Largeur (cm)<\/th>\n<td>6.8<\/td>\n<\/tr>\n<tr>\n<th>Angle de r\u00e9glage<\/th>\n<td>3 axes<\/td>\n<\/tr>\n<tr>\n<th>Anticorrosion<\/th>\n<td>Non<\/td>\n<\/tr>\n<tr>\n<th>Entr\u00e9e\/Sortie audio<\/th>\n<td>Microphone int\u00e9gr\u00e9<\/td>\n<\/tr>\n<tr>\n<th>Disponibilit\u00e9<\/th>\n<td>\u00c0<\/td>\n<\/tr>\n<tr>\n<th>Marque<\/th>\n<td>TIANDY<\/td>\n<\/tr>\n<tr>\n<th>Distance focale<\/th>\n<td>2,8 mm<\/td>\n<\/tr>\n<tr>\n<th>\u00c0 l&rsquo;\u00e9tranger<\/th>\n<td>IP67<\/td>\n<\/tr>\n<tr>\n<th>LED<\/th>\n<td>50 m IR<\/td>\n<\/tr>\n<tr>\n<th>Poids (kg)<\/th>\n<td>0,47<\/td>\n<\/tr>\n<tr>\n<th>Profondeur (cm)<\/th>\n<td>16.1<\/td>\n<\/tr>\n<tr>\n<th>Degr\u00e9 de protection anti-vandalisme<\/th>\n<td>Non<\/td>\n<\/tr>\n<tr>\n<th>R\u00e9solution<\/th>\n<td>4 Mpx<\/td>\n<\/tr>\n<tr>\n<th>Technologie vid\u00e9o<\/th>\n<td>propri\u00e9t\u00e9 intellectuelle<\/td>\n<\/tr>\n<tr>\n<th>Emplacement SD<\/th>\n<td>Micro SD (512 Go)<\/td>\n<\/tr>\n<tr>\n<th>Support d&rsquo;angle<\/th>\n<td>A35 MONTAGE D&rsquo;ANGLE<\/td>\n<\/tr>\n<tr>\n<th>Support mural<\/th>\n<td>TC-P54BM V5 BT<\/td>\n<\/tr>\n<tr>\n<th>Support apr\u00e8s publication<\/th>\n<td>A36 MONTAGE SUR POTEAU U<\/td>\n<\/tr>\n<tr>\n<th>Technologie de cam\u00e9ra<\/th>\n<td>propri\u00e9t\u00e9 intellectuelle<\/td>\n<\/tr>\n<tr>\n<th>Type de cam\u00e9ra<\/th>\n<td>Balle<\/td>\n<\/tr>\n<tr>\n<th>Type d&rsquo;optique<\/th>\n<td>Fix\u00e9<\/td>\n<\/tr>\n<tr>\n<th>WDR<\/th>\n<td>120 dB<\/td>\n<\/tr>\n<\/tbody>\n<\/table>\n","protected":false},"excerpt":{"rendered":"<p>\u00b7Jusqu&rsquo;\u00e0 2\u00a0560\u00a0x\u00a01\u00a0440 \u00e0 15 ips<br \/>\n\u00b7S+265\/H.265\/H.264<br \/>\n\u00b7Min. Couleur d&rsquo;\u00e9clairage : 0,005 Lux @ F1,6.<br \/>\n\u00b7IR intelligent, port\u00e9e IR\u00a0: 50\u00a0m<br \/>\n\u00b7Conditions de fonctionnement -35\u00b0~65\u00b0, 0~95 % HR<br \/>\n\u00b7 POE, IP67<br \/>\n\u00b7Codage\/image\/alarme intelligents<\/p>\n","protected":false},"featured_media":14924,"comment_status":"open","ping_status":"closed","template":"","meta":[],"product_cat":[238,236],"product_tag":[259],"class_list":{"0":"post-14882","1":"product","2":"type-product","3":"status-publish","4":"has-post-thumbnail","6":"product_cat-securite-surveillance","7":"product_cat-video-surveillance","8":"product_tag-ip-camera","9":"product_brand-tiandy","11":"first","12":"instock","13":"taxable","14":"shipping-taxable","15":"product-type-simple"},"_links":{"self":[{"href":"https:\/\/www.safer-security.net\/index.php?rest_route=\/wp\/v2\/product\/14882","targetHints":{"allow":["GET"]}}],"collection":[{"href":"https:\/\/www.safer-security.net\/index.php?rest_route=\/wp\/v2\/product"}],"about":[{"href":"https:\/\/www.safer-security.net\/index.php?rest_route=\/wp\/v2\/types\/product"}],"replies":[{"embeddable":true,"href":"https:\/\/www.safer-security.net\/index.php?rest_route=%2Fwp%2Fv2%2Fcomments&post=14882"}],"version-history":[{"count":5,"href":"https:\/\/www.safer-security.net\/index.php?rest_route=\/wp\/v2\/product\/14882\/revisions"}],"predecessor-version":[{"id":15089,"href":"https:\/\/www.safer-security.net\/index.php?rest_route=\/wp\/v2\/product\/14882\/revisions\/15089"}],"wp:featuredmedia":[{"embeddable":true,"href":"https:\/\/www.safer-security.net\/index.php?rest_route=\/wp\/v2\/media\/14924"}],"wp:attachment":[{"href":"https:\/\/www.safer-security.net\/index.php?rest_route=%2Fwp%2Fv2%2Fmedia&parent=14882"}],"wp:term":[{"taxonomy":"product_cat","embeddable":true,"href":"https:\/\/www.safer-security.net\/index.php?rest_route=%2Fwp%2Fv2%2Fproduct_cat&post=14882"},{"taxonomy":"product_tag","embeddable":true,"href":"https:\/\/www.safer-security.net\/index.php?rest_route=%2Fwp%2Fv2%2Fproduct_tag&post=14882"}],"curies":[{"name":"wp","href":"https:\/\/api.w.org\/{rel}","templated":true}]}}