{"id":14912,"date":"2025-05-29T18:06:35","date_gmt":"2025-05-29T16:06:35","guid":{"rendered":"https:\/\/www.safer-security.net\/?post_type=product&#038;p=14912"},"modified":"2025-10-21T15:33:05","modified_gmt":"2025-10-21T13:33:05","slug":"tiandy-tc-c35ws","status":"publish","type":"product","link":"https:\/\/www.safer-security.net\/?product=tiandy-tc-c35ws","title":{"rendered":"TIANDY | CAMERA BULLET 5MP IR50M 2.8MM"},"content":{"rendered":"<table class=\"table table-bordered specs\" style=\"height: 448px;\" border=\"0\" width=\"661\" cellspacing=\"0\" cellpadding=\"0\">\n<tbody>\n<tr>\n<th>Alimentation<\/th>\n<td>12 Vcc, PoE 802.3af<\/td>\n<\/tr>\n<tr>\n<th>\u00c9clairage minimal<\/th>\n<td>0,002 lux<\/td>\n<\/tr>\n<tr>\n<th>Hauteur (cm)<\/th>\n<td>6.5<\/td>\n<\/tr>\n<tr>\n<th>Analyse vid\u00e9o<\/th>\n<td>VCA, d\u00e9tection de p\u00e9rim\u00e8tre<\/td>\n<\/tr>\n<tr>\n<th>Largeur (cm)<\/th>\n<td>6.5<\/td>\n<\/tr>\n<tr>\n<th>Anticorrosion<\/th>\n<td>Non<\/td>\n<\/tr>\n<tr>\n<th>Entr\u00e9e\/sortie audio<\/th>\n<td>Microphone int\u00e9gr\u00e9<\/td>\n<\/tr>\n<tr>\n<th>Disponibilit\u00e9<\/th>\n<td>\u00c0<\/td>\n<\/tr>\n<tr>\n<th>Marque<\/th>\n<td>TIANDY<\/td>\n<\/tr>\n<tr>\n<th>Distance focale<\/th>\n<td>2,8 mm<\/td>\n<\/tr>\n<tr>\n<th>\u00c0 l&rsquo;\u00e9tranger<\/th>\n<td>IP67<\/td>\n<\/tr>\n<tr>\n<th>LED<\/th>\n<td>50\u00a0m IR<\/td>\n<\/tr>\n<tr>\n<th>Profondeur (cm)<\/th>\n<td>16<\/td>\n<\/tr>\n<tr>\n<th>R\u00e9solution<\/th>\n<td>5 Mpx<\/td>\n<\/tr>\n<tr>\n<th>Technologie vid\u00e9o<\/th>\n<td>IP<\/td>\n<\/tr>\n<tr>\n<th>Emplacement SD<\/th>\n<td>Micro SD (512 Go)<\/td>\n<\/tr>\n<tr>\n<th>Support mural<\/th>\n<td>Bo\u00eete de jonction A22, TC-P54BM V5 BT<\/td>\n<\/tr>\n<tr>\n<th>Support de poteau<\/th>\n<td>A36 MONTAGE SUR P\u00d4LE U<\/td>\n<\/tr>\n<tr>\n<th>Technologie de cam\u00e9ra<\/th>\n<td>IP<\/td>\n<\/tr>\n<tr>\n<th>Type de cam\u00e9ra<\/th>\n<td>Balle<\/td>\n<\/tr>\n<tr>\n<th>Type d&rsquo;optique<\/th>\n<td>Fix\u00e9<\/td>\n<\/tr>\n<tr>\n<th>WDR<\/th>\n<td>120dB<\/td>\n<\/tr>\n<\/tbody>\n<\/table>\n","protected":false},"excerpt":{"rendered":"<p>TIANDY TC-C35WS SPEC:I5\/E\/Y\/2.8MM\/V4.0 TIANDY. Cam\u00e9ra bullet IP 5Mpx, optique fixe 2,8 mm, IR 50 m, Starlight, WDR, SD, microphone, IP67, 12 Vdc\/PoE.<\/p>\n","protected":false},"featured_media":14928,"comment_status":"open","ping_status":"closed","template":"","meta":[],"product_cat":[238,236],"product_tag":[259],"class_list":{"0":"post-14912","1":"product","2":"type-product","3":"status-publish","4":"has-post-thumbnail","6":"product_cat-securite-surveillance","7":"product_cat-video-surveillance","8":"product_tag-ip-camera","9":"product_brand-tiandy","11":"first","12":"instock","13":"taxable","14":"shipping-taxable","15":"product-type-simple"},"_links":{"self":[{"href":"https:\/\/www.safer-security.net\/index.php?rest_route=\/wp\/v2\/product\/14912","targetHints":{"allow":["GET"]}}],"collection":[{"href":"https:\/\/www.safer-security.net\/index.php?rest_route=\/wp\/v2\/product"}],"about":[{"href":"https:\/\/www.safer-security.net\/index.php?rest_route=\/wp\/v2\/types\/product"}],"replies":[{"embeddable":true,"href":"https:\/\/www.safer-security.net\/index.php?rest_route=%2Fwp%2Fv2%2Fcomments&post=14912"}],"version-history":[{"count":3,"href":"https:\/\/www.safer-security.net\/index.php?rest_route=\/wp\/v2\/product\/14912\/revisions"}],"predecessor-version":[{"id":15087,"href":"https:\/\/www.safer-security.net\/index.php?rest_route=\/wp\/v2\/product\/14912\/revisions\/15087"}],"wp:featuredmedia":[{"embeddable":true,"href":"https:\/\/www.safer-security.net\/index.php?rest_route=\/wp\/v2\/media\/14928"}],"wp:attachment":[{"href":"https:\/\/www.safer-security.net\/index.php?rest_route=%2Fwp%2Fv2%2Fmedia&parent=14912"}],"wp:term":[{"taxonomy":"product_cat","embeddable":true,"href":"https:\/\/www.safer-security.net\/index.php?rest_route=%2Fwp%2Fv2%2Fproduct_cat&post=14912"},{"taxonomy":"product_tag","embeddable":true,"href":"https:\/\/www.safer-security.net\/index.php?rest_route=%2Fwp%2Fv2%2Fproduct_tag&post=14912"}],"curies":[{"name":"wp","href":"https:\/\/api.w.org\/{rel}","templated":true}]}}