{"id":14918,"date":"2025-05-29T18:13:59","date_gmt":"2025-05-29T16:13:59","guid":{"rendered":"https:\/\/www.safer-security.net\/?post_type=product&#038;p=14918"},"modified":"2025-10-21T15:45:18","modified_gmt":"2025-10-21T13:45:18","slug":"nvr-tiandy-4poe","status":"publish","type":"product","link":"https:\/\/www.safer-security.net\/?product=nvr-tiandy-4poe","title":{"rendered":"TIANDY | NVR 4CH POE 6MP HDD UP TO 6TB VGA HDMI"},"content":{"rendered":"<table id=\"productDetails_techSpec_section_1\" class=\"a-keyvalue prodDetTable\" style=\"height: 408px;\" width=\"630\">\n<tbody>\n<tr>\n<th class=\"a-color-secondary a-size-base prodDetSectionEntry\">Brand<\/th>\n<td class=\"a-size-base prodDetAttrValue\">\u200eTiandy<\/td>\n<\/tr>\n<tr>\n<th class=\"a-color-secondary a-size-base prodDetSectionEntry\">Manufacturer<\/th>\n<td class=\"a-size-base prodDetAttrValue\">\u200eTIANDY, HOTSPOT ELECTRONICS<\/td>\n<\/tr>\n<tr>\n<th class=\"a-color-secondary a-size-base prodDetSectionEntry\">Model<\/th>\n<td class=\"a-size-base prodDetAttrValue\">\u200eTC-R3105<\/td>\n<\/tr>\n<tr>\n<th class=\"a-color-secondary a-size-base prodDetSectionEntry\">Product Dimensions<\/th>\n<td class=\"a-size-base prodDetAttrValue\">\u200e12 x 5 x 12 cm; 500 g<\/td>\n<\/tr>\n<tr>\n<th class=\"a-color-secondary a-size-base prodDetSectionEntry\">Item model number<\/th>\n<td class=\"a-size-base prodDetAttrValue\">\u200eTC-R3105<\/td>\n<\/tr>\n<tr>\n<th class=\"a-color-secondary a-size-base prodDetSectionEntry\">Compatible Devices<\/th>\n<td class=\"a-size-base prodDetAttrValue\">\u200eCamera<\/td>\n<\/tr>\n<tr>\n<th class=\"a-color-secondary a-size-base prodDetSectionEntry\">Mounting Hardware<\/th>\n<td class=\"a-size-base prodDetAttrValue\">\u200eAdapter<\/td>\n<\/tr>\n<tr>\n<th class=\"a-color-secondary a-size-base prodDetSectionEntry\">Number of items<\/th>\n<td class=\"a-size-base prodDetAttrValue\">\u200e1<\/td>\n<\/tr>\n<tr>\n<th class=\"a-color-secondary a-size-base prodDetSectionEntry\">Audio input compatible with the item<\/th>\n<td class=\"a-size-base prodDetAttrValue\">\u200eRCA<\/td>\n<\/tr>\n<tr>\n<th class=\"a-color-secondary a-size-base prodDetSectionEntry\">Video Capture Resolution<\/th>\n<td class=\"a-size-base prodDetAttrValue\">\u200eMPEG<\/td>\n<\/tr>\n<tr>\n<th class=\"a-color-secondary a-size-base prodDetSectionEntry\">Video input<\/th>\n<td class=\"a-size-base prodDetAttrValue\">\u200eHDMI, VGA<\/td>\n<\/tr>\n<tr>\n<th class=\"a-color-secondary a-size-base prodDetSectionEntry\">Batteries Required<\/th>\n<td class=\"a-size-base prodDetAttrValue\">\u200eNo<\/td>\n<\/tr>\n<tr>\n<th class=\"a-color-secondary a-size-base prodDetSectionEntry\">Total USB ports<\/th>\n<td class=\"a-size-base prodDetAttrValue\">\u200e1<\/td>\n<\/tr>\n<tr>\n<th class=\"a-color-secondary a-size-base prodDetSectionEntry\">Connector Type<\/th>\n<td class=\"a-size-base prodDetAttrValue\">\u200eVGA, HDMI<\/td>\n<\/tr>\n<tr>\n<th class=\"a-color-secondary a-size-base prodDetSectionEntry\">Mounting Type<\/th>\n<td class=\"a-size-base prodDetAttrValue\">\u200eProtruding<\/td>\n<\/tr>\n<tr>\n<th class=\"a-color-secondary a-size-base prodDetSectionEntry\">Manufacturer<\/th>\n<td class=\"a-size-base prodDetAttrValue\">\u200eTIANDY<\/td>\n<\/tr>\n<tr>\n<th class=\"a-color-secondary a-size-base prodDetSectionEntry\">Item Weight<\/th>\n<td class=\"a-size-base prodDetAttrValue\">\u200e500 g<\/td>\n<\/tr>\n<\/tbody>\n<\/table>\n","protected":false},"excerpt":{"rendered":"<ul>\n<li>Jusqu&rsquo;\u00e0 4 entr\u00e9es de cam\u00e9ra IP<\/li>\n<li>Bande passante d&rsquo;acc\u00e8s\/transfert \u00e0 60 Mbps\/40 Mbps<\/li>\n<li>Formats vid\u00e9o S+265, H.265, S+264, H.264<\/li>\n<li>Capacit\u00e9 de d\u00e9codage d&rsquo;aper\u00e7u 5MP(30fps)\u00d71, 4MP(30fps)\u00d71, 3MP(30fps)\u00d71, 1080P(30fps)\u00d72<\/li>\n<li>Lecture synchrone 4 canaux<\/li>\n<li>Capacit\u00e9 de d\u00e9codage de lecture 5MP(30fps)\u00d71, 4MP(30fps)\u00d71, 3MP(30fps)\u00d71, 1080P(30fps)\u00d72<\/li>\n<li>Jusqu&rsquo;\u00e0 6 To de capacit\u00e9 pour chaque disque dur<\/li>\n<li>1\u00d7sortie HDMI<\/li>\n<li>Sortie HDMI jusqu&rsquo;\u00e0 une r\u00e9solution de 1080P<\/li>\n<li>1 port Ethernet auto-adaptatif RJ-45, 10\/100 Mbps<\/li>\n<li>Interface PoE, 4 ports Ethernet auto-adaptatifs RJ45, 10\/100 Mbps<\/li>\n<li>La compression S+ 265 r\u00e9duit efficacement l&rsquo;espace de stockage jusqu&rsquo;\u00e0 75 %<\/li>\n<li>Prise en charge de la mise \u00e0 niveau vers le cloud<\/li>\n<\/ul>\n","protected":false},"featured_media":15082,"comment_status":"open","ping_status":"closed","template":"","meta":[],"product_cat":[238,236],"product_tag":[261],"class_list":{"0":"post-14918","1":"product","2":"type-product","3":"status-publish","4":"has-post-thumbnail","6":"product_cat-securite-surveillance","7":"product_cat-video-surveillance","8":"product_tag-network-video-recorder-nvr","9":"product_brand-tiandy","11":"first","12":"instock","13":"taxable","14":"shipping-taxable","15":"product-type-simple"},"_links":{"self":[{"href":"https:\/\/www.safer-security.net\/index.php?rest_route=\/wp\/v2\/product\/14918","targetHints":{"allow":["GET"]}}],"collection":[{"href":"https:\/\/www.safer-security.net\/index.php?rest_route=\/wp\/v2\/product"}],"about":[{"href":"https:\/\/www.safer-security.net\/index.php?rest_route=\/wp\/v2\/types\/product"}],"replies":[{"embeddable":true,"href":"https:\/\/www.safer-security.net\/index.php?rest_route=%2Fwp%2Fv2%2Fcomments&post=14918"}],"version-history":[{"count":3,"href":"https:\/\/www.safer-security.net\/index.php?rest_route=\/wp\/v2\/product\/14918\/revisions"}],"predecessor-version":[{"id":15085,"href":"https:\/\/www.safer-security.net\/index.php?rest_route=\/wp\/v2\/product\/14918\/revisions\/15085"}],"wp:featuredmedia":[{"embeddable":true,"href":"https:\/\/www.safer-security.net\/index.php?rest_route=\/wp\/v2\/media\/15082"}],"wp:attachment":[{"href":"https:\/\/www.safer-security.net\/index.php?rest_route=%2Fwp%2Fv2%2Fmedia&parent=14918"}],"wp:term":[{"taxonomy":"product_cat","embeddable":true,"href":"https:\/\/www.safer-security.net\/index.php?rest_route=%2Fwp%2Fv2%2Fproduct_cat&post=14918"},{"taxonomy":"product_tag","embeddable":true,"href":"https:\/\/www.safer-security.net\/index.php?rest_route=%2Fwp%2Fv2%2Fproduct_tag&post=14918"}],"curies":[{"name":"wp","href":"https:\/\/api.w.org\/{rel}","templated":true}]}}