{"id":14935,"date":"2025-05-30T11:41:17","date_gmt":"2025-05-30T09:41:17","guid":{"rendered":"https:\/\/www.safer-security.net\/?post_type=product&#038;p=14935"},"modified":"2025-10-21T15:48:23","modified_gmt":"2025-10-21T13:48:23","slug":"enregistreur-video-numerique-tiandy-8-canaux-tc-r3108-hdmi","status":"publish","type":"product","link":"https:\/\/www.safer-security.net\/?product=enregistreur-video-numerique-tiandy-8-canaux-tc-r3108-hdmi","title":{"rendered":"TIANDY | NVR 8CH POE 6MP HDD UP TO 6TB HDMI"},"content":{"rendered":"<p>&nbsp;<\/p>\n<table>\n<tbody>\n<tr>\n<td width=\"288\">Caract\u00e9ristique<\/td>\n<td width=\"288\">D\u00e9tail<\/td>\n<\/tr>\n<tr>\n<td width=\"288\">Sortie HDMI<\/td>\n<td width=\"288\">Oui, pour l\u2019affichage vid\u00e9o<\/td>\n<\/tr>\n<tr>\n<td width=\"288\">R\u00e9solution HDMI<\/td>\n<td width=\"288\">Jusqu\u2019\u00e0 4K<\/td>\n<\/tr>\n<tr>\n<td width=\"288\">Entr\u00e9es Cam\u00e9ras IP<\/td>\n<td width=\"288\">Jusqu\u2019\u00e0 8 cam\u00e9ras IP<\/td>\n<\/tr>\n<tr>\n<td width=\"288\">Formats de compression<\/td>\n<td width=\"288\">S+265 \/ H.265 \/ S+264 \/ H.264<\/td>\n<\/tr>\n<tr>\n<td width=\"288\">Stockage<\/td>\n<td width=\"288\">Interface SATA, jusqu\u2019\u00e0 6 To par disque dur<\/td>\n<\/tr>\n<tr>\n<td width=\"288\">R\u00e9seau<\/td>\n<td width=\"288\">Interface 10\/100 Mbps, 8 ports PoE<\/td>\n<\/tr>\n<\/tbody>\n<\/table>\n<p>&nbsp;<\/p>\n","protected":false},"excerpt":{"rendered":"<ul>\n<li><strong>Entr\u00e9e HD<\/strong><\/li>\n<li><strong>Plug and play\u2022 Formats vid\u00e9o S 265\/H.265\/H.264<\/strong><\/li>\n<li><strong>Connectable aux cam\u00e9ras r\u00e9seau tierces<\/strong><\/li>\n<li><strong>Jusqu&rsquo;\u00e0 8 canaux d&rsquo;entr\u00e9e \u2022 8 ports PoE<\/strong><\/li>\n<li><strong>Prend en charge la visualisation en direct, le stockage et la lecture de la cam\u00e9ra connect\u00e9e jusqu&rsquo;\u00e0 une r\u00e9solution de 6\u00a0MP<\/strong><\/li>\n<li><strong>Sortie HD<\/strong><\/li>\n<li><strong>\u00a01 sortie HDMI \u2022 Sortie vid\u00e9o HDMI jusqu&rsquo;\u00e0 une r\u00e9solution de 4K Stockage HD<\/strong><\/li>\n<li><strong>1 interface SATA, jusqu&rsquo;\u00e0 8 To pour chaque disque dur<\/strong><\/li>\n<li><strong>La compression S 265 r\u00e9duit efficacement l&rsquo;espace de stockage et les co\u00fbts jusqu&rsquo;\u00e0 75 %<\/strong><\/li>\n<\/ul>\n","protected":false},"featured_media":14937,"comment_status":"open","ping_status":"closed","template":"","meta":[],"product_cat":[238,236],"product_tag":[261],"class_list":{"0":"post-14935","1":"product","2":"type-product","3":"status-publish","4":"has-post-thumbnail","6":"product_cat-securite-surveillance","7":"product_cat-video-surveillance","8":"product_tag-network-video-recorder-nvr","9":"product_brand-tiandy","11":"first","12":"instock","13":"taxable","14":"shipping-taxable","15":"product-type-simple"},"_links":{"self":[{"href":"https:\/\/www.safer-security.net\/index.php?rest_route=\/wp\/v2\/product\/14935","targetHints":{"allow":["GET"]}}],"collection":[{"href":"https:\/\/www.safer-security.net\/index.php?rest_route=\/wp\/v2\/product"}],"about":[{"href":"https:\/\/www.safer-security.net\/index.php?rest_route=\/wp\/v2\/types\/product"}],"replies":[{"embeddable":true,"href":"https:\/\/www.safer-security.net\/index.php?rest_route=%2Fwp%2Fv2%2Fcomments&post=14935"}],"version-history":[{"count":4,"href":"https:\/\/www.safer-security.net\/index.php?rest_route=\/wp\/v2\/product\/14935\/revisions"}],"predecessor-version":[{"id":15080,"href":"https:\/\/www.safer-security.net\/index.php?rest_route=\/wp\/v2\/product\/14935\/revisions\/15080"}],"wp:featuredmedia":[{"embeddable":true,"href":"https:\/\/www.safer-security.net\/index.php?rest_route=\/wp\/v2\/media\/14937"}],"wp:attachment":[{"href":"https:\/\/www.safer-security.net\/index.php?rest_route=%2Fwp%2Fv2%2Fmedia&parent=14935"}],"wp:term":[{"taxonomy":"product_cat","embeddable":true,"href":"https:\/\/www.safer-security.net\/index.php?rest_route=%2Fwp%2Fv2%2Fproduct_cat&post=14935"},{"taxonomy":"product_tag","embeddable":true,"href":"https:\/\/www.safer-security.net\/index.php?rest_route=%2Fwp%2Fv2%2Fproduct_tag&post=14935"}],"curies":[{"name":"wp","href":"https:\/\/api.w.org\/{rel}","templated":true}]}}