{"id":14939,"date":"2025-05-30T12:08:04","date_gmt":"2025-05-30T10:08:04","guid":{"rendered":"https:\/\/www.safer-security.net\/?post_type=product&#038;p=14939"},"modified":"2025-10-21T15:47:53","modified_gmt":"2025-10-21T13:47:53","slug":"disque-dur-tc-r3120","status":"publish","type":"product","link":"https:\/\/www.safer-security.net\/?product=disque-dur-tc-r3120","title":{"rendered":"TIANDY | NVR 20CH IP 8MP HDD UP TO 10TB 80MBPS\/80MBPS"},"content":{"rendered":"<table>\n<tbody>\n<tr>\n<td><strong>Saisir<\/strong><\/td>\n<td><\/td>\n<\/tr>\n<tr>\n<td><strong>Entr\u00e9e vid\u00e9o<\/strong><\/td>\n<td>20 canaux<\/td>\n<\/tr>\n<tr>\n<td><strong>R\u00e9solution maximale<\/strong><\/td>\n<td>6MP<\/td>\n<\/tr>\n<tr>\n<td><strong>Entr\u00e9e audio bidirectionnelle<\/strong><\/td>\n<td>N \/ A<\/td>\n<\/tr>\n<tr>\n<td><strong>Bande passante<\/strong><\/td>\n<td>Revenu 80 Mbps\u00a0; Sortant 80 Mbps<\/td>\n<\/tr>\n<tr>\n<td><strong>Sortir<\/strong><\/td>\n<td><\/td>\n<\/tr>\n<tr>\n<td rowspan=\"2\"><strong>Sortie HDMI\/VGA<\/strong><\/td>\n<td>HDMI 1 canal, 3840 \u00d7 2160, 1920 \u00d7 1080, 1280 \u00d7 720, 1024 \u00d7 768, 1366 \u00d7 768, 1440 \u00d7 900, 1280 \u00d7 800<\/td>\n<\/tr>\n<tr>\n<td>VGA 1 canal, 1920 \u00d7 1080, 1280 \u00d7 720, 1024 \u00d7 768, 1366 \u00d7 768, 1440 \u00d7 900, 1280 \u00d7 800<\/td>\n<\/tr>\n<tr>\n<td><strong>\u00c9cran divis\u00e9<\/strong><\/td>\n<td>1\/3\/4\/5\/6\/7\/8\/9\/10\/12\/13\/16\/20A\/20B<\/td>\n<\/tr>\n<tr>\n<td><strong>Sortie audio<\/strong><\/td>\n<td>1\u00d7RCA<\/td>\n<\/tr>\n<tr>\n<td><strong>D\u00e9codage<\/strong><\/td>\n<td><\/td>\n<\/tr>\n<tr>\n<td><strong>Format de d\u00e9codage<\/strong><\/td>\n<td>S+265\/H.265\/H.264<\/td>\n<\/tr>\n<tr>\n<td><strong>R\u00e9solution d&rsquo;enregistrement<\/strong><\/td>\n<td>8 Mpx\/6 Mpx\/5 Mpx\/4 Mpx\/3 Mpx\/1080P\/UXGA\/720P\/VGA\/4CIF\/DCIF\/2CIF\/CIF\/QCIF<\/td>\n<\/tr>\n<tr>\n<td><strong>Capacit\u00e9 d&rsquo;aper\u00e7u<\/strong><\/td>\n<td>1 \u00d7 8 Mpx, 1 \u00d7 6 Mpx, 1 \u00d7 5 Mpx, 2 \u00d7 4 Mpx, 2 \u00d7 3 Mpx, 4 \u00d7 1080P, 8 \u00d7 720P, 20 \u00d7 4CIF<\/td>\n<\/tr>\n<tr>\n<td><strong>Lecture synchrone<\/strong><\/td>\n<td>1 \u00d7 8 Mpx, 1 \u00d7 6 Mpx, 1 \u00d7 5 Mpx, 2 \u00d7 4 Mpx, 2 \u00d7 3 Mpx, 4 \u00d7 1080P, 8 \u00d7 720P<\/td>\n<\/tr>\n<tr>\n<td><strong>Cryptage des enregistrements<\/strong><\/td>\n<td>Oui<\/td>\n<\/tr>\n<tr>\n<td><strong>Disque dur<\/strong><\/td>\n<td><\/td>\n<\/tr>\n<tr>\n<td><strong>SATA<\/strong><\/td>\n<td>1 interface SATA pour 1 disque dur<\/td>\n<\/tr>\n<tr>\n<td><strong>Capacit\u00e9<\/strong><\/td>\n<td>Jusqu&rsquo;\u00e0 10 To pour chaque disque dur<\/td>\n<\/tr>\n<tr>\n<td><strong>Interface eSATA<\/strong><\/td>\n<td>N \/ A<\/td>\n<\/tr>\n<tr>\n<td><strong>Type de tableau<\/strong><\/td>\n<td>N \/ A<\/td>\n<\/tr>\n<tr>\n<td><strong>Interface externe<\/strong><\/td>\n<td><\/td>\n<\/tr>\n<tr>\n<td><strong>Interface r\u00e9seau<\/strong><\/td>\n<td>1 interface r\u00e9seau auto-adaptative RJ45 10\/100 Mbps<\/td>\n<\/tr>\n<tr>\n<td><strong>Interface USB<\/strong><\/td>\n<td>2 \u00d7 USB 2.0<\/td>\n<\/tr>\n<tr>\n<td><strong>Interface s\u00e9rie<\/strong><\/td>\n<td>N \/ A<\/td>\n<\/tr>\n<tr>\n<td><strong>Entr\u00e9e\/Sortie d&rsquo;alarme<\/strong><\/td>\n<td>N \/ A<\/td>\n<\/tr>\n<tr>\n<td><strong>R\u00e9seau<\/strong><\/td>\n<td><\/td>\n<\/tr>\n<tr>\n<td><strong>Protocole<\/strong><\/td>\n<td>HTTP, HTTPS, TCP\/IP, UDP, UPnP, ICMP, IGMP, DHCP, DNS, DDNS, EasyDDNS, NTP, SMTP, SSL, QoS, IPv4, IPv6, Filtre IP, Telnet, SSH, RTSP, RTP, RTCP, ARP<\/td>\n<\/tr>\n<tr>\n<td><strong>Compatibilit\u00e9 du syst\u00e8me<\/strong><\/td>\n<td>ONVIF (PROFIL S\/T\/G), SDK, P2P<\/td>\n<\/tr>\n<tr>\n<td><strong>G\u00e9n\u00e9ral<\/strong><\/td>\n<td><\/td>\n<\/tr>\n<tr>\n<td><strong>Version Web<\/strong><\/td>\n<td>Web6<\/td>\n<\/tr>\n<tr>\n<td><strong>Langue<\/strong><\/td>\n<td>Chinois simplifi\u00e9, chinois traditionnel, anglais, espagnol, italien, cor\u00e9en, turc, russe, tha\u00ef, fran\u00e7ais, h\u00e9breu, polonais, n\u00e9erlandais, arabe, vietnamien, allemand, ukrainien<\/td>\n<\/tr>\n<tr>\n<td><strong>Conditions de fonctionnement<\/strong><\/td>\n<td>-10 \u00e0 55 \u00b0C, 10 \u00e0 90 % HR<\/td>\n<\/tr>\n<tr>\n<td><strong>Alimentation \u00e9lectrique<\/strong><\/td>\n<td>DC12V 3,3A<\/td>\n<\/tr>\n<tr>\n<td><strong>Consommation\u00a0<\/strong><strong>(sans disque dur)<\/strong><\/td>\n<td>\u226410W<\/td>\n<\/tr>\n<tr>\n<td><strong>Ch\u00e2ssis<\/strong><\/td>\n<td>1U<\/td>\n<\/tr>\n<tr>\n<td><strong>Dimensions<\/strong><\/td>\n<td>44 \u00d7 255 \u00d7 231 mm (1,78 \u00d7 10,04 \u00d7 9,09 pouces)<\/td>\n<\/tr>\n<tr>\n<td><strong>Poids (sans disque dur)<\/strong><\/td>\n<td>0,8 kg (1,76 lb)<\/td>\n<\/tr>\n<\/tbody>\n<\/table>\n","protected":false},"excerpt":{"rendered":"<p>\u2022 Formats vid\u00e9o S+265\/H.265\/H.264<br \/>\n\u2022 R\u00e9solution jusqu&rsquo;\u00e0 8 MP<br \/>\n\u2022 1 sortie HDMI\/1 VGA simultan\u00e9e<br \/>\n\u2022 R\u00e9solution jusqu&rsquo;\u00e0 4 K<br \/>\n\u2022 Jusqu&rsquo;\u00e0 10 To pour 1 disque dur<\/p>\n","protected":false},"featured_media":14940,"comment_status":"open","ping_status":"closed","template":"","meta":[],"product_cat":[238,236],"product_tag":[261],"class_list":{"0":"post-14939","1":"product","2":"type-product","3":"status-publish","4":"has-post-thumbnail","6":"product_cat-securite-surveillance","7":"product_cat-video-surveillance","8":"product_tag-network-video-recorder-nvr","9":"product_brand-tiandy","11":"first","12":"instock","13":"taxable","14":"shipping-taxable","15":"product-type-simple"},"_links":{"self":[{"href":"https:\/\/www.safer-security.net\/index.php?rest_route=\/wp\/v2\/product\/14939","targetHints":{"allow":["GET"]}}],"collection":[{"href":"https:\/\/www.safer-security.net\/index.php?rest_route=\/wp\/v2\/product"}],"about":[{"href":"https:\/\/www.safer-security.net\/index.php?rest_route=\/wp\/v2\/types\/product"}],"replies":[{"embeddable":true,"href":"https:\/\/www.safer-security.net\/index.php?rest_route=%2Fwp%2Fv2%2Fcomments&post=14939"}],"version-history":[{"count":2,"href":"https:\/\/www.safer-security.net\/index.php?rest_route=\/wp\/v2\/product\/14939\/revisions"}],"predecessor-version":[{"id":15076,"href":"https:\/\/www.safer-security.net\/index.php?rest_route=\/wp\/v2\/product\/14939\/revisions\/15076"}],"wp:featuredmedia":[{"embeddable":true,"href":"https:\/\/www.safer-security.net\/index.php?rest_route=\/wp\/v2\/media\/14940"}],"wp:attachment":[{"href":"https:\/\/www.safer-security.net\/index.php?rest_route=%2Fwp%2Fv2%2Fmedia&parent=14939"}],"wp:term":[{"taxonomy":"product_cat","embeddable":true,"href":"https:\/\/www.safer-security.net\/index.php?rest_route=%2Fwp%2Fv2%2Fproduct_cat&post=14939"},{"taxonomy":"product_tag","embeddable":true,"href":"https:\/\/www.safer-security.net\/index.php?rest_route=%2Fwp%2Fv2%2Fproduct_tag&post=14939"}],"curies":[{"name":"wp","href":"https:\/\/api.w.org\/{rel}","templated":true}]}}