{"id":14943,"date":"2025-05-30T15:33:02","date_gmt":"2025-05-30T13:33:02","guid":{"rendered":"https:\/\/www.safer-security.net\/?post_type=product&#038;p=14943"},"modified":"2025-10-21T15:47:26","modified_gmt":"2025-10-21T13:47:26","slug":"tc-r3220-20ch-2hdd-nvr","status":"publish","type":"product","link":"https:\/\/www.safer-security.net\/?product=tc-r3220-20ch-2hdd-nvr","title":{"rendered":"TIANDY | NVR 20CH IP 16 PORT POE 8MP 2HDD UP TO 10TB 160MBPS\/64MBPS"},"content":{"rendered":"<table>\n<tbody>\n<tr>\n<td><strong>Entr\u00e9e vid\u00e9o<\/strong><\/td>\n<td>20 canaux<\/td>\n<\/tr>\n<tr>\n<td><strong>R\u00e9solution maximale<\/strong><\/td>\n<td>8MP<\/td>\n<\/tr>\n<tr>\n<td><strong>Entr\u00e9e audio bidirectionnelle<\/strong><\/td>\n<td>1 canal, 3,5 mm<\/td>\n<\/tr>\n<tr>\n<td><strong>Bande passante<\/strong><\/td>\n<td>Revenu 160 Mbps\u00a0; Sortant 64 Mbps<\/td>\n<\/tr>\n<tr>\n<td><strong>Sortir<\/strong><\/td>\n<td><\/td>\n<\/tr>\n<tr>\n<td rowspan=\"2\"><strong>Sortie HDMI\/VGA<\/strong><\/td>\n<td>HDMI 1 canal, 3840 \u00d7 2160, 1920 \u00d7 1080, 1280 \u00d7 720, 1024 \u00d7 768, 1366 \u00d7 768, 1440 \u00d7 900, 1280 \u00d7 800<\/td>\n<\/tr>\n<tr>\n<td>VGA 1 canal, 1920 \u00d7 1080, 1280 \u00d7 720, 1024 \u00d7 768, 1366 \u00d7 768, 1440 \u00d7 900, 1280 \u00d7 800<\/td>\n<\/tr>\n<tr>\n<td><strong>\u00c9cran divis\u00e9<\/strong><\/td>\n<td>1\/3\/4\/5\/6\/7\/8\/9\/10\/12\/13\/16\/20A\/20B<\/td>\n<\/tr>\n<tr>\n<td><strong>Sortie audio<\/strong><\/td>\n<td>1\u00d7RCA<\/td>\n<\/tr>\n<tr>\n<td><strong>D\u00e9codage<\/strong><\/td>\n<td><\/td>\n<\/tr>\n<tr>\n<td><strong>Format de d\u00e9codage<\/strong><\/td>\n<td>S+265\/H.265\/H.264<\/td>\n<\/tr>\n<tr>\n<td><strong>R\u00e9solution d&rsquo;enregistrement<\/strong><\/td>\n<td>8 Mpx\/6 Mpx\/5 Mpx\/4 Mpx\/3 Mpx\/1080P\/UXGA\/720P\/VGA\/4CIF\/DCIF\/2CIF\/CIF\/QCIF<\/td>\n<\/tr>\n<tr>\n<td><strong>Capacit\u00e9 d&rsquo;aper\u00e7u<\/strong><\/td>\n<td>2 \u00d7 8 Mpx, 2 \u00d7 6 Mpx, 3 \u00d7 5 Mpx, 4 \u00d7 4 Mpx, 5 \u00d7 3 Mpx, 8 \u00d7 1080P, 16 \u00d7 720P, 20 \u00d7 4CIF<\/td>\n<\/tr>\n<tr>\n<td><strong>Lecture synchrone<\/strong><\/td>\n<td>2 \u00d7 8 Mpx, 2 \u00d7 6 Mpx, 3 \u00d7 5 Mpx, 4 \u00d7 4 Mpx, 5 \u00d7 3 Mpx, 8 \u00d7 1080P, 16 \u00d7 720P<\/td>\n<\/tr>\n<tr>\n<td><strong>Cryptage des enregistrements<\/strong><\/td>\n<td>Oui<\/td>\n<\/tr>\n<tr>\n<td><strong>Disque dur<\/strong><\/td>\n<td><\/td>\n<\/tr>\n<tr>\n<td><strong>SATA<\/strong><\/td>\n<td>2 interfaces SATA pour 2 disques durs<\/td>\n<\/tr>\n<tr>\n<td><strong>Capacit\u00e9<\/strong><\/td>\n<td>Jusqu&rsquo;\u00e0 10 To pour chaque disque dur<\/td>\n<\/tr>\n<tr>\n<td><strong>Interface eSATA<\/strong><\/td>\n<td>N \/ A<\/td>\n<\/tr>\n<tr>\n<td><strong>Type de tableau<\/strong><\/td>\n<td>N \/ A<\/td>\n<\/tr>\n<tr>\n<td><strong>Interface externe<\/strong><\/td>\n<td><\/td>\n<\/tr>\n<tr>\n<td><strong>Interface r\u00e9seau<\/strong><\/td>\n<td>1 interface r\u00e9seau auto-adaptative RJ45 10\/100\/1000 Mbps<\/td>\n<\/tr>\n<tr>\n<td><strong>Interface USB<\/strong><\/td>\n<td>2 \u00d7 USB 2.0<\/td>\n<\/tr>\n<tr>\n<td><strong>Interface s\u00e9rie<\/strong><\/td>\n<td>N \/ A<\/td>\n<\/tr>\n<tr>\n<td><strong>Entr\u00e9e\/Sortie d&rsquo;alarme<\/strong><\/td>\n<td>4\/1<\/td>\n<\/tr>\n<tr>\n<td><strong>R\u00e9seau<\/strong><\/td>\n<td><\/td>\n<\/tr>\n<tr>\n<td><strong>Protocole<\/strong><\/td>\n<td>HTTP, HTTPS, TCP\/IP, UDP, UPnP, ICMP, IGMP, DHCP, DNS, DDNS, EasyDDNS, NTP, SMTP, SSL, QoS, IPv4, IPv6, Filtre IP, Telnet, SSH, RTSP, RTP, RTCP, ARP, SNMP(v1), PPPOE<\/td>\n<\/tr>\n<tr>\n<td><strong>Compatibilit\u00e9 du syst\u00e8me<\/strong><\/td>\n<td>ONVIF (PROFIL S\/T\/G), SDK, P2P<\/td>\n<\/tr>\n<tr>\n<td><strong>POE<\/strong><\/td>\n<td><\/td>\n<\/tr>\n<tr>\n<td><strong>Interface POE<\/strong><\/td>\n<td>Interface r\u00e9seau auto-adaptative 16\u00d7RJ45 10\/100 Mbps<\/td>\n<\/tr>\n<tr>\n<td><strong>Puissance par port POE<\/strong><\/td>\n<td>30 W<\/td>\n<\/tr>\n<tr>\n<td><strong>Courant maximal par port POE<\/strong><\/td>\n<td>600 mA<\/td>\n<\/tr>\n<tr>\n<td><strong>G\u00e9n\u00e9ral<\/strong><\/td>\n<td><\/td>\n<\/tr>\n<tr>\n<td><strong>Version Web<\/strong><\/td>\n<td>Web6<\/td>\n<\/tr>\n<tr>\n<td><strong>Langue<\/strong><\/td>\n<td>Chinois simplifi\u00e9, chinois traditionnel, anglais, espagnol, italien, cor\u00e9en, turc, russe, tha\u00ef, fran\u00e7ais, h\u00e9breu, polonais, n\u00e9erlandais, arabe, vietnamien, allemand, ukrainien<\/td>\n<\/tr>\n<tr>\n<td><strong>Conditions de fonctionnement<\/strong><\/td>\n<td>-10 \u00e0 55 \u00b0C, 10 \u00e0 90 % HR<\/td>\n<\/tr>\n<tr>\n<td><strong>Alimentation \u00e9lectrique<\/strong><\/td>\n<td>100~240 V CA, 50~60 Hz<\/td>\n<\/tr>\n<tr>\n<td><strong>Consommation (sans disque dur)<\/strong><\/td>\n<td>\u2264 25 W<\/td>\n<\/tr>\n<tr>\n<td><strong>Ch\u00e2ssis<\/strong><\/td>\n<td>1U<\/td>\n<\/tr>\n<tr>\n<td><strong>Dimensions<\/strong><\/td>\n<td>47,5 \u00d7 277 \u00d7 440 mm (1,87 \u00d7 10,91 \u00d7 17,32 pouces)<\/td>\n<\/tr>\n<tr>\n<td><strong>Poids (sans disque dur)<\/strong><\/td>\n<td>3,05 kg (6,72 lb)<\/td>\n<\/tr>\n<\/tbody>\n<\/table>\n","protected":false},"excerpt":{"rendered":"<p>\u2022 S+265 Compression \u2022 Up to 4K Resolution Recording \u2022 Support 20-ch Intelligent Analysis Process \u2022 Smart Search&amp;Recording \u2022 Support ANR Function \u2022 Cloud upgrade,IPC Cloud upgrade \u2022 Plug in free \u2022 1x HDMI, 1x VGA, Same Video Source, Max Resolution 4K \u2022 2 SATA(Up to 10TB), 2x USB \u2022 UI V3.0,Support free dragging of UI navigation bar \u2022 CE, FCC<\/p>\n","protected":false},"featured_media":14944,"comment_status":"open","ping_status":"closed","template":"","meta":[],"product_cat":[238,236],"product_tag":[261],"class_list":{"0":"post-14943","1":"product","2":"type-product","3":"status-publish","4":"has-post-thumbnail","6":"product_cat-securite-surveillance","7":"product_cat-video-surveillance","8":"product_tag-network-video-recorder-nvr","9":"product_brand-tiandy","11":"first","12":"instock","13":"taxable","14":"shipping-taxable","15":"product-type-simple"},"_links":{"self":[{"href":"https:\/\/www.safer-security.net\/index.php?rest_route=\/wp\/v2\/product\/14943","targetHints":{"allow":["GET"]}}],"collection":[{"href":"https:\/\/www.safer-security.net\/index.php?rest_route=\/wp\/v2\/product"}],"about":[{"href":"https:\/\/www.safer-security.net\/index.php?rest_route=\/wp\/v2\/types\/product"}],"replies":[{"embeddable":true,"href":"https:\/\/www.safer-security.net\/index.php?rest_route=%2Fwp%2Fv2%2Fcomments&post=14943"}],"version-history":[{"count":2,"href":"https:\/\/www.safer-security.net\/index.php?rest_route=\/wp\/v2\/product\/14943\/revisions"}],"predecessor-version":[{"id":15075,"href":"https:\/\/www.safer-security.net\/index.php?rest_route=\/wp\/v2\/product\/14943\/revisions\/15075"}],"wp:featuredmedia":[{"embeddable":true,"href":"https:\/\/www.safer-security.net\/index.php?rest_route=\/wp\/v2\/media\/14944"}],"wp:attachment":[{"href":"https:\/\/www.safer-security.net\/index.php?rest_route=%2Fwp%2Fv2%2Fmedia&parent=14943"}],"wp:term":[{"taxonomy":"product_cat","embeddable":true,"href":"https:\/\/www.safer-security.net\/index.php?rest_route=%2Fwp%2Fv2%2Fproduct_cat&post=14943"},{"taxonomy":"product_tag","embeddable":true,"href":"https:\/\/www.safer-security.net\/index.php?rest_route=%2Fwp%2Fv2%2Fproduct_tag&post=14943"}],"curies":[{"name":"wp","href":"https:\/\/api.w.org\/{rel}","templated":true}]}}