{"id":14946,"date":"2025-05-30T16:03:02","date_gmt":"2025-05-30T14:03:02","guid":{"rendered":"https:\/\/www.safer-security.net\/?post_type=product&#038;p=14946"},"modified":"2025-10-21T15:46:58","modified_gmt":"2025-10-21T13:46:58","slug":"tc-r3232-nvr-32-canaux","status":"publish","type":"product","link":"https:\/\/www.safer-security.net\/?product=tc-r3232-nvr-32-canaux","title":{"rendered":"TIANDY | NVR 32CH IP 16MP 2 HDD UP TO 10TB 160MBPS\/48MBPS"},"content":{"rendered":"<table class=\"woocommerce-product-attributes shop_attributes\" aria-label=\"Les secrets de l'\u00c9gypte\">\n<tbody>\n<tr class=\"woocommerce-product-attributes-item woocommerce-product-attributes-item--attribute_access-channel\">\n<th class=\"woocommerce-product-attributes-item__label\" scope=\"row\">Canal d&rsquo;acc\u00e8s<\/th>\n<td class=\"woocommerce-product-attributes-item__value\">32<\/td>\n<\/tr>\n<tr class=\"woocommerce-product-attributes-item woocommerce-product-attributes-item--attribute_incoming-bandwidth\">\n<th class=\"woocommerce-product-attributes-item__label\" scope=\"row\">Bande passante entrante<\/th>\n<td class=\"woocommerce-product-attributes-item__value\">160 Mbps<\/td>\n<\/tr>\n<tr class=\"woocommerce-product-attributes-item woocommerce-product-attributes-item--attribute_outgoing-bandwidth\">\n<th class=\"woocommerce-product-attributes-item__label\" scope=\"row\">Bande passante sortante<\/th>\n<td class=\"woocommerce-product-attributes-item__value\">48 Mbps<\/td>\n<\/tr>\n<tr class=\"woocommerce-product-attributes-item woocommerce-product-attributes-item--attribute_resolution\">\n<th class=\"woocommerce-product-attributes-item__label\" scope=\"row\">R\u00e9solution<\/th>\n<td class=\"woocommerce-product-attributes-item__value\">8 Mpx\/6 Mpx\/5 Mpx\/4 Mpx\/3 Mpx\/1080P\/UXGA\/720P\/VGA\/4CIF\/DCIF\/2CIF\/CIF\/QCIF<\/td>\n<\/tr>\n<tr class=\"woocommerce-product-attributes-item woocommerce-product-attributes-item--attribute_preview-decoding-capability\">\n<th class=\"woocommerce-product-attributes-item__label\" scope=\"row\">Aper\u00e7u de la capacit\u00e9 de d\u00e9codage<\/th>\n<td class=\"woocommerce-product-attributes-item__value\">8MP(30fps)\u00d72, 6MP(30fps)\u00d72, 5MP(30fps)\u00d73, 4MP(30fps)\u00d74, 3MP(30fps)\u00d75, 1080P(30fps)\u00d78,<br \/>\n720P(30fps)\u00d716, 4CIF(30fps)\u00d732 ; *: La longueur ou la largeur de la r\u00e9solution de la cam\u00e9ra (chaque piste) ne peut pas<br \/>\nd\u00e9passer 4096 pixels.<\/td>\n<\/tr>\n<tr class=\"woocommerce-product-attributes-item woocommerce-product-attributes-item--attribute_playback-decoding-capability\">\n<th class=\"woocommerce-product-attributes-item__label\" scope=\"row\">Capacit\u00e9 de lecture et de d\u00e9codage<\/th>\n<td class=\"woocommerce-product-attributes-item__value\">8 Mpx (30 ips) \u00d7 2, 6 Mpx (30 ips) \u00d7 2, 5 Mpx (30 ips) \u00d7 3, 4 Mpx (30 ips) \u00d7 4, 3 Mpx (30 ips) \u00d7 5, 1080P (30 ips) \u00d7 8,<br \/>\n720P (30 ips) \u00d7 16<\/td>\n<\/tr>\n<tr class=\"woocommerce-product-attributes-item woocommerce-product-attributes-item--attribute_third-party-camera-access\">\n<th class=\"woocommerce-product-attributes-item__label\" scope=\"row\">Acc\u00e8s aux cam\u00e9ras tierces<\/th>\n<td class=\"woocommerce-product-attributes-item__value\">ONVIF (profil S\/T) ; RTSP<\/td>\n<\/tr>\n<tr class=\"woocommerce-product-attributes-item woocommerce-product-attributes-item--attribute_hdmi-output\">\n<th class=\"woocommerce-product-attributes-item__label\" scope=\"row\">Sortie HDMI<\/th>\n<td class=\"woocommerce-product-attributes-item__value\">HDMI : 1024 \u00d7 768 (60 Hz), (720P) 1280 \u00d7 720 (50 Hz\/60 Hz), 1280 \u00d7 800 (60 Hz), 1440 \u00d7 900 (60 Hz),<br \/>\n(1080P) 1920 \u00d7 1080 (50 Hz\/60 Hz), (2K) 2560 \u00d7 1440 (30 Hz), (4K) 3840 \u00d7 2160 (30 Hz)<\/td>\n<\/tr>\n<tr class=\"woocommerce-product-attributes-item woocommerce-product-attributes-item--attribute_vga-output\">\n<th class=\"woocommerce-product-attributes-item__label\" scope=\"row\">Sortie VGA<\/th>\n<td class=\"woocommerce-product-attributes-item__value\">VGA : 1024 \u00d7 768 (60 Hz), (720P) 1280 \u00d7 720 (50 Hz\/60 Hz), 1280 \u00d7 800 (60 Hz), 1440 \u00d7 900 (60 Hz),<br \/>\n(1080P) 1920 \u00d7 1080 (50 Hz\/60 Hz)<\/td>\n<\/tr>\n<tr class=\"woocommerce-product-attributes-item woocommerce-product-attributes-item--attribute_multi-screen-display\">\n<th class=\"woocommerce-product-attributes-item__label\" scope=\"row\">Affichage multi-\u00e9crans<\/th>\n<td class=\"woocommerce-product-attributes-item__value\">Sorties simultan\u00e9es\u00a0:<br \/>\nVGA\u00a0: 1\/2A\/2B\/3\/4\/5\/6\/7\/8\/9\/10\/12\/13\/16\/20A\/20B\/25\/32\/36<br \/>\nHDMI\u00a0: 1\/2A\/2B\/3\/4\/5\/6\/7\/8\/9\/10\/12\/13\/16\/20A\/20B\/25\/32\/36<\/td>\n<\/tr>\n<tr class=\"woocommerce-product-attributes-item woocommerce-product-attributes-item--attribute_audio-input\">\n<th class=\"woocommerce-product-attributes-item__label\" scope=\"row\">Entr\u00e9e audio<\/th>\n<td class=\"woocommerce-product-attributes-item__value\">1 canal, 3,5 mm<\/td>\n<\/tr>\n<tr class=\"woocommerce-product-attributes-item woocommerce-product-attributes-item--attribute_audio-output\">\n<th class=\"woocommerce-product-attributes-item__label\" scope=\"row\">Sortie audio<\/th>\n<td class=\"woocommerce-product-attributes-item__value\">1 canal, RCA (lin\u00e9aire, 1 k\u03a9)<\/td>\n<\/tr>\n<tr class=\"woocommerce-product-attributes-item woocommerce-product-attributes-item--attribute_two-way-audio\">\n<th class=\"woocommerce-product-attributes-item__label\" scope=\"row\">Audio bidirectionnel<\/th>\n<td class=\"woocommerce-product-attributes-item__value\">1 canal, 3,5 mm, utilisant l&rsquo;entr\u00e9e audio<\/td>\n<\/tr>\n<tr class=\"woocommerce-product-attributes-item woocommerce-product-attributes-item--attribute_video\">\n<th class=\"woocommerce-product-attributes-item__label\" scope=\"row\">Vid\u00e9o<\/th>\n<td class=\"woocommerce-product-attributes-item__value\">S+265; H.265; S+264; H.264<\/td>\n<\/tr>\n<tr class=\"woocommerce-product-attributes-item woocommerce-product-attributes-item--attribute_audio\">\n<th class=\"woocommerce-product-attributes-item__label\" scope=\"row\">Audio<\/th>\n<td class=\"woocommerce-product-attributes-item__value\">G711A; G711U; AAC; ADPCM_DIV4<\/td>\n<\/tr>\n<tr class=\"woocommerce-product-attributes-item woocommerce-product-attributes-item--attribute_stream-type\">\n<th class=\"woocommerce-product-attributes-item__label\" scope=\"row\">Type de flux<\/th>\n<td class=\"woocommerce-product-attributes-item__value\">Vid\u00e9o; Vid\u00e9o et audio<\/td>\n<\/tr>\n<tr class=\"woocommerce-product-attributes-item woocommerce-product-attributes-item--attribute_network-protocol\">\n<th class=\"woocommerce-product-attributes-item__label\" scope=\"row\">Protocole r\u00e9seau<\/th>\n<td class=\"woocommerce-product-attributes-item__value\">802.1X ; ARP ; DDNS ; DHCP ; DNS ; Easy DDNS ; FTP ; HTTP ; HTTPS ; ICMP ; IGMP ; IPv4 ; IPv6 ; Multidiffusion ; NFS ;<br \/>\nNTP ; PPPoE ; QoS ; RTCP ; RTP ; RTSP ; SMB\/CIFS ; SMTP ; SNMP v1\/v2\/v3 ; SRTP ; SSH ; SSL ; TLSv1.2 ; TCP ;<br \/>\nUDP ; Monodiffusion ; UPnP<\/td>\n<\/tr>\n<tr class=\"woocommerce-product-attributes-item woocommerce-product-attributes-item--attribute_mobile-phone-access\">\n<th class=\"woocommerce-product-attributes-item__label\" scope=\"row\">Acc\u00e8s au t\u00e9l\u00e9phone mobile<\/th>\n<td class=\"woocommerce-product-attributes-item__value\">Android; iOS; P2P<\/td>\n<\/tr>\n<tr class=\"woocommerce-product-attributes-item woocommerce-product-attributes-item--attribute_system-compatibility\">\n<th class=\"woocommerce-product-attributes-item__label\" scope=\"row\">Compatibilit\u00e9 du syst\u00e8me<\/th>\n<td class=\"woocommerce-product-attributes-item__value\">ONVIF (profil S\/T\/G) ; RTSP ; CGI ; SDK ; P2P<\/td>\n<\/tr>\n<tr class=\"woocommerce-product-attributes-item woocommerce-product-attributes-item--attribute_browser\">\n<th class=\"woocommerce-product-attributes-item__label\" scope=\"row\">Navigateur<\/th>\n<td class=\"woocommerce-product-attributes-item__value\">IE10+; Firefox52+; Edge89+; Safari11+; Chrome57+<\/td>\n<\/tr>\n<tr class=\"woocommerce-product-attributes-item woocommerce-product-attributes-item--attribute_multi-channel-playback\">\n<th class=\"woocommerce-product-attributes-item__label\" scope=\"row\">Lecture multicanal<\/th>\n<td class=\"woocommerce-product-attributes-item__value\">Jusqu&rsquo;\u00e0 16 canaux<\/td>\n<\/tr>\n<tr class=\"woocommerce-product-attributes-item woocommerce-product-attributes-item--attribute_record-mode\">\n<th class=\"woocommerce-product-attributes-item__label\" scope=\"row\">Mode d&rsquo;enregistrement<\/th>\n<td class=\"woocommerce-product-attributes-item__value\">Enregistrement manuel\u00a0; Enregistrement d&rsquo;alarme\u00a0; Enregistrement programm\u00e9<\/td>\n<\/tr>\n<tr class=\"woocommerce-product-attributes-item woocommerce-product-attributes-item--attribute_storage-method\">\n<th class=\"woocommerce-product-attributes-item__label\" scope=\"row\">M\u00e9thode de stockage<\/th>\n<td class=\"woocommerce-product-attributes-item__value\">Disque dur local<\/td>\n<\/tr>\n<tr class=\"woocommerce-product-attributes-item woocommerce-product-attributes-item--attribute_backup\">\n<th class=\"woocommerce-product-attributes-item__label\" scope=\"row\">Sauvegarde<\/th>\n<td class=\"woocommerce-product-attributes-item__value\">P\u00e9riph\u00e9rique de stockage USB, r\u00e9seau<\/td>\n<\/tr>\n<tr class=\"woocommerce-product-attributes-item woocommerce-product-attributes-item--attribute_playback-function\">\n<th class=\"woocommerce-product-attributes-item__label\" scope=\"row\">Fonction de lecture<\/th>\n<td class=\"woocommerce-product-attributes-item__value\">Lecture\/Pause\/Arr\u00eat\/Retour\/Ralentissement\/Vitesse\/Recul 30 s\/Avance 30 s\/Plein \u00e9cran\/Sauvegarde (<br \/>\nMontage vid\u00e9o)\/\u00c9tape par \u00e9tape\/Zoom num\u00e9rique\/Relecture instantan\u00e9e<\/td>\n<\/tr>\n<tr class=\"woocommerce-product-attributes-item woocommerce-product-attributes-item--attribute_general-alarm\">\n<th class=\"woocommerce-product-attributes-item__label\" scope=\"row\">Alarme g\u00e9n\u00e9rale<\/th>\n<td class=\"woocommerce-product-attributes-item__value\">D\u00e9tection de mouvement\u00a0; Alarme de masque\u00a0; Entr\u00e9e d&rsquo;alarme (IPC)\u00a0; Entr\u00e9e d&rsquo;alarme (NVR)<\/td>\n<\/tr>\n<tr class=\"woocommerce-product-attributes-item woocommerce-product-attributes-item--attribute_exceptions-alarm\">\n<th class=\"woocommerce-product-attributes-item__label\" scope=\"row\">Alarme d&rsquo;exceptions<\/th>\n<td class=\"woocommerce-product-attributes-item__value\">Perte vid\u00e9o\u00a0; R\u00e9seau d\u00e9connect\u00e9\u00a0; Pas de disque\u00a0; Acc\u00e8s ill\u00e9gal\u00a0; Alerte d&rsquo;espace disque\u00a0; Disque plein\u00a0;<br \/>\nErreur de lecture\/\u00e9criture du disque\u00a0; Enregistrement anormal\u00a0; Anomalie d\u00e9tect\u00e9e dans la m\u00e9moire du disque\u00a0; Temp\u00e9rature anormale du disque\u00a0;<br \/>\nException de disque de secours\u00a0; Alarme de tension (IPC)\u00a0; D\u00e9faillance de l&rsquo;horloge temps r\u00e9el\u00a0; Conflit d&rsquo;adresses IP\u00a0; Conflit d&rsquo;adresses MAC<\/td>\n<\/tr>\n<tr class=\"woocommerce-product-attributes-item woocommerce-product-attributes-item--attribute_ai-by-camera\">\n<th class=\"woocommerce-product-attributes-item__label\" scope=\"row\">IA par cam\u00e9ra<\/th>\n<td class=\"woocommerce-product-attributes-item__value\">Fil de d\u00e9clenchement\u00a0; Double fil de d\u00e9clenchement\u00a0; P\u00e9rim\u00e8tre\u00a0; Abandon d&rsquo;objet\u00a0; Objet manquant\u00a0; Course\u00a0; Stationnement\u00a0; Carte thermique<br \/>\n; Fl\u00e2nerie\u00a0; Vid\u00e9o anormale\u00a0; Audio anormal\u00a0; D\u00e9tection en service\u00a0; D\u00e9tection de foule\u00a0;<br \/>\nD\u00e9tection de v\u00e9los \u00e9lectriques\u00a0; Comptage de personnes\u00a0; Lien vers le suivi\u00a0; D\u00e9tection de fum\u00e9e et d&rsquo;incendie\u00a0;<br \/>\nMesure de la temp\u00e9rature ambiante\u00a0; D\u00e9tection des visages\u00a0; Mesure de la temp\u00e9rature corporelle\u00a0; Alarme intelligente\u00a0;<br \/>\nClassification humain\/v\u00e9hicule<\/td>\n<\/tr>\n<tr class=\"woocommerce-product-attributes-item woocommerce-product-attributes-item--attribute_vca-search\">\n<th class=\"woocommerce-product-attributes-item__label\" scope=\"row\">Recherche VCA<\/th>\n<td class=\"woocommerce-product-attributes-item__value\">Carte thermique\u00a0; Recherche d&rsquo;alerte pr\u00e9coce\u00a0; Recherche comportementale\u00a0; R\u00e9cup\u00e9ration thermographique\u00a0; Recherche de service\u00a0;<br \/>\nR\u00e9cup\u00e9ration de v\u00e9lo \u00e9lectrique\u00a0; Recherche de visage<\/td>\n<\/tr>\n<tr class=\"woocommerce-product-attributes-item woocommerce-product-attributes-item--attribute_face-attributes\">\n<th class=\"woocommerce-product-attributes-item__label\" scope=\"row\">Attributs du visage<\/th>\n<td class=\"woocommerce-product-attributes-item__value\">Sexe ; \u00c2ge ; Lunettes ; Masque facial ; Temp\u00e9rature corporelle.<\/td>\n<\/tr>\n<tr class=\"woocommerce-product-attributes-item woocommerce-product-attributes-item--attribute_hdd-capacity\">\n<th class=\"woocommerce-product-attributes-item__label\" scope=\"row\">Capacit\u00e9 du disque dur<\/th>\n<td class=\"woocommerce-product-attributes-item__value\">Jusqu&rsquo;\u00e0 10 To de capacit\u00e9 pour chaque disque dur<\/td>\n<\/tr>\n<tr class=\"woocommerce-product-attributes-item woocommerce-product-attributes-item--attribute_disk-group\">\n<th class=\"woocommerce-product-attributes-item__label\" scope=\"row\">Groupe de disques<\/th>\n<td class=\"woocommerce-product-attributes-item__value\">Groupe de 2 disques<\/td>\n<\/tr>\n<tr class=\"woocommerce-product-attributes-item woocommerce-product-attributes-item--attribute_usb\">\n<th class=\"woocommerce-product-attributes-item__label\" scope=\"row\">USB<\/th>\n<td class=\"woocommerce-product-attributes-item__value\">2\u00d7USB2.0<\/td>\n<\/tr>\n<tr class=\"woocommerce-product-attributes-item woocommerce-product-attributes-item--attribute_hdmi\">\n<th class=\"woocommerce-product-attributes-item__label\" scope=\"row\">HDMI<\/th>\n<td class=\"woocommerce-product-attributes-item__value\">1 \u00d7 HDMI (prend en charge une sortie de r\u00e9solution jusqu&rsquo;\u00e0 4K)<\/td>\n<\/tr>\n<tr class=\"woocommerce-product-attributes-item woocommerce-product-attributes-item--attribute_vga\">\n<th class=\"woocommerce-product-attributes-item__label\" scope=\"row\">VGA<\/th>\n<td class=\"woocommerce-product-attributes-item__value\">1 \u00d7 VGA<\/td>\n<\/tr>\n<tr class=\"woocommerce-product-attributes-item woocommerce-product-attributes-item--attribute_network-interface\">\n<th class=\"woocommerce-product-attributes-item__label\" scope=\"row\">Interface r\u00e9seau<\/th>\n<td class=\"woocommerce-product-attributes-item__value\">1 port Ethernet auto-adaptatif RJ-45, 10\/100\/1000 Mbps<\/td>\n<\/tr>\n<tr class=\"woocommerce-product-attributes-item woocommerce-product-attributes-item--attribute_sata\">\n<th class=\"woocommerce-product-attributes-item__label\" scope=\"row\">SATA<\/th>\n<td class=\"woocommerce-product-attributes-item__value\">2 interfaces SATA<\/td>\n<\/tr>\n<tr class=\"woocommerce-product-attributes-item woocommerce-product-attributes-item--attribute_alarm-io\">\n<th class=\"woocommerce-product-attributes-item__label\" scope=\"row\">E\/S d&rsquo;alarme<\/th>\n<td class=\"woocommerce-product-attributes-item__value\">4 canaux, entr\u00e9es TTL, 3 mA, 3,3 V CC\u00a0; 1 canal, sortie relais, 1 A, 24 V CC<\/td>\n<\/tr>\n<tr class=\"woocommerce-product-attributes-item woocommerce-product-attributes-item--attribute_ui-language\">\n<th class=\"woocommerce-product-attributes-item__label\" scope=\"row\">Langue de l&rsquo;interface utilisateur<\/th>\n<td class=\"woocommerce-product-attributes-item__value\">Chinois simplifi\u00e9\u00a0; chinois traditionnel\u00a0; anglais\u00a0; espagnol\u00a0; cor\u00e9en\u00a0; italien\u00a0; turc\u00a0; russe\u00a0; tha\u00ef\u00a0; fran\u00e7ais\u00a0;<br \/>\npolonais\u00a0; n\u00e9erlandais\u00a0; h\u00e9breu\u00a0; arabe\u00a0; vietnamien\u00a0; allemand\u00a0; ukrainien\u00a0; portugais\u00a0; albanais\u00a0; indon\u00e9sien\u00a0;<br \/>\ngrec<\/td>\n<\/tr>\n<tr class=\"woocommerce-product-attributes-item woocommerce-product-attributes-item--attribute_power-consumption\">\n<th class=\"woocommerce-product-attributes-item__label\" scope=\"row\">Consommation d&rsquo;\u00e9nergie<\/th>\n<td class=\"woocommerce-product-attributes-item__value\">&lt;10 W (disque dur non inclus, au ralenti)<\/td>\n<\/tr>\n<tr class=\"woocommerce-product-attributes-item woocommerce-product-attributes-item--attribute_netweight\">\n<th class=\"woocommerce-product-attributes-item__label\" scope=\"row\">Poids net<\/th>\n<td class=\"woocommerce-product-attributes-item__value\">1,6 kg<\/td>\n<\/tr>\n<tr class=\"woocommerce-product-attributes-item woocommerce-product-attributes-item--attribute_gross-weight\">\n<th class=\"woocommerce-product-attributes-item__label\" scope=\"row\">Poids brut<\/th>\n<td class=\"woocommerce-product-attributes-item__value\">3 kg<\/td>\n<\/tr>\n<tr class=\"woocommerce-product-attributes-item woocommerce-product-attributes-item--attribute_boundary-dimensions\">\n<th class=\"woocommerce-product-attributes-item__label\" scope=\"row\">Dimensions des limites<\/th>\n<td class=\"woocommerce-product-attributes-item__value\">341(L)273(l)47(H)mm<\/td>\n<\/tr>\n<tr class=\"woocommerce-product-attributes-item woocommerce-product-attributes-item--attribute_package-dimensions\">\n<th class=\"woocommerce-product-attributes-item__label\" scope=\"row\">Dimensions du colis<\/th>\n<td class=\"woocommerce-product-attributes-item__value\">415(L)140(l)375(H)mm<\/td>\n<\/tr>\n<tr class=\"woocommerce-product-attributes-item woocommerce-product-attributes-item--attribute_operating-temperature\">\n<th class=\"woocommerce-product-attributes-item__label\" scope=\"row\">Temp\u00e9rature de fonctionnement<\/th>\n<td class=\"woocommerce-product-attributes-item__value\">-10\u2103~+55\u2103 (+14\u2109~+131\u2109)<\/td>\n<\/tr>\n<tr class=\"woocommerce-product-attributes-item woocommerce-product-attributes-item--attribute_operating-humidity\">\n<th class=\"woocommerce-product-attributes-item__label\" scope=\"row\">Humidit\u00e9 de fonctionnement<\/th>\n<td class=\"woocommerce-product-attributes-item__value\">10%~90% HR (sans condensation)<\/td>\n<\/tr>\n<tr class=\"woocommerce-product-attributes-item woocommerce-product-attributes-item--attribute_storage-temperature\">\n<th class=\"woocommerce-product-attributes-item__label\" scope=\"row\">Temp\u00e9rature de stockage<\/th>\n<td class=\"woocommerce-product-attributes-item__value\">-20\u2103~+60\u2103 (-4\u2109~+140\u2109)<\/td>\n<\/tr>\n<tr class=\"woocommerce-product-attributes-item woocommerce-product-attributes-item--attribute_package-kit\">\n<th class=\"woocommerce-product-attributes-item__label\" scope=\"row\">Kit d&#8217;emballage<\/th>\n<td class=\"woocommerce-product-attributes-item__value\">Enregistreur vid\u00e9o r\u00e9seau \u00d7 1\u00a0; Jeu de vis \u00d7 1\u00a0; Souris \u00d7 1\u00a0; Adaptateur secteur (CC 12\u00a0V 3,33\u00a0A) \u00d7 1\u00a0;<br \/>\nCordon d&rsquo;alimentation standard europ\u00e9en \u00d7 1\u00a0; Instructions \u00d7 1\u00a0; Liste des pi\u00e8ces \u00d7 1<\/td>\n<\/tr>\n<\/tbody>\n<\/table>\n","protected":false},"excerpt":{"rendered":"<ul>\n<li>Acc\u00e8s cam\u00e9ra IP jusqu&rsquo;\u00e0 32 canaux<\/li>\n<li>Bande passante entrante\/sortante : 160 Mbps\/48 Mbps<\/li>\n<li>Formats vid\u00e9o S+265, H.265, S+264, H.264<\/li>\n<li>Capacit\u00e9 de d\u00e9codage maximale\u00a0: 8\u00a0MP (30\u00a0ips) \u00d7\u00a02 ou 1\u00a0080\u00a0P (30\u00a0ips) \u00d7\u00a08<\/li>\n<li>Lecture synchrone 16 canaux<\/li>\n<li>Jusqu&rsquo;\u00e0 10 To de capacit\u00e9 pour chaque disque dur<\/li>\n<li>Sorties HDMI et VGA simultan\u00e9es<\/li>\n<li>Sortie HDMI jusqu&rsquo;\u00e0 une r\u00e9solution de 4K<\/li>\n<li>1 port Ethernet auto-adaptatif RJ-45, 10\/100\/1000 Mbps<\/li>\n<li>La compression S+ 265 r\u00e9duit efficacement l&rsquo;espace de stockage jusqu&rsquo;\u00e0 75 %<\/li>\n<li>Prise en charge de la mise \u00e0 niveau vers le cloud<\/li>\n<\/ul>\n","protected":false},"featured_media":14947,"comment_status":"open","ping_status":"closed","template":"","meta":[],"product_cat":[238,236],"product_tag":[261],"class_list":{"0":"post-14946","1":"product","2":"type-product","3":"status-publish","4":"has-post-thumbnail","6":"product_cat-securite-surveillance","7":"product_cat-video-surveillance","8":"product_tag-network-video-recorder-nvr","9":"product_brand-tiandy","11":"first","12":"instock","13":"taxable","14":"shipping-taxable","15":"product-type-simple"},"_links":{"self":[{"href":"https:\/\/www.safer-security.net\/index.php?rest_route=\/wp\/v2\/product\/14946","targetHints":{"allow":["GET"]}}],"collection":[{"href":"https:\/\/www.safer-security.net\/index.php?rest_route=\/wp\/v2\/product"}],"about":[{"href":"https:\/\/www.safer-security.net\/index.php?rest_route=\/wp\/v2\/types\/product"}],"replies":[{"embeddable":true,"href":"https:\/\/www.safer-security.net\/index.php?rest_route=%2Fwp%2Fv2%2Fcomments&post=14946"}],"version-history":[{"count":3,"href":"https:\/\/www.safer-security.net\/index.php?rest_route=\/wp\/v2\/product\/14946\/revisions"}],"predecessor-version":[{"id":15074,"href":"https:\/\/www.safer-security.net\/index.php?rest_route=\/wp\/v2\/product\/14946\/revisions\/15074"}],"wp:featuredmedia":[{"embeddable":true,"href":"https:\/\/www.safer-security.net\/index.php?rest_route=\/wp\/v2\/media\/14947"}],"wp:attachment":[{"href":"https:\/\/www.safer-security.net\/index.php?rest_route=%2Fwp%2Fv2%2Fmedia&parent=14946"}],"wp:term":[{"taxonomy":"product_cat","embeddable":true,"href":"https:\/\/www.safer-security.net\/index.php?rest_route=%2Fwp%2Fv2%2Fproduct_cat&post=14946"},{"taxonomy":"product_tag","embeddable":true,"href":"https:\/\/www.safer-security.net\/index.php?rest_route=%2Fwp%2Fv2%2Fproduct_tag&post=14946"}],"curies":[{"name":"wp","href":"https:\/\/api.w.org\/{rel}","templated":true}]}}