{"id":14951,"date":"2025-05-30T16:11:37","date_gmt":"2025-05-30T14:11:37","guid":{"rendered":"https:\/\/www.safer-security.net\/?post_type=product&#038;p=14951"},"modified":"2025-10-21T15:46:20","modified_gmt":"2025-10-21T13:46:20","slug":"tc-r3440-nvr-raid-40-canaux-avec-4-disques-durs","status":"publish","type":"product","link":"https:\/\/www.safer-security.net\/?product=tc-r3440-nvr-raid-40-canaux-avec-4-disques-durs","title":{"rendered":"TIANDY | NVR 40CH IP 16MP 4 HDD UP TO 10TB 400MBPS\/400MBPS"},"content":{"rendered":"<h1>Fiche Technique &#8211; NVR RAID 40 Canaux<\/h1>\n<table>\n<tbody>\n<tr>\n<td width=\"288\">Caract\u00e9ristique<\/td>\n<td width=\"288\">D\u00e9tail<\/td>\n<\/tr>\n<tr>\n<td width=\"288\">Type de NVR<\/td>\n<td width=\"288\">NVR RAID 40 canaux avec 4 disques durs<\/td>\n<\/tr>\n<tr>\n<td width=\"288\">Entr\u00e9e vid\u00e9o<\/td>\n<td width=\"288\">40 canaux<\/td>\n<\/tr>\n<tr>\n<td width=\"288\">R\u00e9solution d&rsquo;enregistrement maximale<\/td>\n<td width=\"288\">12MP<\/td>\n<\/tr>\n<tr>\n<td width=\"288\">R\u00e9solution de sortie HDMI\/VGA<\/td>\n<td width=\"288\">HDMI (3840 \u00d7 2160), VGA (1920 \u00d7 1080)<\/td>\n<\/tr>\n<tr>\n<td width=\"288\">Entr\u00e9e audio bidirectionnelle<\/td>\n<td width=\"288\">1 canal, 3,5 mm<\/td>\n<\/tr>\n<tr>\n<td width=\"288\">Bande passante<\/td>\n<td width=\"288\">Revenu 320 Mbps ; Sortant 320 Mbps<\/td>\n<\/tr>\n<tr>\n<td width=\"288\">Format de d\u00e9codage<\/td>\n<td width=\"288\">S+H.265 \/ H.265 \/ H.264<\/td>\n<\/tr>\n<tr>\n<td width=\"288\">Capacit\u00e9<\/td>\n<td width=\"288\">Jusqu&rsquo;\u00e0 10 To pour chaque disque dur<\/td>\n<\/tr>\n<tr>\n<td width=\"288\">Disque dur<\/td>\n<td width=\"288\">4 disques durs<\/td>\n<\/tr>\n<tr>\n<td width=\"288\">RAID<\/td>\n<td width=\"288\">Oui (JBOD, RAID0\/1\/5\/6\/10)<\/td>\n<\/tr>\n<tr>\n<td width=\"288\">Ch\u00e2ssis<\/td>\n<td width=\"288\">1,5U<\/td>\n<\/tr>\n<tr>\n<td width=\"288\">Interface USB<\/td>\n<td width=\"288\">1 x USB 2.0, 1 x USB 3.0<\/td>\n<\/tr>\n<tr>\n<td width=\"288\">Compatibilit\u00e9 du syst\u00e8me<\/td>\n<td width=\"288\">ONVIF (PROFIL S\/T\/G), SDK, P2P<\/td>\n<\/tr>\n<tr>\n<td width=\"288\">Interface r\u00e9seau<\/td>\n<td width=\"288\">2 x RJ45 auto-adaptatifs 10\/100\/1000 Mbps<\/td>\n<\/tr>\n<tr>\n<td width=\"288\">Application mobile<\/td>\n<td width=\"288\">Application EasyLive pour Android et iOS<\/td>\n<\/tr>\n<tr>\n<td width=\"288\">Syst\u00e8me de gestion vid\u00e9o (VMS)<\/td>\n<td width=\"288\">Client intelligent Tiandy Easy7<\/td>\n<\/tr>\n<tr>\n<td width=\"288\">Temp\u00e9rature de fonctionnement<\/td>\n<td width=\"288\">-10\u2103\uff5e55\u2103<\/td>\n<\/tr>\n<\/tbody>\n<\/table>\n<p>&nbsp;<\/p>\n","protected":false},"excerpt":{"rendered":"<p>CARACT\u00c9RISTIQUES PRINCIPALES<br \/>\nEntr\u00e9e HD<br \/>\n\u2022 Formats vid\u00e9o S+265\/H.265\/H.264<br \/>\n\u2022 Connectable aux cam\u00e9ras r\u00e9seau tierces<br \/>\n\u2022 Prise en charge de la vue en direct, du stockage et de la lecture de la<br \/>\ncam\u00e9ra connect\u00e9e jusqu&rsquo;\u00e0 une r\u00e9solution de 12\u00a0MP<br \/>\nSortie HD<br \/>\n\u2022 1\u00a0sortie HDMI et 1\u00a0sortie VGA simultan\u00e9es<br \/>\n\u2022 Sortie vid\u00e9o HDMI jusqu&rsquo;\u00e0 une r\u00e9solution de 4\u00a0K<br \/>\nStockage HD<br \/>\n\u2022 4 interfaces SATA, jusqu&rsquo;\u00e0 10\u00a0To pour 1 disque dur<br \/>\n\u2022 La compression S+265 r\u00e9duit efficacement l&rsquo;espace<br \/>\nde stockage et les co\u00fbts jusqu&rsquo;\u00e0 75\u00a0%<br \/>\nTransmission HD<br \/>\n\u2022 2\u00a0interfaces r\u00e9seau RJ45 auto-adaptatives 10\/100\/1000\u00a0Mbps<br \/>\nDiverses applications<br \/>\n\u2022 Gestion centralis\u00e9e des cam\u00e9ras IP, y compris la<br \/>\nconfiguration, l&rsquo;importation\/exportation d&rsquo;informations, l&rsquo;affichage<br \/>\nd&rsquo;informations en temps r\u00e9el, la mise \u00e0 niveau, etc.<br \/>\n\u2022 Connectable aux cam\u00e9ras IP intelligentes de Tiandy et l&rsquo;enregistrement, la<br \/>\nlecture et la sauvegarde des alarmes VCA peuvent \u00eatre r\u00e9alis\u00e9<br \/>\n\u2022 L&rsquo;alarme de d\u00e9tection VCA est prise en charge<br \/>\n\u2022 Web6 prend en charge la navigation sans plug-in et peut pr\u00e9visualiser<br \/>\ndes vid\u00e9os sur tous les navigateurs<br \/>\n\u2022 Prise en charge de la mise \u00e0 niveau vers le cloud<\/p>\n","protected":false},"featured_media":14952,"comment_status":"open","ping_status":"closed","template":"","meta":[],"product_cat":[238,236],"product_tag":[261],"class_list":{"0":"post-14951","1":"product","2":"type-product","3":"status-publish","4":"has-post-thumbnail","6":"product_cat-securite-surveillance","7":"product_cat-video-surveillance","8":"product_tag-network-video-recorder-nvr","9":"product_brand-tiandy","11":"first","12":"instock","13":"taxable","14":"shipping-taxable","15":"product-type-simple"},"_links":{"self":[{"href":"https:\/\/www.safer-security.net\/index.php?rest_route=\/wp\/v2\/product\/14951","targetHints":{"allow":["GET"]}}],"collection":[{"href":"https:\/\/www.safer-security.net\/index.php?rest_route=\/wp\/v2\/product"}],"about":[{"href":"https:\/\/www.safer-security.net\/index.php?rest_route=\/wp\/v2\/types\/product"}],"replies":[{"embeddable":true,"href":"https:\/\/www.safer-security.net\/index.php?rest_route=%2Fwp%2Fv2%2Fcomments&post=14951"}],"version-history":[{"count":3,"href":"https:\/\/www.safer-security.net\/index.php?rest_route=\/wp\/v2\/product\/14951\/revisions"}],"predecessor-version":[{"id":15073,"href":"https:\/\/www.safer-security.net\/index.php?rest_route=\/wp\/v2\/product\/14951\/revisions\/15073"}],"wp:featuredmedia":[{"embeddable":true,"href":"https:\/\/www.safer-security.net\/index.php?rest_route=\/wp\/v2\/media\/14952"}],"wp:attachment":[{"href":"https:\/\/www.safer-security.net\/index.php?rest_route=%2Fwp%2Fv2%2Fmedia&parent=14951"}],"wp:term":[{"taxonomy":"product_cat","embeddable":true,"href":"https:\/\/www.safer-security.net\/index.php?rest_route=%2Fwp%2Fv2%2Fproduct_cat&post=14951"},{"taxonomy":"product_tag","embeddable":true,"href":"https:\/\/www.safer-security.net\/index.php?rest_route=%2Fwp%2Fv2%2Fproduct_tag&post=14951"}],"curies":[{"name":"wp","href":"https:\/\/api.w.org\/{rel}","templated":true}]}}